{"id":4922,"date":"2022-09-05T09:03:09","date_gmt":"2022-09-05T09:03:09","guid":{"rendered":"https:\/\/www.fotocasa.es\/proyecto-vivienda\/?page_id=4922"},"modified":"2026-02-17T08:29:33","modified_gmt":"2026-02-17T08:29:33","slug":"politica-privacidad","status":"publish","type":"page","link":"https:\/\/www.fotocasa.es\/proyecto-vivienda\/politica-privacidad\/","title":{"rendered":"Pol\u00edtica de Privacidad"},"content":{"rendered":"\t\t<div data-elementor-type=\"wp-page\" data-elementor-id=\"4922\" class=\"elementor elementor-4922\" data-elementor-post-type=\"page\">\n\t\t\t\t<div class=\"elementor-element elementor-element-d1cbd64 promo-vaciada e-flex e-con-boxed e-con e-parent\" data-id=\"d1cbd64\" data-element_type=\"container\" data-e-type=\"container\" data-settings=\"{&quot;background_background&quot;:&quot;classic&quot;,&quot;animation&quot;:&quot;none&quot;,&quot;animation_mobile&quot;:&quot;none&quot;}\">\n\t\t\t\t\t<div class=\"e-con-inner\">\n\t\t<div class=\"elementor-element elementor-element-92f32d9 e-con-full animated-slow e-flex e-con e-child\" data-id=\"92f32d9\" data-element_type=\"container\" data-e-type=\"container\" data-settings=\"{&quot;animation&quot;:&quot;none&quot;}\">\n\t\t\t\t<div class=\"elementor-element elementor-element-49ba0a7 elementor-widget elementor-widget-heading\" data-id=\"49ba0a7\" data-element_type=\"widget\" data-e-type=\"widget\" data-widget_type=\"heading.default\">\n\t\t\t\t<div class=\"elementor-widget-container\">\n\t\t\t\t\t<h2 class=\"elementor-heading-title elementor-size-default\">Pol\u00edtica de Protecci\u00f3n de Datos<\/h2>\t\t\t\t<\/div>\n\t\t\t\t<\/div>\n\t\t\t\t<div class=\"elementor-element elementor-element-0416720 elementor-widget elementor-widget-text-editor\" data-id=\"0416720\" data-element_type=\"widget\" data-e-type=\"widget\" data-widget_type=\"text-editor.default\">\n\t\t\t\t<div class=\"elementor-widget-container\">\n\t\t\t\t\t\t\t\t\t<p><strong>1. RESPONSABLE<\/strong><\/p><p>\u00bfQui\u00e9n es el Responsable del tratamiento de tus datos?<\/p><p>Identidad: ADEVINTA SPAIN, S.L.U. \u00a0(en adelante, Fotocasa)<\/p><p>Direcci\u00f3n postal: Calle Hernani 59, 28020, Madrid<\/p><p>Tel\u00e9fono: 93 576 55 00<\/p><p>Contacto: Env\u00edanos tu consulta Contacto Delegado Protecci\u00f3n de Datos: <a class=\"c-link\" href=\"mailto:privacidad.fotocasa@fotocasa.es\" target=\"_blank\" rel=\"noopener noreferrer\" data-stringify-link=\"mailto:privacidad.fotocasa@fotocasa.es\" data-sk=\"tooltip_parent\" aria-haspopup=\"menu\" aria-describedby=\"sk-tooltip-53800\">privacidad.fotocasa@fotocasa.es<\/a><\/p><p><strong>2. FINALIDADES<\/strong><\/p><p>\u00bfCon qu\u00e9 finalidad tratamos tus datos personales?<\/p><p>La finalidad del tratamiento de los datos es tramitar tu participaci\u00f3n en el sorteo de Fotocasa organizado por Fotocasa, enviarte comunicaciones electr\u00f3nicas relacionadas con dicha participaci\u00f3n y, en su caso, proceder a la entrega del premio, con las retenciones fiscales que resultasen procedentes, as\u00ed como publicar el nombre, imagen del ganador en medios digitales y en los portales web titularidad de Fotocasa.<\/p><p><strong>3. LEGITIMACI\u00d3N<\/strong><\/p><p>\u00bfCu\u00e1l es la legitimaci\u00f3n para el tratamiento de tus datos?<\/p><p>La base legal correspondiente a las finalidades indicadas en el apartado anterior radica en tu consentimiento.<\/p><p>En caso de que para la comprobaci\u00f3n datos se requiera el tratamiento de datos de menores de edad, se solicitar\u00e1 el consentimiento de sus padres\/madres\/tutores legales, en cumplimiento de las obligaciones legales existentes.<\/p><p><strong>4. PLAZO DE CONSERVACI\u00d3N DE LOS DATOS<\/strong><\/p><p>\u00bfPor cu\u00e1nto tiempo conservaremos tus datos?<\/p><p>Los datos se conservar\u00e1n hasta la efectiva finalizaci\u00f3n del sorteo, y en todo caso, hasta el completo cumplimiento de nuestras obligaciones legales y tributarias, transcurrido este periodo los datos ser\u00e1n eliminados.<\/p><p><strong>5. DESTINATARIOS<\/strong><\/p><p>\u00bfA qu\u00e9 destinatarios se comunicar\u00e1n tus datos?<\/p><p>Tus datos personales ser\u00e1n comunicados a terceros en los siguientes supuestos: Tus datos podr\u00e1n ser accedidos por aquellos proveedores que prestan servicios a Fotocasa, tales como servicios de alojamiento de contenido, de mensajer\u00eda instant\u00e1nea, de env\u00edo de notificaciones, servicios publicitarios, etc.<\/p><p>Fotocasa ha suscrito los correspondientes contratos de encargo de tratamiento con cada uno de los proveedores que prestan servicios Fotocasa con el objetivo de garantizar que dichos proveedores tratar\u00e1n tus datos de conformidad con lo establecido en la legislaci\u00f3n vigente.<\/p><p>Tus datos podr\u00e1n compartirse con aquellos terceros que resulte necesario para la organizaci\u00f3n y gesti\u00f3n del sorteo, as\u00ed como terceras entidades contratadas para la gesti\u00f3n del premio, AEAT, as\u00ed como con autoridades administrativas y judiciales en cumplimiento de obligaciones legales.<\/p><p><strong>6. DERECHOS<\/strong><\/p><p><em>\u00bfCu\u00e1les son tus derechos cuando nos facilitas tus datos y c\u00f3mo puedes ejercerlos?<\/em><\/p><p>Tienes derecho a obtener confirmaci\u00f3n sobre si en Fotocasa estamos tratando datos personales que te conciernan, o no. Asimismo, tienes derecho a acceder a tus datos personales, as\u00ed como a solicitar la rectificaci\u00f3n de los datos inexactos o, en su caso, solicitar su supresi\u00f3n cuando, entre otros motivos, los datos ya no sean necesarios para los fines que fueron recogidos.<\/p><p>En determinadas circunstancias, podr\u00e1s solicitar la limitaci\u00f3n del tratamiento de tus datos, en cuyo caso \u00fanicamente los conservaremos para el ejercicio o la defensa de reclamaciones. En determinadas circunstancias y por motivos relacionados con tu situaci\u00f3n particular, podr\u00e1s oponerte al tratamiento de tus datos. Fotocasa dejar\u00e1 de tratar los datos, salvo por motivos leg\u00edtimos imperiosos, o el ejercicio o la defensa de posibles reclamaciones. Asimismo, puedes ejercer el derecho a la portabilidad de los datos, as\u00ed como retirar los consentimientos facilitados en cualquier momento, sin que ello afecte a la licitud del tratamiento basado en el consentimiento previo a su retirada.<\/p><p>Si deseas hacer uso de cualquiera de tus derechos puedes dirigirte a nosotros a trav\u00e9s de privacy.fotocasa@fotocasa.es. Alternativamente, tambi\u00e9n puedes dirigirte a nosotros mediante correo postal en la siguiente direcci\u00f3n: Fotocasa, en C\/ Hernani, 59, 1\u00aa planta, 28020 Madrid, Espa\u00f1a. Dirigido a Atenci\u00f3n al Usuario e indicando en el sobre \u201cProtecci\u00f3n de Datos\u201d. Recuerda facilitar la mayor informaci\u00f3n posible sobre tu solicitud: Nombre y apellidos, direcci\u00f3n de correo electr\u00f3nico que utilizas para la cuenta o portal objeto de tu solicitud.<\/p><p>Por \u00faltimo, indicar que puedes dirigirte ante la Agencia Espa\u00f1ola de Protecci\u00f3n de Datos y dem\u00e1s organismos p\u00fablicos competentes para cualquier reclamaci\u00f3n derivada del tratamiento de sus datos personales.<\/p>\t\t\t\t\t\t\t\t<\/div>\n\t\t\t\t<\/div>\n\t\t\t\t<\/div>\n\t\t\t\t\t<\/div>\n\t\t\t\t<\/div>\n\t\t\t\t<\/div>\n\t\t","protected":false},"excerpt":{"rendered":"<p>Pol\u00edtica de Protecci\u00f3n de Datos 1. RESPONSABLE \u00bfQui\u00e9n es el Responsable del tratamiento de tus datos? Identidad: ADEVINTA SPAIN, S.L.U. \u00a0(en adelante, Fotocasa) Direcci\u00f3n postal: Calle Hernani 59, 28020, Madrid Tel\u00e9fono: 93 576 55 00 Contacto: Env\u00edanos tu consulta Contacto Delegado Protecci\u00f3n de Datos: privacidad.fotocasa@fotocasa.es 2. FINALIDADES \u00bfCon qu\u00e9 finalidad tratamos tus datos personales? La [&hellip;]<\/p>\n","protected":false},"author":4,"featured_media":0,"parent":0,"menu_order":0,"comment_status":"closed","ping_status":"closed","template":"","meta":{"footnotes":""},"class_list":["post-4922","page","type-page","status-publish","hentry"],"yoast_head":"<!-- This site is optimized with the Yoast SEO plugin v27.5 - https:\/\/yoast.com\/product\/yoast-seo-wordpress\/ -->\n<title>Pol\u00edtica de Privacidad - Fotocasa: Proyecto Vivienda<\/title>\n<meta name=\"robots\" content=\"index, follow, max-snippet:-1, max-image-preview:large, max-video-preview:-1\" \/>\n<link rel=\"canonical\" href=\"https:\/\/www.fotocasa.es\/proyecto-vivienda\/politica-privacidad\/\" \/>\n<meta property=\"og:locale\" content=\"es_ES\" \/>\n<meta property=\"og:type\" content=\"article\" \/>\n<meta property=\"og:title\" content=\"Pol\u00edtica de Privacidad - Fotocasa: Proyecto Vivienda\" \/>\n<meta property=\"og:description\" content=\"Pol\u00edtica de Protecci\u00f3n de Datos 1. RESPONSABLE \u00bfQui\u00e9n es el Responsable del tratamiento de tus datos? Identidad: ADEVINTA SPAIN, S.L.U. \u00a0(en adelante, Fotocasa) Direcci\u00f3n postal: Calle Hernani 59, 28020, Madrid Tel\u00e9fono: 93 576 55 00 Contacto: Env\u00edanos tu consulta Contacto Delegado Protecci\u00f3n de Datos: privacidad.fotocasa@fotocasa.es 2. FINALIDADES \u00bfCon qu\u00e9 finalidad tratamos tus datos personales? La [&hellip;]\" \/>\n<meta property=\"og:url\" content=\"https:\/\/www.fotocasa.es\/proyecto-vivienda\/politica-privacidad\/\" \/>\n<meta property=\"og:site_name\" content=\"Fotocasa: Proyecto Vivienda\" \/>\n<meta property=\"article:modified_time\" content=\"2026-02-17T08:29:33+00:00\" \/>\n<meta name=\"twitter:card\" content=\"summary_large_image\" \/>\n<meta name=\"twitter:label1\" content=\"Tiempo de lectura\" \/>\n\t<meta name=\"twitter:data1\" content=\"3 minutos\" \/>\n<script type=\"application\/ld+json\" class=\"yoast-schema-graph\">{\"@context\":\"https:\\\/\\\/schema.org\",\"@graph\":[{\"@type\":\"WebPage\",\"@id\":\"https:\\\/\\\/www.fotocasa.es\\\/proyecto-vivienda\\\/politica-privacidad\\\/\",\"url\":\"https:\\\/\\\/www.fotocasa.es\\\/proyecto-vivienda\\\/politica-privacidad\\\/\",\"name\":\"Pol\u00edtica de Privacidad - Fotocasa: Proyecto Vivienda\",\"isPartOf\":{\"@id\":\"https:\\\/\\\/www.fotocasa.es\\\/proyecto-vivienda\\\/#website\"},\"datePublished\":\"2022-09-05T09:03:09+00:00\",\"dateModified\":\"2026-02-17T08:29:33+00:00\",\"breadcrumb\":{\"@id\":\"https:\\\/\\\/www.fotocasa.es\\\/proyecto-vivienda\\\/politica-privacidad\\\/#breadcrumb\"},\"inLanguage\":\"es\",\"potentialAction\":[{\"@type\":\"ReadAction\",\"target\":[\"https:\\\/\\\/www.fotocasa.es\\\/proyecto-vivienda\\\/politica-privacidad\\\/\"]}]},{\"@type\":\"BreadcrumbList\",\"@id\":\"https:\\\/\\\/www.fotocasa.es\\\/proyecto-vivienda\\\/politica-privacidad\\\/#breadcrumb\",\"itemListElement\":[{\"@type\":\"ListItem\",\"position\":1,\"name\":\"Home\",\"item\":\"https:\\\/\\\/www.fotocasa.es\\\/proyecto-vivienda\\\/\"},{\"@type\":\"ListItem\",\"position\":2,\"name\":\"Pol\u00edtica de Privacidad\"}]},{\"@type\":\"WebSite\",\"@id\":\"https:\\\/\\\/www.fotocasa.es\\\/proyecto-vivienda\\\/#website\",\"url\":\"https:\\\/\\\/www.fotocasa.es\\\/proyecto-vivienda\\\/\",\"name\":\"Fotocasa: Proyecto Vivienda\",\"description\":\"Una iniciativa para ayudar a los j\u00f3venes y otros colectivos con ayudas, herramientas e informaci\u00f3n para ayudar a acceder a la vivienda a quien m\u00e1s lo necesita.\",\"publisher\":{\"@id\":\"https:\\\/\\\/www.fotocasa.es\\\/proyecto-vivienda\\\/#organization\"},\"potentialAction\":[{\"@type\":\"SearchAction\",\"target\":{\"@type\":\"EntryPoint\",\"urlTemplate\":\"https:\\\/\\\/www.fotocasa.es\\\/proyecto-vivienda\\\/?s={search_term_string}\"},\"query-input\":{\"@type\":\"PropertyValueSpecification\",\"valueRequired\":true,\"valueName\":\"search_term_string\"}}],\"inLanguage\":\"es\"},{\"@type\":\"Organization\",\"@id\":\"https:\\\/\\\/www.fotocasa.es\\\/proyecto-vivienda\\\/#organization\",\"name\":\"Fotocasa: Proyecto Vivienda\",\"url\":\"https:\\\/\\\/www.fotocasa.es\\\/proyecto-vivienda\\\/\",\"logo\":{\"@type\":\"ImageObject\",\"inLanguage\":\"es\",\"@id\":\"https:\\\/\\\/www.fotocasa.es\\\/proyecto-vivienda\\\/#\\\/schema\\\/logo\\\/image\\\/\",\"url\":\"https:\\\/\\\/www.fotocasa.es\\\/proyecto-vivienda\\\/wp-content\\\/uploads\\\/2022\\\/07\\\/logo-baja-1.png\",\"contentUrl\":\"https:\\\/\\\/www.fotocasa.es\\\/proyecto-vivienda\\\/wp-content\\\/uploads\\\/2022\\\/07\\\/logo-baja-1.png\",\"width\":500,\"height\":250,\"caption\":\"Fotocasa: Proyecto Vivienda\"},\"image\":{\"@id\":\"https:\\\/\\\/www.fotocasa.es\\\/proyecto-vivienda\\\/#\\\/schema\\\/logo\\\/image\\\/\"}}]}<\/script>\n<!-- \/ Yoast SEO plugin. -->","yoast_head_json":{"title":"Pol\u00edtica de Privacidad - Fotocasa: Proyecto Vivienda","robots":{"index":"index","follow":"follow","max-snippet":"max-snippet:-1","max-image-preview":"max-image-preview:large","max-video-preview":"max-video-preview:-1"},"canonical":"https:\/\/www.fotocasa.es\/proyecto-vivienda\/politica-privacidad\/","og_locale":"es_ES","og_type":"article","og_title":"Pol\u00edtica de Privacidad - Fotocasa: Proyecto Vivienda","og_description":"Pol\u00edtica de Protecci\u00f3n de Datos 1. RESPONSABLE \u00bfQui\u00e9n es el Responsable del tratamiento de tus datos? Identidad: ADEVINTA SPAIN, S.L.U. \u00a0(en adelante, Fotocasa) Direcci\u00f3n postal: Calle Hernani 59, 28020, Madrid Tel\u00e9fono: 93 576 55 00 Contacto: Env\u00edanos tu consulta Contacto Delegado Protecci\u00f3n de Datos: privacidad.fotocasa@fotocasa.es 2. FINALIDADES \u00bfCon qu\u00e9 finalidad tratamos tus datos personales? La [&hellip;]","og_url":"https:\/\/www.fotocasa.es\/proyecto-vivienda\/politica-privacidad\/","og_site_name":"Fotocasa: Proyecto Vivienda","article_modified_time":"2026-02-17T08:29:33+00:00","twitter_card":"summary_large_image","twitter_misc":{"Tiempo de lectura":"3 minutos"},"schema":{"@context":"https:\/\/schema.org","@graph":[{"@type":"WebPage","@id":"https:\/\/www.fotocasa.es\/proyecto-vivienda\/politica-privacidad\/","url":"https:\/\/www.fotocasa.es\/proyecto-vivienda\/politica-privacidad\/","name":"Pol\u00edtica de Privacidad - Fotocasa: Proyecto Vivienda","isPartOf":{"@id":"https:\/\/www.fotocasa.es\/proyecto-vivienda\/#website"},"datePublished":"2022-09-05T09:03:09+00:00","dateModified":"2026-02-17T08:29:33+00:00","breadcrumb":{"@id":"https:\/\/www.fotocasa.es\/proyecto-vivienda\/politica-privacidad\/#breadcrumb"},"inLanguage":"es","potentialAction":[{"@type":"ReadAction","target":["https:\/\/www.fotocasa.es\/proyecto-vivienda\/politica-privacidad\/"]}]},{"@type":"BreadcrumbList","@id":"https:\/\/www.fotocasa.es\/proyecto-vivienda\/politica-privacidad\/#breadcrumb","itemListElement":[{"@type":"ListItem","position":1,"name":"Home","item":"https:\/\/www.fotocasa.es\/proyecto-vivienda\/"},{"@type":"ListItem","position":2,"name":"Pol\u00edtica de Privacidad"}]},{"@type":"WebSite","@id":"https:\/\/www.fotocasa.es\/proyecto-vivienda\/#website","url":"https:\/\/www.fotocasa.es\/proyecto-vivienda\/","name":"Fotocasa: Proyecto Vivienda","description":"Una iniciativa para ayudar a los j\u00f3venes y otros colectivos con ayudas, herramientas e informaci\u00f3n para ayudar a acceder a la vivienda a quien m\u00e1s lo necesita.","publisher":{"@id":"https:\/\/www.fotocasa.es\/proyecto-vivienda\/#organization"},"potentialAction":[{"@type":"SearchAction","target":{"@type":"EntryPoint","urlTemplate":"https:\/\/www.fotocasa.es\/proyecto-vivienda\/?s={search_term_string}"},"query-input":{"@type":"PropertyValueSpecification","valueRequired":true,"valueName":"search_term_string"}}],"inLanguage":"es"},{"@type":"Organization","@id":"https:\/\/www.fotocasa.es\/proyecto-vivienda\/#organization","name":"Fotocasa: Proyecto Vivienda","url":"https:\/\/www.fotocasa.es\/proyecto-vivienda\/","logo":{"@type":"ImageObject","inLanguage":"es","@id":"https:\/\/www.fotocasa.es\/proyecto-vivienda\/#\/schema\/logo\/image\/","url":"https:\/\/www.fotocasa.es\/proyecto-vivienda\/wp-content\/uploads\/2022\/07\/logo-baja-1.png","contentUrl":"https:\/\/www.fotocasa.es\/proyecto-vivienda\/wp-content\/uploads\/2022\/07\/logo-baja-1.png","width":500,"height":250,"caption":"Fotocasa: Proyecto Vivienda"},"image":{"@id":"https:\/\/www.fotocasa.es\/proyecto-vivienda\/#\/schema\/logo\/image\/"}}]}},"_links":{"self":[{"href":"https:\/\/www.fotocasa.es\/proyecto-vivienda\/wp-json\/wp\/v2\/pages\/4922","targetHints":{"allow":["GET"]}}],"collection":[{"href":"https:\/\/www.fotocasa.es\/proyecto-vivienda\/wp-json\/wp\/v2\/pages"}],"about":[{"href":"https:\/\/www.fotocasa.es\/proyecto-vivienda\/wp-json\/wp\/v2\/types\/page"}],"author":[{"embeddable":true,"href":"https:\/\/www.fotocasa.es\/proyecto-vivienda\/wp-json\/wp\/v2\/users\/4"}],"replies":[{"embeddable":true,"href":"https:\/\/www.fotocasa.es\/proyecto-vivienda\/wp-json\/wp\/v2\/comments?post=4922"}],"version-history":[{"count":0,"href":"https:\/\/www.fotocasa.es\/proyecto-vivienda\/wp-json\/wp\/v2\/pages\/4922\/revisions"}],"wp:attachment":[{"href":"https:\/\/www.fotocasa.es\/proyecto-vivienda\/wp-json\/wp\/v2\/media?parent=4922"}],"curies":[{"name":"wp","href":"https:\/\/api.w.org\/{rel}","templated":true}]}}