{"id":4870,"date":"2022-09-05T06:51:09","date_gmt":"2022-09-05T06:51:09","guid":{"rendered":"https:\/\/www.fotocasa.es\/proyecto-vivienda\/?page_id=4870"},"modified":"2022-09-05T11:00:36","modified_gmt":"2022-09-05T11:00:36","slug":"condiciones-legales","status":"publish","type":"page","link":"https:\/\/www.fotocasa.es\/proyecto-vivienda\/condiciones-legales\/","title":{"rendered":"Condiciones Legales"},"content":{"rendered":"\t\t<div data-elementor-type=\"wp-page\" data-elementor-id=\"4870\" class=\"elementor elementor-4870\" data-elementor-post-type=\"page\">\n\t\t\t\t<div class=\"elementor-element elementor-element-d1cbd64 promo-vaciada e-flex e-con-boxed e-con e-parent\" data-id=\"d1cbd64\" data-element_type=\"container\" data-e-type=\"container\" data-settings=\"{&quot;background_background&quot;:&quot;classic&quot;,&quot;animation&quot;:&quot;none&quot;,&quot;animation_mobile&quot;:&quot;none&quot;}\">\n\t\t\t\t\t<div class=\"e-con-inner\">\n\t\t<div class=\"elementor-element elementor-element-92f32d9 e-con-full animated-slow e-flex e-con e-parent\" data-id=\"92f32d9\" data-element_type=\"container\" data-e-type=\"container\" data-settings=\"{&quot;animation&quot;:&quot;none&quot;}\">\n\t\t\t\t<div class=\"elementor-element elementor-element-49ba0a7 elementor-widget elementor-widget-heading\" data-id=\"49ba0a7\" data-element_type=\"widget\" data-e-type=\"widget\" data-widget_type=\"heading.default\">\n\t\t\t\t<div class=\"elementor-widget-container\">\n\t\t\t\t\t<h2 class=\"elementor-heading-title elementor-size-default\">Condiciones legales<\/h2>\t\t\t\t<\/div>\n\t\t\t\t<\/div>\n\t\t\t\t<div class=\"elementor-element elementor-element-0416720 elementor-widget elementor-widget-text-editor\" data-id=\"0416720\" data-element_type=\"widget\" data-e-type=\"widget\" data-widget_type=\"text-editor.default\">\n\t\t\t\t<div class=\"elementor-widget-container\">\n\t\t\t\t\t\t\t\t\t<p><strong>1. Informaci\u00f3n Legal<\/strong><\/p><p>\u00a0<\/p><p>Adevinta Spain, S.L.U. (en adelante, \u201cAdevinta Spain\u201d), con domicilio en Madrid, Espa\u00f1a, en C\/ Hernani, 59, 1\u00aa planta, 28020 Madrid; provista de NIF B-83411652, n\u00famero de tel\u00e9fono 93 576 55 00 y correo electr\u00f3nico ayuda@fotocasa.pro, e inscrita en el RMM T. 33.640, F.22, H.M-310556 es la titular y propietaria del presente sitio web (en adelante, Sitio Web).<\/p><p>\u00a0<\/p><p><strong>2. Objeto<\/strong><\/p><p>\u00a0<\/p><p>Las presentes Condiciones Legales regulan el acceso y el uso, por parte de los usuarios que naveguen, hagan uso y\/o se registren en el Sitio Web (en adelante \u201cEl Usuario\u201d). El Sitio Web tiene como objeto facilitar al Usuario el acceso al Sitio Web, as\u00ed como la posibilidad de participar en el Sorteo de Fotocasa (en adelante \u201cel Sorteo\u201d). Adevinta Spain se reserva la facultad de poder eliminar del Sitio Web contenidos ilegales o presuntamente ilegales sin previo aviso.<\/p><p>\u00a0<\/p><p>El Usuario reconoce que t\u00e9cnicamente no es posible lograr una disponibilidad del Sitio Web al 100%. Sin embargo, Adevinta Spain se esforzar\u00e1 por mantener disponible el Sitio Web de la forma m\u00e1s constante posible. Especialmente por razones de mantenimiento, seguridad o capacidad, as\u00ed como a causa de acontecimientos sobre los que no pueda influir Adevinta Spain (por ejemplo, anomal\u00edas de redes p\u00fablicas de comunicaci\u00f3n, cortes de electricidad, etc.), pueden producirse breves anomal\u00edas o la suspensi\u00f3n pasajera de los servicios de Adevinta Spain.<\/p><p>\u00a0<\/p><p><strong>3. Obligaciones del Usuario<\/strong><\/p><p>\u00a0<\/p><p>El Usuario se compromete a hacer un uso diligente del Sitio Web y de los servicios accesibles desde el mismo, con total sujeci\u00f3n a la Ley, a las buenas costumbres y las presentes Condiciones Legales y, as\u00ed como mantener el debido respeto a los dem\u00e1s Usuarios.<\/p><p>\u00a0<\/p><p>El Usuario podr\u00e1 participar en el Sorteo y su participaci\u00f3n se efectuar\u00e1 tras su completo registro en el formulario indicado en el Sitio Web.<\/p><p>\u00a0<\/p><p>Toda la informaci\u00f3n proporcionada por el Usuario deber\u00e1 ser veraz y garantiza la autenticidad de todos aquellos datos que comunique como consecuencia del registro al Sorteo. Asimismo, en todo caso, el Usuario ser\u00e1 el \u00fanico responsable de las manifestaciones falsas o inexactas que realice y de los perjuicios que cause a Adevinta Spain o a terceros por la informaci\u00f3n que facilite.<\/p><p>\u00a0<\/p><p>El Usuario se obliga a respetar las leyes aplicables y los derechos de terceros al utilizar los contenidos y servicios del Sitio Web. Asimismo, queda prohibida la reproducci\u00f3n, distribuci\u00f3n, transmisi\u00f3n, adaptaci\u00f3n o modificaci\u00f3n, por cualquier medio y en cualquier forma, de los contenidos del Sitio Web (textos, dise\u00f1os, gr\u00e1ficos, informaciones, bases de datos, archivos de sonido y\/o imagen, logos, etc.) y dem\u00e1s elementos de este Sitio Web, salvo autorizaci\u00f3n previa de sus leg\u00edtimos titulares o cuando as\u00ed resulte permitido por la ley.<\/p><p>\u00a0<\/p><p>Asimismo, se proh\u00edbe a los Usuarios las siguientes acciones: Utilizar mecanismos, software o scripts en relaci\u00f3n con la utilizaci\u00f3n del Sitio Web. Bloquear, sobrescribir, modificar o copiar, a no ser que ello sea necesario para la correcta utilizaci\u00f3n de los servicios de los sitios web. Por ejemplo, el copiado mediante tecnolog\u00edas de buscador tipo \u201cRobot\/Crawler\u201d no es necesario para la correcta utilizaci\u00f3n de los servicios del Sitio Web, por lo que est\u00e1 prohibido expresamente.<\/p><p>\u00a0<\/p><p>Difundir, reproducir o comunicar p\u00fablicamente contenidos del Sitio Web de Adevinta Spain, de Particular o terceros, sin la autorizaci\u00f3n previa del titular de los derechos. Toda acci\u00f3n apta para perjudicar la funcionalidad de la infraestructura de Adevinta Spain, especialmente para sobrecargarla. A utilizar cualquiera de los materiales e informaciones contenidos en este Sitio Web con fines il\u00edcitos y expresamente prohibidos en las presentes Condiciones Legales, as\u00ed como a las condiciones particulares que, en su caso, se habiliten que resulten contrarios a los derechos e intereses de Adevinta Spain, sus miembros y\/o terceros, y deber\u00e1 responder frente a los mismos en caso de contravenir o incumplir dichas obligaciones y\/o que, de cualquier modo (incluida la introducci\u00f3n o difusi\u00f3n de \u201cvirus inform\u00e1ticos\u201d), da\u00f1e, inutilice, sobrecargue, deteriore o impida la normal utilizaci\u00f3n de los materiales e informaciones contenidos en el Sitio Web, los sistemas de informaci\u00f3n o los documentos, archivos y toda clase de contenidos almacenados en cualquier equipo inform\u00e1tico (hacking) de Adevinta Spain, de sus miembros o de cualquier usuario registrado, particular u organizaci\u00f3n.<\/p><p>\u00a0<\/p><p>El Usuario que incumpla intencional o culpablemente cualquiera de las precedentes obligaciones responder\u00e1 de todos los da\u00f1os y perjuicios que cause.<\/p><p>\u00a0<\/p><p><strong>4. Derechos de Propiedad Intelectual e Industrial<\/strong><\/p><p>\u00a0<\/p><p>Quedan reservados todos los derechos de explotaci\u00f3n del Sitio Web.<\/p><p>\u00a0<\/p><p>Este Sitio Web se rige por las leyes espa\u00f1olas y se encuentra protegido por la legislaci\u00f3n nacional e internacional sobre propiedad intelectual e industrial. Los textos, dise\u00f1os, im\u00e1genes, audio, bases de datos, logos, estructura, marcas y dem\u00e1s elementos de este sitio est\u00e1n protegidos por los derechos de propiedad intelectual e industrial de Adevinta Spain y\/o de terceros titulares de los mismos que han autorizado debidamente su inclusi\u00f3n en el Sitio Web mediante los acuerdos de cesi\u00f3n de derechos de explotaci\u00f3n que \u00e9stos han estipulado con Adevinta Spain. Cualquier reproducci\u00f3n, transmisi\u00f3n, adaptaci\u00f3n, traducci\u00f3n, modificaci\u00f3n, comunicaci\u00f3n al p\u00fablico, o cualquier otra explotaci\u00f3n de todo o parte del contenido de este Sitio Web, efectuada de cualquier forma o por cualquier medio, electr\u00f3nico, mec\u00e1nico u otro, est\u00e1n estrictamente prohibidos salvo autorizaci\u00f3n previa por escrito de Adevinta Spain o de terceros titulares. Cualquier infracci\u00f3n de estos derechos puede dar lugar a procedimientos extrajudiciales o judiciales civiles o penales que correspondan. Adevinta Spain no concede ninguna licencia o autorizaci\u00f3n de uso de ninguna clase sobre sus derechos de propiedad intelectual e industrial o sobre cualquier otra propiedad o derecho relacionado con el Portal, los servicios o los contenidos del mismo. La legitimidad de los derechos de propiedad intelectual o industrial correspondientes a los contenidos aportados por los Particulares es de la exclusiva responsabilidad de los mismos y nunca de Adevinta Spain. Las presentes Condiciones Legales y el resto de las condiciones del Sitio Web se regir\u00e1n por la legislaci\u00f3n espa\u00f1ola.<\/p><p>\u00a0<\/p><p><strong>5. Legislaci\u00f3n Aplicable y Jurisdicci\u00f3n<\/strong><\/p><p>\u00a0<\/p><p>Las presentes Condiciones Legales y el resto de las condiciones del Sitio Web se regir\u00e1n por la legislaci\u00f3n espa\u00f1ola.Para cuantas cuestiones pudieran suscitarse o acciones ejercitarse derivadas de la prestaci\u00f3n de los servicios y contenidos de Adevinta Spain y sobre la interpretaci\u00f3n, aplicaci\u00f3n, cumplimiento o incumplimiento de lo aqu\u00ed establecido, Adevinta Spain y el Usuario, con renuncia expresa a cualquier otro fuero que pudiera corresponderles, se someten a la jurisdicci\u00f3n de los Juzgados y Tribunales de Barcelona.<\/p>\t\t\t\t\t\t\t\t<\/div>\n\t\t\t\t<\/div>\n\t\t\t\t<\/div>\n\t\t\t\t\t<\/div>\n\t\t\t\t<\/div>\n\t\t\t\t<\/div>\n\t\t","protected":false},"excerpt":{"rendered":"<p>Condiciones legales 1. Informaci\u00f3n Legal \u00a0 Adevinta Spain, S.L.U. (en adelante, \u201cAdevinta Spain\u201d), con domicilio en Madrid, Espa\u00f1a, en C\/ Hernani, 59, 1\u00aa planta, 28020 Madrid; provista de NIF B-83411652, n\u00famero de tel\u00e9fono 93 576 55 00 y correo electr\u00f3nico ayuda@fotocasa.pro, e inscrita en el RMM T. 33.640, F.22, H.M-310556 es la titular y propietaria [&hellip;]<\/p>\n","protected":false},"author":4,"featured_media":0,"parent":0,"menu_order":0,"comment_status":"closed","ping_status":"closed","template":"","meta":{"footnotes":""},"class_list":["post-4870","page","type-page","status-publish","hentry"],"yoast_head":"<!-- This site is optimized with the Yoast SEO plugin v27.5 - https:\/\/yoast.com\/product\/yoast-seo-wordpress\/ -->\n<title>Condiciones Legales - Fotocasa: Proyecto Vivienda<\/title>\n<meta name=\"robots\" content=\"index, follow, max-snippet:-1, max-image-preview:large, max-video-preview:-1\" \/>\n<link rel=\"canonical\" href=\"https:\/\/www.fotocasa.es\/proyecto-vivienda\/condiciones-legales\/\" \/>\n<meta property=\"og:locale\" content=\"es_ES\" \/>\n<meta property=\"og:type\" content=\"article\" \/>\n<meta property=\"og:title\" content=\"Condiciones Legales - Fotocasa: Proyecto Vivienda\" \/>\n<meta property=\"og:description\" content=\"Condiciones legales 1. Informaci\u00f3n Legal \u00a0 Adevinta Spain, S.L.U. (en adelante, \u201cAdevinta Spain\u201d), con domicilio en Madrid, Espa\u00f1a, en C\/ Hernani, 59, 1\u00aa planta, 28020 Madrid; provista de NIF B-83411652, n\u00famero de tel\u00e9fono 93 576 55 00 y correo electr\u00f3nico ayuda@fotocasa.pro, e inscrita en el RMM T. 33.640, F.22, H.M-310556 es la titular y propietaria [&hellip;]\" \/>\n<meta property=\"og:url\" content=\"https:\/\/www.fotocasa.es\/proyecto-vivienda\/condiciones-legales\/\" \/>\n<meta property=\"og:site_name\" content=\"Fotocasa: Proyecto Vivienda\" \/>\n<meta property=\"article:modified_time\" content=\"2022-09-05T11:00:36+00:00\" \/>\n<meta name=\"twitter:card\" content=\"summary_large_image\" \/>\n<meta name=\"twitter:label1\" content=\"Tiempo de lectura\" \/>\n\t<meta name=\"twitter:data1\" content=\"5 minutos\" \/>\n<script type=\"application\/ld+json\" class=\"yoast-schema-graph\">{\"@context\":\"https:\\\/\\\/schema.org\",\"@graph\":[{\"@type\":\"WebPage\",\"@id\":\"https:\\\/\\\/www.fotocasa.es\\\/proyecto-vivienda\\\/condiciones-legales\\\/\",\"url\":\"https:\\\/\\\/www.fotocasa.es\\\/proyecto-vivienda\\\/condiciones-legales\\\/\",\"name\":\"Condiciones Legales - Fotocasa: Proyecto Vivienda\",\"isPartOf\":{\"@id\":\"https:\\\/\\\/www.fotocasa.es\\\/proyecto-vivienda\\\/#website\"},\"datePublished\":\"2022-09-05T06:51:09+00:00\",\"dateModified\":\"2022-09-05T11:00:36+00:00\",\"breadcrumb\":{\"@id\":\"https:\\\/\\\/www.fotocasa.es\\\/proyecto-vivienda\\\/condiciones-legales\\\/#breadcrumb\"},\"inLanguage\":\"es\",\"potentialAction\":[{\"@type\":\"ReadAction\",\"target\":[\"https:\\\/\\\/www.fotocasa.es\\\/proyecto-vivienda\\\/condiciones-legales\\\/\"]}]},{\"@type\":\"BreadcrumbList\",\"@id\":\"https:\\\/\\\/www.fotocasa.es\\\/proyecto-vivienda\\\/condiciones-legales\\\/#breadcrumb\",\"itemListElement\":[{\"@type\":\"ListItem\",\"position\":1,\"name\":\"Home\",\"item\":\"https:\\\/\\\/www.fotocasa.es\\\/proyecto-vivienda\\\/\"},{\"@type\":\"ListItem\",\"position\":2,\"name\":\"Condiciones Legales\"}]},{\"@type\":\"WebSite\",\"@id\":\"https:\\\/\\\/www.fotocasa.es\\\/proyecto-vivienda\\\/#website\",\"url\":\"https:\\\/\\\/www.fotocasa.es\\\/proyecto-vivienda\\\/\",\"name\":\"Fotocasa: Proyecto Vivienda\",\"description\":\"Una iniciativa para ayudar a los j\u00f3venes y otros colectivos con ayudas, herramientas e informaci\u00f3n para ayudar a acceder a la vivienda a quien m\u00e1s lo necesita.\",\"publisher\":{\"@id\":\"https:\\\/\\\/www.fotocasa.es\\\/proyecto-vivienda\\\/#organization\"},\"potentialAction\":[{\"@type\":\"SearchAction\",\"target\":{\"@type\":\"EntryPoint\",\"urlTemplate\":\"https:\\\/\\\/www.fotocasa.es\\\/proyecto-vivienda\\\/?s={search_term_string}\"},\"query-input\":{\"@type\":\"PropertyValueSpecification\",\"valueRequired\":true,\"valueName\":\"search_term_string\"}}],\"inLanguage\":\"es\"},{\"@type\":\"Organization\",\"@id\":\"https:\\\/\\\/www.fotocasa.es\\\/proyecto-vivienda\\\/#organization\",\"name\":\"Fotocasa: Proyecto Vivienda\",\"url\":\"https:\\\/\\\/www.fotocasa.es\\\/proyecto-vivienda\\\/\",\"logo\":{\"@type\":\"ImageObject\",\"inLanguage\":\"es\",\"@id\":\"https:\\\/\\\/www.fotocasa.es\\\/proyecto-vivienda\\\/#\\\/schema\\\/logo\\\/image\\\/\",\"url\":\"https:\\\/\\\/www.fotocasa.es\\\/proyecto-vivienda\\\/wp-content\\\/uploads\\\/2022\\\/07\\\/logo-baja-1.png\",\"contentUrl\":\"https:\\\/\\\/www.fotocasa.es\\\/proyecto-vivienda\\\/wp-content\\\/uploads\\\/2022\\\/07\\\/logo-baja-1.png\",\"width\":500,\"height\":250,\"caption\":\"Fotocasa: Proyecto Vivienda\"},\"image\":{\"@id\":\"https:\\\/\\\/www.fotocasa.es\\\/proyecto-vivienda\\\/#\\\/schema\\\/logo\\\/image\\\/\"}}]}<\/script>\n<!-- \/ Yoast SEO plugin. -->","yoast_head_json":{"title":"Condiciones Legales - Fotocasa: Proyecto Vivienda","robots":{"index":"index","follow":"follow","max-snippet":"max-snippet:-1","max-image-preview":"max-image-preview:large","max-video-preview":"max-video-preview:-1"},"canonical":"https:\/\/www.fotocasa.es\/proyecto-vivienda\/condiciones-legales\/","og_locale":"es_ES","og_type":"article","og_title":"Condiciones Legales - Fotocasa: Proyecto Vivienda","og_description":"Condiciones legales 1. Informaci\u00f3n Legal \u00a0 Adevinta Spain, S.L.U. (en adelante, \u201cAdevinta Spain\u201d), con domicilio en Madrid, Espa\u00f1a, en C\/ Hernani, 59, 1\u00aa planta, 28020 Madrid; provista de NIF B-83411652, n\u00famero de tel\u00e9fono 93 576 55 00 y correo electr\u00f3nico ayuda@fotocasa.pro, e inscrita en el RMM T. 33.640, F.22, H.M-310556 es la titular y propietaria [&hellip;]","og_url":"https:\/\/www.fotocasa.es\/proyecto-vivienda\/condiciones-legales\/","og_site_name":"Fotocasa: Proyecto Vivienda","article_modified_time":"2022-09-05T11:00:36+00:00","twitter_card":"summary_large_image","twitter_misc":{"Tiempo de lectura":"5 minutos"},"schema":{"@context":"https:\/\/schema.org","@graph":[{"@type":"WebPage","@id":"https:\/\/www.fotocasa.es\/proyecto-vivienda\/condiciones-legales\/","url":"https:\/\/www.fotocasa.es\/proyecto-vivienda\/condiciones-legales\/","name":"Condiciones Legales - Fotocasa: Proyecto Vivienda","isPartOf":{"@id":"https:\/\/www.fotocasa.es\/proyecto-vivienda\/#website"},"datePublished":"2022-09-05T06:51:09+00:00","dateModified":"2022-09-05T11:00:36+00:00","breadcrumb":{"@id":"https:\/\/www.fotocasa.es\/proyecto-vivienda\/condiciones-legales\/#breadcrumb"},"inLanguage":"es","potentialAction":[{"@type":"ReadAction","target":["https:\/\/www.fotocasa.es\/proyecto-vivienda\/condiciones-legales\/"]}]},{"@type":"BreadcrumbList","@id":"https:\/\/www.fotocasa.es\/proyecto-vivienda\/condiciones-legales\/#breadcrumb","itemListElement":[{"@type":"ListItem","position":1,"name":"Home","item":"https:\/\/www.fotocasa.es\/proyecto-vivienda\/"},{"@type":"ListItem","position":2,"name":"Condiciones Legales"}]},{"@type":"WebSite","@id":"https:\/\/www.fotocasa.es\/proyecto-vivienda\/#website","url":"https:\/\/www.fotocasa.es\/proyecto-vivienda\/","name":"Fotocasa: Proyecto Vivienda","description":"Una iniciativa para ayudar a los j\u00f3venes y otros colectivos con ayudas, herramientas e informaci\u00f3n para ayudar a acceder a la vivienda a quien m\u00e1s lo necesita.","publisher":{"@id":"https:\/\/www.fotocasa.es\/proyecto-vivienda\/#organization"},"potentialAction":[{"@type":"SearchAction","target":{"@type":"EntryPoint","urlTemplate":"https:\/\/www.fotocasa.es\/proyecto-vivienda\/?s={search_term_string}"},"query-input":{"@type":"PropertyValueSpecification","valueRequired":true,"valueName":"search_term_string"}}],"inLanguage":"es"},{"@type":"Organization","@id":"https:\/\/www.fotocasa.es\/proyecto-vivienda\/#organization","name":"Fotocasa: Proyecto Vivienda","url":"https:\/\/www.fotocasa.es\/proyecto-vivienda\/","logo":{"@type":"ImageObject","inLanguage":"es","@id":"https:\/\/www.fotocasa.es\/proyecto-vivienda\/#\/schema\/logo\/image\/","url":"https:\/\/www.fotocasa.es\/proyecto-vivienda\/wp-content\/uploads\/2022\/07\/logo-baja-1.png","contentUrl":"https:\/\/www.fotocasa.es\/proyecto-vivienda\/wp-content\/uploads\/2022\/07\/logo-baja-1.png","width":500,"height":250,"caption":"Fotocasa: Proyecto Vivienda"},"image":{"@id":"https:\/\/www.fotocasa.es\/proyecto-vivienda\/#\/schema\/logo\/image\/"}}]}},"_links":{"self":[{"href":"https:\/\/www.fotocasa.es\/proyecto-vivienda\/wp-json\/wp\/v2\/pages\/4870","targetHints":{"allow":["GET"]}}],"collection":[{"href":"https:\/\/www.fotocasa.es\/proyecto-vivienda\/wp-json\/wp\/v2\/pages"}],"about":[{"href":"https:\/\/www.fotocasa.es\/proyecto-vivienda\/wp-json\/wp\/v2\/types\/page"}],"author":[{"embeddable":true,"href":"https:\/\/www.fotocasa.es\/proyecto-vivienda\/wp-json\/wp\/v2\/users\/4"}],"replies":[{"embeddable":true,"href":"https:\/\/www.fotocasa.es\/proyecto-vivienda\/wp-json\/wp\/v2\/comments?post=4870"}],"version-history":[{"count":0,"href":"https:\/\/www.fotocasa.es\/proyecto-vivienda\/wp-json\/wp\/v2\/pages\/4870\/revisions"}],"wp:attachment":[{"href":"https:\/\/www.fotocasa.es\/proyecto-vivienda\/wp-json\/wp\/v2\/media?parent=4870"}],"curies":[{"name":"wp","href":"https:\/\/api.w.org\/{rel}","templated":true}]}}