{"id":4307,"date":"2022-08-30T15:22:01","date_gmt":"2022-08-30T15:22:01","guid":{"rendered":"https:\/\/www.fotocasa.es\/proyecto-vivienda\/?page_id=4307"},"modified":"2022-09-11T09:15:30","modified_gmt":"2022-09-11T09:15:30","slug":"manifiesto-proyecto-vivienda","status":"publish","type":"page","link":"https:\/\/www.fotocasa.es\/proyecto-vivienda\/manifiesto-proyecto-vivienda\/","title":{"rendered":"Manifiesto Proyecto Vivienda"},"content":{"rendered":"\t\t<div data-elementor-type=\"wp-page\" data-elementor-id=\"4307\" class=\"elementor elementor-4307\" data-elementor-post-type=\"page\">\n\t\t\t\t<div class=\"elementor-element elementor-element-d1cbd64 promo-vaciada e-flex e-con-boxed e-con e-parent\" data-id=\"d1cbd64\" data-element_type=\"container\" data-e-type=\"container\" data-settings=\"{&quot;background_background&quot;:&quot;classic&quot;,&quot;animation&quot;:&quot;none&quot;,&quot;animation_mobile&quot;:&quot;none&quot;}\">\n\t\t\t\t\t<div class=\"e-con-inner\">\n\t\t<div class=\"elementor-element elementor-element-92f32d9 e-con-full animated-slow e-flex e-con e-parent\" data-id=\"92f32d9\" data-element_type=\"container\" data-e-type=\"container\" data-settings=\"{&quot;animation&quot;:&quot;none&quot;}\">\n\t\t\t\t<div class=\"elementor-element elementor-element-fa711dd elementor-widget elementor-widget-heading\" data-id=\"fa711dd\" data-element_type=\"widget\" data-e-type=\"widget\" data-widget_type=\"heading.default\">\n\t\t\t\t<div class=\"elementor-widget-container\">\n\t\t\t\t\t<h4 class=\"elementor-heading-title elementor-size-default\">LEER MANIFIESTO<\/h4>\t\t\t\t<\/div>\n\t\t\t\t<\/div>\n\t\t\t\t<div class=\"elementor-element elementor-element-49ba0a7 elementor-widget elementor-widget-heading\" data-id=\"49ba0a7\" data-element_type=\"widget\" data-e-type=\"widget\" data-widget_type=\"heading.default\">\n\t\t\t\t<div class=\"elementor-widget-container\">\n\t\t\t\t\t<h2 class=\"elementor-heading-title elementor-size-default\">Manifiesto Proyecto Vivienda<\/h2>\t\t\t\t<\/div>\n\t\t\t\t<\/div>\n\t\t\t\t<div class=\"elementor-element elementor-element-0416720 elementor-widget elementor-widget-text-editor\" data-id=\"0416720\" data-element_type=\"widget\" data-e-type=\"widget\" data-widget_type=\"text-editor.default\">\n\t\t\t\t<div class=\"elementor-widget-container\">\n\t\t\t\t\t\t\t\t\t<p>Vivimos tiempos complicados. Siempre lo son. \u00daltimamente m\u00e1s que nunca.<\/p>\n<p><\/p>\n<p>En Fotocasa llevamos m\u00e1s de veinte a\u00f1os a tu lado, ayudando a encontrar hogares.<\/p>\n<p><\/p>\n<p>Porque cuando encontramos un hogar, o uno mejor, nuestra vida es mejor. Tenemos m\u00e1s ilusi\u00f3n, motivaci\u00f3n y alegr\u00eda para todo. Para seguir luchando y mejorando en la vida. Y cuando nuestra vida es mejor, somos m\u00e1s felices. As\u00ed de sencillo.<\/p>\n<p><\/p>\n<p>Pero encontrar un hogar no es sencillo. No lo es. Que si los precios, que si hay pocos\u2026<\/p>\n<p><\/p>\n<p>En Fotocasa velamos por reducir las desigualdades del mercado de la vivienda, ofreciendo a todo el mundo toda la informaci\u00f3n, transparente y de confianza, cada d\u00eda.<\/p>\n<p><\/p>\n<p>Pero no es suficiente.<\/p>\n<p><\/p>\n<p>No lo es para los j\u00f3venes, que son nuestro futuro. No lo es para los colectivos vulnerables, que son nuestra principal desigualdad.<\/p>\n<p><\/p>\n<p>Por ello, en estos tiempos complicados, para asegurar nuestro futuro y reducir desigualdades, Fotocasa amplia la ayuda creando el Proyecto Vivienda.<\/p>\n<p><\/p>\n<p>Una iniciativa centrada en ayudar a las personas que m\u00e1s lo necesitan, con herramientas, ayudas econ\u00f3micas, informaci\u00f3n y todo tipo de acciones para acompa\u00f1ar a todas las personas que buscan un hogar donde ser feliz.<\/p><p><br><\/p><p><br><\/p>\t\t\t\t\t\t\t\t<\/div>\n\t\t\t\t<\/div>\n\t\t\t\t<\/div>\n\t\t\t\t\t<\/div>\n\t\t\t\t<\/div>\n\t\t\t\t<\/div>\n\t\t","protected":false},"excerpt":{"rendered":"<p>LEER MANIFIESTO Manifiesto Proyecto Vivienda Vivimos tiempos complicados. Siempre lo son. \u00daltimamente m\u00e1s que nunca. En Fotocasa llevamos m\u00e1s de veinte a\u00f1os a tu lado, ayudando a encontrar hogares. Porque cuando encontramos un hogar, o uno mejor, nuestra vida es mejor. Tenemos m\u00e1s ilusi\u00f3n, motivaci\u00f3n y alegr\u00eda para todo. Para seguir luchando y mejorando en [&hellip;]<\/p>\n","protected":false},"author":2,"featured_media":0,"parent":0,"menu_order":0,"comment_status":"closed","ping_status":"closed","template":"","meta":{"footnotes":""},"class_list":["post-4307","page","type-page","status-publish","hentry"],"yoast_head":"<!-- This site is optimized with the Yoast SEO plugin v27.5 - https:\/\/yoast.com\/product\/yoast-seo-wordpress\/ -->\n<title>Manifiesto Proyecto Vivienda - Fotocasa: Proyecto Vivienda<\/title>\n<meta name=\"robots\" content=\"index, follow, max-snippet:-1, max-image-preview:large, max-video-preview:-1\" \/>\n<link rel=\"canonical\" href=\"https:\/\/www.fotocasa.es\/proyecto-vivienda\/manifiesto-proyecto-vivienda\/\" \/>\n<meta property=\"og:locale\" content=\"es_ES\" \/>\n<meta property=\"og:type\" content=\"article\" \/>\n<meta property=\"og:title\" content=\"Manifiesto Proyecto Vivienda - Fotocasa: Proyecto Vivienda\" \/>\n<meta property=\"og:description\" content=\"LEER MANIFIESTO Manifiesto Proyecto Vivienda Vivimos tiempos complicados. Siempre lo son. \u00daltimamente m\u00e1s que nunca. En Fotocasa llevamos m\u00e1s de veinte a\u00f1os a tu lado, ayudando a encontrar hogares. Porque cuando encontramos un hogar, o uno mejor, nuestra vida es mejor. Tenemos m\u00e1s ilusi\u00f3n, motivaci\u00f3n y alegr\u00eda para todo. Para seguir luchando y mejorando en [&hellip;]\" \/>\n<meta property=\"og:url\" content=\"https:\/\/www.fotocasa.es\/proyecto-vivienda\/manifiesto-proyecto-vivienda\/\" \/>\n<meta property=\"og:site_name\" content=\"Fotocasa: Proyecto Vivienda\" \/>\n<meta property=\"article:modified_time\" content=\"2022-09-11T09:15:30+00:00\" \/>\n<meta name=\"twitter:card\" content=\"summary_large_image\" \/>\n<meta name=\"twitter:label1\" content=\"Tiempo de lectura\" \/>\n\t<meta name=\"twitter:data1\" content=\"1 minuto\" \/>\n<script type=\"application\/ld+json\" class=\"yoast-schema-graph\">{\"@context\":\"https:\\\/\\\/schema.org\",\"@graph\":[{\"@type\":\"WebPage\",\"@id\":\"https:\\\/\\\/www.fotocasa.es\\\/proyecto-vivienda\\\/manifiesto-proyecto-vivienda\\\/\",\"url\":\"https:\\\/\\\/www.fotocasa.es\\\/proyecto-vivienda\\\/manifiesto-proyecto-vivienda\\\/\",\"name\":\"Manifiesto Proyecto Vivienda - Fotocasa: Proyecto Vivienda\",\"isPartOf\":{\"@id\":\"https:\\\/\\\/www.fotocasa.es\\\/proyecto-vivienda\\\/#website\"},\"datePublished\":\"2022-08-30T15:22:01+00:00\",\"dateModified\":\"2022-09-11T09:15:30+00:00\",\"breadcrumb\":{\"@id\":\"https:\\\/\\\/www.fotocasa.es\\\/proyecto-vivienda\\\/manifiesto-proyecto-vivienda\\\/#breadcrumb\"},\"inLanguage\":\"es\",\"potentialAction\":[{\"@type\":\"ReadAction\",\"target\":[\"https:\\\/\\\/www.fotocasa.es\\\/proyecto-vivienda\\\/manifiesto-proyecto-vivienda\\\/\"]}]},{\"@type\":\"BreadcrumbList\",\"@id\":\"https:\\\/\\\/www.fotocasa.es\\\/proyecto-vivienda\\\/manifiesto-proyecto-vivienda\\\/#breadcrumb\",\"itemListElement\":[{\"@type\":\"ListItem\",\"position\":1,\"name\":\"Home\",\"item\":\"https:\\\/\\\/www.fotocasa.es\\\/proyecto-vivienda\\\/\"},{\"@type\":\"ListItem\",\"position\":2,\"name\":\"Manifiesto Proyecto Vivienda\"}]},{\"@type\":\"WebSite\",\"@id\":\"https:\\\/\\\/www.fotocasa.es\\\/proyecto-vivienda\\\/#website\",\"url\":\"https:\\\/\\\/www.fotocasa.es\\\/proyecto-vivienda\\\/\",\"name\":\"Fotocasa: Proyecto Vivienda\",\"description\":\"Una iniciativa para ayudar a los j\u00f3venes y otros colectivos con ayudas, herramientas e informaci\u00f3n para ayudar a acceder a la vivienda a quien m\u00e1s lo necesita.\",\"publisher\":{\"@id\":\"https:\\\/\\\/www.fotocasa.es\\\/proyecto-vivienda\\\/#organization\"},\"potentialAction\":[{\"@type\":\"SearchAction\",\"target\":{\"@type\":\"EntryPoint\",\"urlTemplate\":\"https:\\\/\\\/www.fotocasa.es\\\/proyecto-vivienda\\\/?s={search_term_string}\"},\"query-input\":{\"@type\":\"PropertyValueSpecification\",\"valueRequired\":true,\"valueName\":\"search_term_string\"}}],\"inLanguage\":\"es\"},{\"@type\":\"Organization\",\"@id\":\"https:\\\/\\\/www.fotocasa.es\\\/proyecto-vivienda\\\/#organization\",\"name\":\"Fotocasa: Proyecto Vivienda\",\"url\":\"https:\\\/\\\/www.fotocasa.es\\\/proyecto-vivienda\\\/\",\"logo\":{\"@type\":\"ImageObject\",\"inLanguage\":\"es\",\"@id\":\"https:\\\/\\\/www.fotocasa.es\\\/proyecto-vivienda\\\/#\\\/schema\\\/logo\\\/image\\\/\",\"url\":\"https:\\\/\\\/www.fotocasa.es\\\/proyecto-vivienda\\\/wp-content\\\/uploads\\\/2022\\\/07\\\/logo-baja-1.png\",\"contentUrl\":\"https:\\\/\\\/www.fotocasa.es\\\/proyecto-vivienda\\\/wp-content\\\/uploads\\\/2022\\\/07\\\/logo-baja-1.png\",\"width\":500,\"height\":250,\"caption\":\"Fotocasa: Proyecto Vivienda\"},\"image\":{\"@id\":\"https:\\\/\\\/www.fotocasa.es\\\/proyecto-vivienda\\\/#\\\/schema\\\/logo\\\/image\\\/\"}}]}<\/script>\n<!-- \/ Yoast SEO plugin. -->","yoast_head_json":{"title":"Manifiesto Proyecto Vivienda - Fotocasa: Proyecto Vivienda","robots":{"index":"index","follow":"follow","max-snippet":"max-snippet:-1","max-image-preview":"max-image-preview:large","max-video-preview":"max-video-preview:-1"},"canonical":"https:\/\/www.fotocasa.es\/proyecto-vivienda\/manifiesto-proyecto-vivienda\/","og_locale":"es_ES","og_type":"article","og_title":"Manifiesto Proyecto Vivienda - Fotocasa: Proyecto Vivienda","og_description":"LEER MANIFIESTO Manifiesto Proyecto Vivienda Vivimos tiempos complicados. Siempre lo son. \u00daltimamente m\u00e1s que nunca. En Fotocasa llevamos m\u00e1s de veinte a\u00f1os a tu lado, ayudando a encontrar hogares. Porque cuando encontramos un hogar, o uno mejor, nuestra vida es mejor. Tenemos m\u00e1s ilusi\u00f3n, motivaci\u00f3n y alegr\u00eda para todo. Para seguir luchando y mejorando en [&hellip;]","og_url":"https:\/\/www.fotocasa.es\/proyecto-vivienda\/manifiesto-proyecto-vivienda\/","og_site_name":"Fotocasa: Proyecto Vivienda","article_modified_time":"2022-09-11T09:15:30+00:00","twitter_card":"summary_large_image","twitter_misc":{"Tiempo de lectura":"1 minuto"},"schema":{"@context":"https:\/\/schema.org","@graph":[{"@type":"WebPage","@id":"https:\/\/www.fotocasa.es\/proyecto-vivienda\/manifiesto-proyecto-vivienda\/","url":"https:\/\/www.fotocasa.es\/proyecto-vivienda\/manifiesto-proyecto-vivienda\/","name":"Manifiesto Proyecto Vivienda - Fotocasa: Proyecto Vivienda","isPartOf":{"@id":"https:\/\/www.fotocasa.es\/proyecto-vivienda\/#website"},"datePublished":"2022-08-30T15:22:01+00:00","dateModified":"2022-09-11T09:15:30+00:00","breadcrumb":{"@id":"https:\/\/www.fotocasa.es\/proyecto-vivienda\/manifiesto-proyecto-vivienda\/#breadcrumb"},"inLanguage":"es","potentialAction":[{"@type":"ReadAction","target":["https:\/\/www.fotocasa.es\/proyecto-vivienda\/manifiesto-proyecto-vivienda\/"]}]},{"@type":"BreadcrumbList","@id":"https:\/\/www.fotocasa.es\/proyecto-vivienda\/manifiesto-proyecto-vivienda\/#breadcrumb","itemListElement":[{"@type":"ListItem","position":1,"name":"Home","item":"https:\/\/www.fotocasa.es\/proyecto-vivienda\/"},{"@type":"ListItem","position":2,"name":"Manifiesto Proyecto Vivienda"}]},{"@type":"WebSite","@id":"https:\/\/www.fotocasa.es\/proyecto-vivienda\/#website","url":"https:\/\/www.fotocasa.es\/proyecto-vivienda\/","name":"Fotocasa: Proyecto Vivienda","description":"Una iniciativa para ayudar a los j\u00f3venes y otros colectivos con ayudas, herramientas e informaci\u00f3n para ayudar a acceder a la vivienda a quien m\u00e1s lo necesita.","publisher":{"@id":"https:\/\/www.fotocasa.es\/proyecto-vivienda\/#organization"},"potentialAction":[{"@type":"SearchAction","target":{"@type":"EntryPoint","urlTemplate":"https:\/\/www.fotocasa.es\/proyecto-vivienda\/?s={search_term_string}"},"query-input":{"@type":"PropertyValueSpecification","valueRequired":true,"valueName":"search_term_string"}}],"inLanguage":"es"},{"@type":"Organization","@id":"https:\/\/www.fotocasa.es\/proyecto-vivienda\/#organization","name":"Fotocasa: Proyecto Vivienda","url":"https:\/\/www.fotocasa.es\/proyecto-vivienda\/","logo":{"@type":"ImageObject","inLanguage":"es","@id":"https:\/\/www.fotocasa.es\/proyecto-vivienda\/#\/schema\/logo\/image\/","url":"https:\/\/www.fotocasa.es\/proyecto-vivienda\/wp-content\/uploads\/2022\/07\/logo-baja-1.png","contentUrl":"https:\/\/www.fotocasa.es\/proyecto-vivienda\/wp-content\/uploads\/2022\/07\/logo-baja-1.png","width":500,"height":250,"caption":"Fotocasa: Proyecto Vivienda"},"image":{"@id":"https:\/\/www.fotocasa.es\/proyecto-vivienda\/#\/schema\/logo\/image\/"}}]}},"_links":{"self":[{"href":"https:\/\/www.fotocasa.es\/proyecto-vivienda\/wp-json\/wp\/v2\/pages\/4307","targetHints":{"allow":["GET"]}}],"collection":[{"href":"https:\/\/www.fotocasa.es\/proyecto-vivienda\/wp-json\/wp\/v2\/pages"}],"about":[{"href":"https:\/\/www.fotocasa.es\/proyecto-vivienda\/wp-json\/wp\/v2\/types\/page"}],"author":[{"embeddable":true,"href":"https:\/\/www.fotocasa.es\/proyecto-vivienda\/wp-json\/wp\/v2\/users\/2"}],"replies":[{"embeddable":true,"href":"https:\/\/www.fotocasa.es\/proyecto-vivienda\/wp-json\/wp\/v2\/comments?post=4307"}],"version-history":[{"count":0,"href":"https:\/\/www.fotocasa.es\/proyecto-vivienda\/wp-json\/wp\/v2\/pages\/4307\/revisions"}],"wp:attachment":[{"href":"https:\/\/www.fotocasa.es\/proyecto-vivienda\/wp-json\/wp\/v2\/media?parent=4307"}],"curies":[{"name":"wp","href":"https:\/\/api.w.org\/{rel}","templated":true}]}}