{"id":34705,"date":"2025-03-06T13:20:45","date_gmt":"2025-03-06T13:20:45","guid":{"rendered":"https:\/\/www.fotocasa.es\/proyecto-vivienda\/?page_id=34705"},"modified":"2026-01-13T08:13:42","modified_gmt":"2026-01-13T08:13:42","slug":"bases-legales","status":"publish","type":"page","link":"https:\/\/www.fotocasa.es\/proyecto-vivienda\/ayuda-alquiler-hipoteca\/bases-legales\/","title":{"rendered":"Bases legales ayuda alquiler hipoteca"},"content":{"rendered":"\t\t<div data-elementor-type=\"wp-page\" data-elementor-id=\"34705\" class=\"elementor elementor-34705\" data-elementor-post-type=\"page\">\n\t\t\t\t<div class=\"elementor-element elementor-element-d1cbd64 promo-vaciada e-flex e-con-boxed e-con e-parent\" data-id=\"d1cbd64\" data-element_type=\"container\" data-e-type=\"container\" data-settings=\"{&quot;background_background&quot;:&quot;classic&quot;,&quot;animation&quot;:&quot;none&quot;,&quot;animation_mobile&quot;:&quot;none&quot;}\">\n\t\t\t\t\t<div class=\"e-con-inner\">\n\t\t<div class=\"elementor-element elementor-element-92f32d9 e-con-full animated-slow e-flex e-con e-child\" data-id=\"92f32d9\" data-element_type=\"container\" data-e-type=\"container\" data-settings=\"{&quot;animation&quot;:&quot;none&quot;}\">\n\t\t\t\t<div class=\"elementor-element elementor-element-49ba0a7 elementor-widget elementor-widget-heading\" data-id=\"49ba0a7\" data-element_type=\"widget\" data-e-type=\"widget\" data-widget_type=\"heading.default\">\n\t\t\t\t<div class=\"elementor-widget-container\">\n\t\t\t\t\t<h2 class=\"elementor-heading-title elementor-size-default\"><b>Bases y condiciones legales para la participaci\u00f3n en el Sorteo de \u201cUn mes de alquiler o hipoteca\u201d.<\/b><\/h2>\t\t\t\t<\/div>\n\t\t\t\t<\/div>\n\t\t\t\t<div class=\"elementor-element elementor-element-0416720 elementor-widget elementor-widget-text-editor\" data-id=\"0416720\" data-element_type=\"widget\" data-e-type=\"widget\" data-widget_type=\"text-editor.default\">\n\t\t\t\t<div class=\"elementor-widget-container\">\n\t\t\t\t\t\t\t\t\t<p><b>1- Datos identificativos del Organizador<\/b><\/p><p><span style=\"font-weight: 400;\">ADEVINTA REAL ESTATE, S.L.U. (en adelante, \u201cAdevinta\u201d, o el Organizador\u201d) con domicilio en Calle Hernani 59, planta 1\u00aa, CP 28020, Madrid, Espa\u00f1a, con NIF: B-70677125 y titular, entre otros, del portal <\/span><a href=\"http:\/\/www.fotocasa.es\"><span style=\"font-weight: 400;\">www.fotocasa.es<\/span><\/a><span style=\"font-weight: 400;\"> (en adelante, Fotocasa), que realizar\u00e1 el sorteo conforme se especifica en estas bases legales.<\/span><\/p><p><b>2- Objetivo del Sorteo<\/b><\/p><p><span style=\"font-weight: 400;\">El Objetivo del \u201cFotocasa te ayuda a pagar el alquiler o la hipoteca\u201d (en adelante, el \u201cSorteo\u201d) es regalar diez (10) premios de 1.000\u20ac para ayudarte a que la cuesta de enero sea m\u00e1s f\u00e1cil. Desde Fotocasa ofreceremos la oportunidad de otorgar esta ayuda a las personas ganadoras del Sorteo que cumplan con las presentes condiciones. Para m\u00e1s informaci\u00f3n sobre el Sorteo y sus finalidades, consultar [https:\/\/www.fotocasa.es\/proyecto-vivienda\/ayuda-alquiler-hipoteca\/] <\/span><\/p><p><b>3- Descripci\u00f3n del premio<\/b><\/p><p><span style=\"font-weight: 400;\">Cada una de las 10 personas ganadoras ser\u00e1n premiadas con <\/span><b>MIL EUROS (1.000\u20ac) <\/b><span style=\"font-weight: 400;\">en met\u00e1lico, valor sujeto a las retenciones fiscales correspondientes explicadas en la cl\u00e1usula 7.<\/span><\/p><p><b>4- Condiciones para la participaci\u00f3n en el Sorteo<\/b><\/p><p><span style=\"font-weight: 400;\">Entrar\u00e1n en el Sorteo todos aquellos participantes que cumplan las siguientes condiciones y cumplan con las presentes Bases Legales:<\/span><\/p><ul><li style=\"font-weight: 400;\" aria-level=\"1\"><span style=\"font-weight: 400;\">a) Ser mayor de edad.<\/span><\/li><li style=\"font-weight: 400;\" aria-level=\"1\"><span style=\"font-weight: 400;\">b) Residir en Espa\u00f1a (Pen\u00ednsula, Baleares, Canarias, Ceuta y Melilla).<\/span><\/li><li style=\"font-weight: 400;\" aria-level=\"1\"><span style=\"font-weight: 400;\">c) Contar con un contrato en vigor de arrendamiento o disponer de un t\u00edtulo de propiedad de una vivienda.<\/span><\/li><li style=\"font-weight: 400;\" aria-level=\"1\">d) Registrarse en la siguiente URL: <a style=\"background-color: #ffffff;\" href=\"https:\/\/www.fotocasa.es\/es\/sorteos\/login\">https:\/\/www.fotocasa.es\/es\/sorteos\/login<\/a><\/li><\/ul><p><b>5- Normas de participaci\u00f3n:<\/b><span style=\"font-weight: 400;\"><br \/><\/span><\/p><p><span style=\"font-weight: 400;\">La participaci\u00f3n en el presente Sorteo est\u00e1 sujeta al cumplimiento de las siguientes normas:<\/span><\/p><ul><li style=\"font-weight: 400;\" aria-level=\"1\"><span style=\"font-weight: 400;\">Registrarse en la web de Fotocasa: <\/span><a href=\"https:\/\/www.fotocasa.es\/es\/sorteos\/login\"><span style=\"font-weight: 400;\">https:\/\/www.fotocasa.es\/es\/sorteos\/login<\/span><\/a><span style=\"font-weight: 400;\"> con su cuenta de correo electr\u00f3nico. Puedes participar en el Sorteo tantas veces como lo desees, con registr\u00e1ndote en Fotocasa con distintas cuentas y emails. Sin embargo, el participante \u00fanicamente podr\u00e1 resultar ganador del Sorteo una sola vez.<\/span><\/li><li style=\"font-weight: 400;\" aria-level=\"1\"><span style=\"font-weight: 400;\">Adevinta se reserva el derecho a solicitar a los participantes que aporten la documentaci\u00f3n necesaria para acreditar la veracidad de sus datos. En concreto se va a requerir la aportaci\u00f3n de los siguientes documentos:<\/span><\/li><\/ul><ul><li style=\"font-weight: 400;\" aria-level=\"2\"><span style=\"font-weight: 400;\">DNI del participante (nombre y apellidos).<\/span><\/li><li style=\"font-weight: 400;\" aria-level=\"2\"><span style=\"font-weight: 400;\">Direcci\u00f3n de residencia fiscal.<\/span><\/li><li style=\"font-weight: 400;\" aria-level=\"2\"><span style=\"font-weight: 400;\">E-mail del participante.<\/span><\/li><li style=\"font-weight: 400;\" aria-level=\"2\"><span style=\"font-weight: 400;\">Documento acreditativo del contrato en vigor de alquiler o del t\u00edtulo de propiedad de una vivienda.<\/span><\/li><li style=\"font-weight: 400;\" aria-level=\"2\"><span style=\"font-weight: 400;\">N\u00famero de cuenta bancaria.<\/span><\/li><\/ul><ul><li style=\"font-weight: 400;\" aria-level=\"1\"><span style=\"font-weight: 400;\">La participaci\u00f3n en el Sorteo implica la aceptaci\u00f3n \u00edntegra de estas bases y condiciones legales; ante posibles dudas de interpretaci\u00f3n siempre prevalecer\u00e1 el criterio de Adevinta.<\/span><\/li><li style=\"font-weight: 400;\" aria-level=\"1\"><span style=\"font-weight: 400;\">Quedan excluidos del Sorteo todas las personas empleadas de Adevinta y sus familiares hasta segundo grado, ya sea por afinidad o consanguinidad.\u00a0<\/span><\/li><li style=\"font-weight: 400;\" aria-level=\"1\"><span style=\"font-weight: 400;\">Adevinta se reserva el derecho de modificar las bases del Sorteo, parcial o totalmente en cualquier momento, sin previo aviso, en caso de que lo considere estrictamente necesario, comprometi\u00e9ndose a publicar dicha modificaci\u00f3n a trav\u00e9s de su p\u00e1gina web. Asimismo se reserva tambi\u00e9n el derecho a anularlo, a dejar los premios desiertos o revocarlos en caso de detectarse alguna irregularidad.<\/span><\/li><li style=\"font-weight: 400;\" aria-level=\"1\"><span style=\"font-weight: 400;\">En caso de sufrir ataques inform\u00e1ticos que dificulten o impidan la correcta gesti\u00f3n del Sorteo, Adevinta se reserva el derecho de anular el Sorteo.\u00a0<\/span><\/li><li style=\"font-weight: 400;\" aria-level=\"1\"><span style=\"font-weight: 400;\">Adevinta no se hace responsable de los errores en los que incurran los propios participantes al participar en este Sorteo.<\/span><\/li><li style=\"font-weight: 400;\" aria-level=\"1\"><span style=\"font-weight: 400;\">En caso de que cualquier participante defraude, altere o inutilice el buen funcionamiento y el transcurso normal y reglamentario del Sorteo, Adevinta se reserva el derecho de descalificar al participante, quedando liberada del cumplimiento de cualquier obligaci\u00f3n frente a dicho participante.\u00a0<\/span><\/li><li style=\"font-weight: 400;\" aria-level=\"1\"><span style=\"font-weight: 400;\">Las bases del presente Sorteo est\u00e1n sujetas a la legislaci\u00f3n espa\u00f1ola y a la jurisdicci\u00f3n exclusiva de los tribunales de la ciudad de Barcelona.<\/span><\/li><\/ul><p><b>6- Funcionamiento del Sorteo<\/b><\/p><p><span style=\"font-weight: 400;\">El plazo de participaci\u00f3n del Sorteo es desde el 14 de enero de 2026 a las 10:00h hasta el 31 de enero de 2026 a las 23:59h.<\/span><\/p><p><span style=\"font-weight: 400;\">Los ganadores del Sorteo se escoger\u00e1n de forma aleatoria entre todos los participantes.\u00a0<\/span><b>El Sorteo tendr\u00e1 lugar el d\u00eda 01 de febrero de 2026 <\/b><span style=\"font-weight: 400;\">y se realizar\u00e1 a trav\u00e9s de la web <\/span><span style=\"font-weight: 400;\">www.Sortea2.com<\/span><span style=\"font-weight: 400;\">. Se escoger\u00e1 a diez (10) ganadores y a cinco (5) suplentes.<\/span><\/p><p><span style=\"font-weight: 400;\"><br \/><\/span><span style=\"font-weight: 400;\">Adevinta se pondr\u00e1 en contacto con la persona ganadora a trav\u00e9s del e-mail facilitado en el registro del Sorteo, con el fin de gestionar la entrega del premio de acuerdo con las siguientes condiciones.<\/span><\/p><p><span style=\"font-weight: 400;\"><br \/><\/span><span style=\"font-weight: 400;\">Transcurridas 48 horas desde la puesta en contacto con la persona ganadora, y en caso de que no responda, no facilite los documentos acreditativos o se verifique la falsedad e incorrecci\u00f3n de los datos facilitados, su participaci\u00f3n ser\u00e1 inadmitida, quedando su candidatura descalificada y Adevinta proceder\u00e1 a contactar al primer usuario que figure en la lista de los suplentes. En caso de que sucediera lo mismo con alguno de los suplentes, Adevinta ir\u00eda contactando consecutivamente con los siguientes participantes de la lista hasta obtener respuesta o poder certificar la veracidad de los documentos o datos facilitados. En caso de que Adevinta no consiga contactar con ninguno de los 5 suplentes o no consiga certificar sus datos o documentaciones o se verifique la falsedad e incorrecci\u00f3n de los datos facilitados, conforme a las mismas condiciones descritas anteriormente, el premio se declarar\u00e1 desierto.\u00a0<\/span><\/p><p><span style=\"font-weight: 400;\"><br \/><\/span><span style=\"font-weight: 400;\">Una vez confirmada la persona ganadora, sus datos (imagen, nombre y apellidos) se har\u00e1n p\u00fablicos en el perfil oficial de Instagram de Fotocasa.<\/span><\/p><p><b>7- Datos personales<\/b><\/p><p><span style=\"font-weight: 400;\">Adevinta entregar\u00e1 el premio mediante transferencia bancaria en la cuenta bancaria facilitada por la persona ganadora. El presente premio obtenido en la participaci\u00f3n del Sorteo se considera una ganancia patrimonial tributable en el impuesto de la Renta de las personas f\u00edsicas y, como tal, el valor del premio obtenido debe incluirse en la base general del impuesto de la declaraci\u00f3n anual de la renta (art.101.7 LIRPF). Por ello, Adevinta, en cumplimiento de la vigente normativa fiscal, proceder\u00e1 a practicar la retenci\u00f3n oportuna sobre el premio y a ingresar en la Hacienda P\u00fablica, por nombre y cuenta de la persona ganadora, las cantidades que correspondan en concepto de IRPF e IVA. En este sentido, las retenciones oportunas ser\u00e1n descontadas al\u00a0premio. Adevinta, en su momento, expedir\u00e1 la oportuna certificaci\u00f3n que facilite al participante el cumplimiento de sus obligaciones fiscales al tener que incorporar en su declaraci\u00f3n de IRPF el rendimiento consistente en el premio recibido, junto con el resto de las rentas que perciba, y de cuya cuota total se podr\u00e1 deducir como ya ingresada la cantidad que conste en la mencionada certificaci\u00f3n de ingreso a cuenta.<\/span><\/p><p><span style=\"font-weight: 400;\">En consecuencia, Adevinta s\u00f3lo asume frente al contribuyente su obligaci\u00f3n legal de efectuar el ingreso a cuenta, siendo de cuenta del contribuyente el cumplimiento de sus respectivas obligaciones tributarias.<\/span><\/p><p><span style=\"font-weight: 400;\">Para ello, en conformidad con la cl\u00e1usula 5, se solicitar\u00e1n a la persona ganadora los siguientes datos para la entrega del premio: nombre y apellidos, DNI, direcci\u00f3n completa y e-mail.<\/span><\/p>\t\t\t\t\t\t\t\t<\/div>\n\t\t\t\t<\/div>\n\t\t\t\t<\/div>\n\t\t\t\t\t<\/div>\n\t\t\t\t<\/div>\n\t\t\t\t<\/div>\n\t\t","protected":false},"excerpt":{"rendered":"<p>Bases y condiciones legales para la participaci\u00f3n en el Sorteo de \u201cUn mes de alquiler o hipoteca\u201d. 1- Datos identificativos del Organizador ADEVINTA REAL ESTATE, S.L.U. (en adelante, \u201cAdevinta\u201d, o el Organizador\u201d) con domicilio en Calle Hernani 59, planta 1\u00aa, CP 28020, Madrid, Espa\u00f1a, con NIF: B-70677125 y titular, entre otros, del portal www.fotocasa.es (en [&hellip;]<\/p>\n","protected":false},"author":1,"featured_media":0,"parent":34704,"menu_order":0,"comment_status":"closed","ping_status":"closed","template":"","meta":{"footnotes":""},"class_list":["post-34705","page","type-page","status-publish","hentry"],"yoast_head":"<!-- This site is optimized with the Yoast SEO plugin v27.4 - https:\/\/yoast.com\/product\/yoast-seo-wordpress\/ -->\n<title>Bases legales ayuda alquiler hipoteca - Fotocasa: Proyecto Vivienda<\/title>\n<meta name=\"robots\" content=\"index, follow, max-snippet:-1, max-image-preview:large, max-video-preview:-1\" \/>\n<link rel=\"canonical\" href=\"https:\/\/www.fotocasa.es\/proyecto-vivienda\/ayuda-alquiler-hipoteca\/bases-legales\/\" \/>\n<meta property=\"og:locale\" content=\"es_ES\" \/>\n<meta property=\"og:type\" content=\"article\" \/>\n<meta property=\"og:title\" content=\"Bases legales ayuda alquiler hipoteca - Fotocasa: Proyecto Vivienda\" \/>\n<meta property=\"og:description\" content=\"Bases y condiciones legales para la participaci\u00f3n en el Sorteo de \u201cUn mes de alquiler o hipoteca\u201d. 1- Datos identificativos del Organizador ADEVINTA REAL ESTATE, S.L.U. (en adelante, \u201cAdevinta\u201d, o el Organizador\u201d) con domicilio en Calle Hernani 59, planta 1\u00aa, CP 28020, Madrid, Espa\u00f1a, con NIF: B-70677125 y titular, entre otros, del portal www.fotocasa.es (en [&hellip;]\" \/>\n<meta property=\"og:url\" content=\"https:\/\/www.fotocasa.es\/proyecto-vivienda\/ayuda-alquiler-hipoteca\/bases-legales\/\" \/>\n<meta property=\"og:site_name\" content=\"Fotocasa: Proyecto Vivienda\" \/>\n<meta property=\"article:modified_time\" content=\"2026-01-13T08:13:42+00:00\" \/>\n<meta name=\"twitter:card\" content=\"summary_large_image\" \/>\n<meta name=\"twitter:label1\" content=\"Tiempo de lectura\" \/>\n\t<meta name=\"twitter:data1\" content=\"6 minutos\" \/>\n<script type=\"application\/ld+json\" class=\"yoast-schema-graph\">{\"@context\":\"https:\\\/\\\/schema.org\",\"@graph\":[{\"@type\":\"WebPage\",\"@id\":\"https:\\\/\\\/www.fotocasa.es\\\/proyecto-vivienda\\\/ayuda-alquiler-hipoteca\\\/bases-legales\\\/\",\"url\":\"https:\\\/\\\/www.fotocasa.es\\\/proyecto-vivienda\\\/ayuda-alquiler-hipoteca\\\/bases-legales\\\/\",\"name\":\"Bases legales ayuda alquiler hipoteca - Fotocasa: Proyecto Vivienda\",\"isPartOf\":{\"@id\":\"https:\\\/\\\/www.fotocasa.es\\\/proyecto-vivienda\\\/#website\"},\"datePublished\":\"2025-03-06T13:20:45+00:00\",\"dateModified\":\"2026-01-13T08:13:42+00:00\",\"breadcrumb\":{\"@id\":\"https:\\\/\\\/www.fotocasa.es\\\/proyecto-vivienda\\\/ayuda-alquiler-hipoteca\\\/bases-legales\\\/#breadcrumb\"},\"inLanguage\":\"es\",\"potentialAction\":[{\"@type\":\"ReadAction\",\"target\":[\"https:\\\/\\\/www.fotocasa.es\\\/proyecto-vivienda\\\/ayuda-alquiler-hipoteca\\\/bases-legales\\\/\"]}]},{\"@type\":\"BreadcrumbList\",\"@id\":\"https:\\\/\\\/www.fotocasa.es\\\/proyecto-vivienda\\\/ayuda-alquiler-hipoteca\\\/bases-legales\\\/#breadcrumb\",\"itemListElement\":[{\"@type\":\"ListItem\",\"position\":1,\"name\":\"Home\",\"item\":\"https:\\\/\\\/www.fotocasa.es\\\/proyecto-vivienda\\\/\"},{\"@type\":\"ListItem\",\"position\":2,\"name\":\"Ayuda alquiler hipoteca\",\"item\":\"https:\\\/\\\/www.fotocasa.es\\\/proyecto-vivienda\\\/ayuda-alquiler-hipoteca\\\/\"},{\"@type\":\"ListItem\",\"position\":3,\"name\":\"Bases legales ayuda alquiler hipoteca\"}]},{\"@type\":\"WebSite\",\"@id\":\"https:\\\/\\\/www.fotocasa.es\\\/proyecto-vivienda\\\/#website\",\"url\":\"https:\\\/\\\/www.fotocasa.es\\\/proyecto-vivienda\\\/\",\"name\":\"Fotocasa: Proyecto Vivienda\",\"description\":\"Una iniciativa para ayudar a los j\u00f3venes y otros colectivos con ayudas, herramientas e informaci\u00f3n para ayudar a acceder a la vivienda a quien m\u00e1s lo necesita.\",\"publisher\":{\"@id\":\"https:\\\/\\\/www.fotocasa.es\\\/proyecto-vivienda\\\/#organization\"},\"potentialAction\":[{\"@type\":\"SearchAction\",\"target\":{\"@type\":\"EntryPoint\",\"urlTemplate\":\"https:\\\/\\\/www.fotocasa.es\\\/proyecto-vivienda\\\/?s={search_term_string}\"},\"query-input\":{\"@type\":\"PropertyValueSpecification\",\"valueRequired\":true,\"valueName\":\"search_term_string\"}}],\"inLanguage\":\"es\"},{\"@type\":\"Organization\",\"@id\":\"https:\\\/\\\/www.fotocasa.es\\\/proyecto-vivienda\\\/#organization\",\"name\":\"Fotocasa: Proyecto Vivienda\",\"url\":\"https:\\\/\\\/www.fotocasa.es\\\/proyecto-vivienda\\\/\",\"logo\":{\"@type\":\"ImageObject\",\"inLanguage\":\"es\",\"@id\":\"https:\\\/\\\/www.fotocasa.es\\\/proyecto-vivienda\\\/#\\\/schema\\\/logo\\\/image\\\/\",\"url\":\"https:\\\/\\\/www.fotocasa.es\\\/proyecto-vivienda\\\/wp-content\\\/uploads\\\/2022\\\/07\\\/logo-baja-1.png\",\"contentUrl\":\"https:\\\/\\\/www.fotocasa.es\\\/proyecto-vivienda\\\/wp-content\\\/uploads\\\/2022\\\/07\\\/logo-baja-1.png\",\"width\":500,\"height\":250,\"caption\":\"Fotocasa: Proyecto Vivienda\"},\"image\":{\"@id\":\"https:\\\/\\\/www.fotocasa.es\\\/proyecto-vivienda\\\/#\\\/schema\\\/logo\\\/image\\\/\"}}]}<\/script>\n<!-- \/ Yoast SEO plugin. -->","yoast_head_json":{"title":"Bases legales ayuda alquiler hipoteca - Fotocasa: Proyecto Vivienda","robots":{"index":"index","follow":"follow","max-snippet":"max-snippet:-1","max-image-preview":"max-image-preview:large","max-video-preview":"max-video-preview:-1"},"canonical":"https:\/\/www.fotocasa.es\/proyecto-vivienda\/ayuda-alquiler-hipoteca\/bases-legales\/","og_locale":"es_ES","og_type":"article","og_title":"Bases legales ayuda alquiler hipoteca - Fotocasa: Proyecto Vivienda","og_description":"Bases y condiciones legales para la participaci\u00f3n en el Sorteo de \u201cUn mes de alquiler o hipoteca\u201d. 1- Datos identificativos del Organizador ADEVINTA REAL ESTATE, S.L.U. (en adelante, \u201cAdevinta\u201d, o el Organizador\u201d) con domicilio en Calle Hernani 59, planta 1\u00aa, CP 28020, Madrid, Espa\u00f1a, con NIF: B-70677125 y titular, entre otros, del portal www.fotocasa.es (en [&hellip;]","og_url":"https:\/\/www.fotocasa.es\/proyecto-vivienda\/ayuda-alquiler-hipoteca\/bases-legales\/","og_site_name":"Fotocasa: Proyecto Vivienda","article_modified_time":"2026-01-13T08:13:42+00:00","twitter_card":"summary_large_image","twitter_misc":{"Tiempo de lectura":"6 minutos"},"schema":{"@context":"https:\/\/schema.org","@graph":[{"@type":"WebPage","@id":"https:\/\/www.fotocasa.es\/proyecto-vivienda\/ayuda-alquiler-hipoteca\/bases-legales\/","url":"https:\/\/www.fotocasa.es\/proyecto-vivienda\/ayuda-alquiler-hipoteca\/bases-legales\/","name":"Bases legales ayuda alquiler hipoteca - Fotocasa: Proyecto Vivienda","isPartOf":{"@id":"https:\/\/www.fotocasa.es\/proyecto-vivienda\/#website"},"datePublished":"2025-03-06T13:20:45+00:00","dateModified":"2026-01-13T08:13:42+00:00","breadcrumb":{"@id":"https:\/\/www.fotocasa.es\/proyecto-vivienda\/ayuda-alquiler-hipoteca\/bases-legales\/#breadcrumb"},"inLanguage":"es","potentialAction":[{"@type":"ReadAction","target":["https:\/\/www.fotocasa.es\/proyecto-vivienda\/ayuda-alquiler-hipoteca\/bases-legales\/"]}]},{"@type":"BreadcrumbList","@id":"https:\/\/www.fotocasa.es\/proyecto-vivienda\/ayuda-alquiler-hipoteca\/bases-legales\/#breadcrumb","itemListElement":[{"@type":"ListItem","position":1,"name":"Home","item":"https:\/\/www.fotocasa.es\/proyecto-vivienda\/"},{"@type":"ListItem","position":2,"name":"Ayuda alquiler hipoteca","item":"https:\/\/www.fotocasa.es\/proyecto-vivienda\/ayuda-alquiler-hipoteca\/"},{"@type":"ListItem","position":3,"name":"Bases legales ayuda alquiler hipoteca"}]},{"@type":"WebSite","@id":"https:\/\/www.fotocasa.es\/proyecto-vivienda\/#website","url":"https:\/\/www.fotocasa.es\/proyecto-vivienda\/","name":"Fotocasa: Proyecto Vivienda","description":"Una iniciativa para ayudar a los j\u00f3venes y otros colectivos con ayudas, herramientas e informaci\u00f3n para ayudar a acceder a la vivienda a quien m\u00e1s lo necesita.","publisher":{"@id":"https:\/\/www.fotocasa.es\/proyecto-vivienda\/#organization"},"potentialAction":[{"@type":"SearchAction","target":{"@type":"EntryPoint","urlTemplate":"https:\/\/www.fotocasa.es\/proyecto-vivienda\/?s={search_term_string}"},"query-input":{"@type":"PropertyValueSpecification","valueRequired":true,"valueName":"search_term_string"}}],"inLanguage":"es"},{"@type":"Organization","@id":"https:\/\/www.fotocasa.es\/proyecto-vivienda\/#organization","name":"Fotocasa: Proyecto Vivienda","url":"https:\/\/www.fotocasa.es\/proyecto-vivienda\/","logo":{"@type":"ImageObject","inLanguage":"es","@id":"https:\/\/www.fotocasa.es\/proyecto-vivienda\/#\/schema\/logo\/image\/","url":"https:\/\/www.fotocasa.es\/proyecto-vivienda\/wp-content\/uploads\/2022\/07\/logo-baja-1.png","contentUrl":"https:\/\/www.fotocasa.es\/proyecto-vivienda\/wp-content\/uploads\/2022\/07\/logo-baja-1.png","width":500,"height":250,"caption":"Fotocasa: Proyecto Vivienda"},"image":{"@id":"https:\/\/www.fotocasa.es\/proyecto-vivienda\/#\/schema\/logo\/image\/"}}]}},"_links":{"self":[{"href":"https:\/\/www.fotocasa.es\/proyecto-vivienda\/wp-json\/wp\/v2\/pages\/34705","targetHints":{"allow":["GET"]}}],"collection":[{"href":"https:\/\/www.fotocasa.es\/proyecto-vivienda\/wp-json\/wp\/v2\/pages"}],"about":[{"href":"https:\/\/www.fotocasa.es\/proyecto-vivienda\/wp-json\/wp\/v2\/types\/page"}],"author":[{"embeddable":true,"href":"https:\/\/www.fotocasa.es\/proyecto-vivienda\/wp-json\/wp\/v2\/users\/1"}],"replies":[{"embeddable":true,"href":"https:\/\/www.fotocasa.es\/proyecto-vivienda\/wp-json\/wp\/v2\/comments?post=34705"}],"version-history":[{"count":0,"href":"https:\/\/www.fotocasa.es\/proyecto-vivienda\/wp-json\/wp\/v2\/pages\/34705\/revisions"}],"up":[{"embeddable":true,"href":"https:\/\/www.fotocasa.es\/proyecto-vivienda\/wp-json\/wp\/v2\/pages\/34704"}],"wp:attachment":[{"href":"https:\/\/www.fotocasa.es\/proyecto-vivienda\/wp-json\/wp\/v2\/media?parent=34705"}],"curies":[{"name":"wp","href":"https:\/\/api.w.org\/{rel}","templated":true}]}}