{"id":32088,"date":"2023-12-13T14:12:25","date_gmt":"2023-12-13T14:12:25","guid":{"rendered":"https:\/\/www.fotocasa.es\/proyecto-vivienda\/?page_id=32088"},"modified":"2023-12-13T14:31:46","modified_gmt":"2023-12-13T14:31:46","slug":"bases-legales-sorteo-navidad-regalos","status":"publish","type":"page","link":"https:\/\/www.fotocasa.es\/proyecto-vivienda\/bases-legales-sorteo-navidad-regalos\/","title":{"rendered":"Bases legales Sorteo Especial de Navidad"},"content":{"rendered":"\t\t<div data-elementor-type=\"wp-page\" data-elementor-id=\"32088\" class=\"elementor elementor-32088\" data-elementor-post-type=\"page\">\n\t\t\t\t<div class=\"elementor-element elementor-element-d1cbd64 promo-vaciada e-flex e-con-boxed e-con e-parent\" data-id=\"d1cbd64\" data-element_type=\"container\" data-e-type=\"container\" data-settings=\"{&quot;background_background&quot;:&quot;classic&quot;,&quot;animation&quot;:&quot;none&quot;,&quot;animation_mobile&quot;:&quot;none&quot;}\">\n\t\t\t\t\t<div class=\"e-con-inner\">\n\t\t<div class=\"elementor-element elementor-element-92f32d9 e-con-full animated-slow e-flex e-con e-child\" data-id=\"92f32d9\" data-element_type=\"container\" data-e-type=\"container\" data-settings=\"{&quot;animation&quot;:&quot;none&quot;}\">\n\t\t\t\t<div class=\"elementor-element elementor-element-49ba0a7 elementor-widget elementor-widget-heading\" data-id=\"49ba0a7\" data-element_type=\"widget\" data-e-type=\"widget\" data-widget_type=\"heading.default\">\n\t\t\t\t<div class=\"elementor-widget-container\">\n\t\t\t\t\t<h2 class=\"elementor-heading-title elementor-size-default\">Bases y condiciones legales para la participaci\u00f3n en el Sorteo especial de Navidad del Proyecto Vivienda de Fotocasa - \"Ning\u00fan hogar sin regalo\"\n<\/h2>\t\t\t\t<\/div>\n\t\t\t\t<\/div>\n\t\t\t\t<div class=\"elementor-element elementor-element-0416720 elementor-widget elementor-widget-text-editor\" data-id=\"0416720\" data-element_type=\"widget\" data-e-type=\"widget\" data-widget_type=\"text-editor.default\">\n\t\t\t\t<div class=\"elementor-widget-container\">\n\t\t\t\t\t\t\t\t\t<p><b>1- Datos identificativos del Organizador<\/b><\/p><p>ADEVINTA SPAIN, S.L.U. (en adelante, \u201cAdevinta o el Organizador\u201d) con domicilio en Calle Hernani 59, plantas 1\u00aa, CP 28020, Madrid, Espa\u00f1a, con NIF: B-8411652.<\/p><p><b>2- Objetivo del Sorteo\u00a0<\/b><\/p><p>El objetivo del<strong><em> sorteo de Ayuda especial de Navidad de Fotocasa<\/em><\/strong> (en adelante, el \u201cSorteo\u201d) es ayudar, en unas fechas tan se\u00f1aladas, a las personas desempleadas o con unas rentas inferiores a 25.000 euros, facilit\u00e1ndoles una ayuda econ\u00f3mica de un vale de cincuenta euros (50\u20ac) para gastar en Amazon<strong>. <\/strong>Desde Fotocasa ofreceremos la oportunidad de lograr esta ayuda a 40 personas ganadoras del Sorteo que cumplan con las presentes condiciones. Para m\u00e1s informaci\u00f3n sobre el Sorteo y sus finalidades, consultar <a href=\"https:\/\/www.fotocasa.es\/proyecto-vivienda\/bases-legales-sorteo-navidad-regalos\/\">https:\/\/www.fotocasa.es\/proyecto-vivienda\/bases-legales-sorteo-navidad-regalos\/<\/a><\/p><p><b>3- Descripci\u00f3n del premio<\/b><\/p><p>Cada una de las 40 personas ganadoras seran premiadas con una (1) tarjeta de Amazon por importe de CINCUENTA EUROS (50\u20ac) para la utilizaci\u00f3n en la p\u00e1gina web <a href=\"https:\/\/www.amazon.es\/\">www.amazon.es<\/a><\/p><p><b>4- Condiciones para la participaci\u00f3n en el Sorteo<\/b><\/p><p>La participaci\u00f3n en el presente Sorteo est\u00e1 sujeta al cumplimiento de las siguientes condiciones de participaci\u00f3n:<\/p><p><u>4.1. Condiciones principales:<\/u><\/p><ol><li>Ser mayor de edad.<\/li><li>Residir en Espa\u00f1a (Pen\u00ednsula, Baleares, Canarias, Ceuta y Melilla).<\/li><li>Encontrarse en situaci\u00f3n de desempleo, o ser trabajador por cuenta ajena con un salario bruto anual inferior o igual a 25.000 euros, o ser trabajador aut\u00f3nomo con ingresos brutos inferiores o iguales a 25.000 euros anuales<\/li><li>Seguir el perfil de Fotocasa de Instagram y escribir un comentario en el hilo del <em>post <\/em>del Sorteo etiquetando a otro usuario de Instagram.<\/li><\/ol><p><u>4.2. Otras condiciones:<\/u><\/p><ul><li>Adevinta se reserva el derecho a solicitar a los participantes que aporten la documentaci\u00f3n necesaria para acreditar la veracidad de sus datos. Cualquier falsedad detectada en los datos proporcionados por los participantes conllevar\u00e1 la exclusi\u00f3n de su participaci\u00f3n en el concurso. En concreto se va a requerir la aportaci\u00f3n de los siguientes documentos:<ul><li>DNI del participante.<\/li><li>E-mail del participante.<\/li><li>Documento acreditativo de una renta inferior a 25.000 euros (p. ej., \u00faltima declaraci\u00f3n de la renta presentada o en su defecto, certificado de retenciones e ingresos a cuenta del IRPF o justificante de encontrarse en situaci\u00f3n de desempleo, o cualquier otro documento oficial que permita justificar que se cumple con el requisito del salario bruto anual).<\/li><\/ul><\/li><li>La participaci\u00f3n en el Sorteo implica la aceptaci\u00f3n \u00edntegra de estas bases y condiciones legales; ante posibles dudas de interpretaci\u00f3n siempre prevalecer\u00e1 el criterio de Adevinta.<\/li><li>El premio no podr\u00e1 ser cambiado por su valor en met\u00e1lico.<\/li><li>Quedan excluidos del Sorteo todas las personas empleadas de Adevinta y sus familiares hasta segundo grado, ya sea por afinidad o consanguinidad.<\/li><li>Adevinta se reserva el derecho de modificar las bases del Sorteo, parcial o totalmente en cualquier momento, sin previo aviso, en caso de que lo considere estrictamente necesario, comprometi\u00e9ndose a publicar dicha modificaci\u00f3n a trav\u00e9s de su p\u00e1gina web. Asimismo se reserva tambi\u00e9n el derecho a anularlo, a dejar los premios desiertos o revocarlos en caso de detectarse alguna irregularidad.<\/li><li>En caso de sufrir ataques inform\u00e1ticos que dificulten o impidan la correcta gesti\u00f3n del Sorteo, Adevinta se reserva el derecho de anular el Sorteo.<\/li><li>Adevinta no se hace responsable de los errores en los que incurran los propios participantes al participar en este Sorteo.<\/li><li>En caso de que cualquier participante defraude, altere o inutilice el buen funcionamiento y el transcurso normal y reglamentario del Sorteo, Adevinta se reserva el derecho de descalificar al participante, quedando liberada del cumplimiento de cualquier obligaci\u00f3n frente a dicho participante.<\/li><li>Las bases del presente Sorteo est\u00e1n sujetas a la legislaci\u00f3n espa\u00f1ola y a la jurisdicci\u00f3n exclusiva de los tribunales de la ciudad de Barcelona.<\/li><\/ul><p><b>5- Funcionamiento del Sorteo<\/b><\/p><p>El plazo de participaci\u00f3n en el Sorteo es desde el 14 de diciembre de 2023 a las 10:00h hasta el 20 de diciembre de 2023 a las 23:59h.<\/p><p>Los ganadores del Sorteo se escoger\u00e1n de forma aleatoria entre todos los participantes. <strong>El Sorteo tendr\u00e1 lugar el d\u00eda 21 de diciembre de 2023 <\/strong>y se realizar\u00e1 a trav\u00e9s de la aplicaci\u00f3n Easypromos (<a href=\"https:\/\/www.easypromosapp.com\/\">https:\/\/www.easypromosapp.com\/<\/a>).Se escoger\u00e1 a 40 ganadores y a 10 suplentes.<\/p><p>Adevinta se pondr\u00e1 en contacto con los ganadores a trav\u00e9s de su perfil en redes sociales a trav\u00e9s del cual haya participado en el Sorteo, con el fin de gestionar la entrega del premio de acuerdo con las siguientes condiciones.<\/p><p>La comunicaci\u00f3n con los ganadores se har\u00e1 como m\u00e1ximo en el plazo de dos (2) d\u00edas laborables desde la fecha de celebraci\u00f3n del Sorteo.\u00a0<\/p><p>Transcurridas 48 horas desde la puesta en contacto con los ganadores, y en caso de que no respondan, no faciliten los documentos acreditativos o se verifique la falsedad e incorrecci\u00f3n de los datos facilitados, su participaci\u00f3n ser\u00e1 inadmitida, quedando su candidatura descalificada y Adevinta proceder\u00e1 a contactar al primer usuario que figure en la lista de los suplentes. En caso de que sucediera lo mismo con alguno de los suplentes, Adevinta ir\u00eda contactando consecutivamente con los siguientes suplentes hasta obtener respuesta o poder certificar la veracidad de los documentos o datos facilitados. En caso de que Adevinta no consiga contactar con ninguno de los suplentes o no consiga certificar sus datos o documentaciones o se verifique la falsedad e incorrecci\u00f3n de los datos facilitados, conforme a las mismas condiciones descritas anteriormente, el premio se declarar\u00e1 desierto y Adevinta quedar\u00e1 eximida de cualquier responsabilidad.\u00a0<\/p><p><b>6- Datos personales<\/b><\/p><p><span style=\"font-weight: 400;\">Para informarte de c\u00f3mo trataremos tus datos puedes consultar nuestra Pol\u00edtica de Privacidad en: <\/span><a href=\"https:\/\/www.fotocasa.es\/proyecto-vivienda\/politica-privacidad\/\"><span style=\"font-weight: 400;\">https:\/\/www.fotocasa.es\/proyecto-vivienda\/politica-privacidad\/<\/span><\/a><\/p><p><b>7- Obligaciones fiscales<\/b><\/p><p>Este premio no tiene implicaciones de IRPF para los ganadores.<\/p>\t\t\t\t\t\t\t\t<\/div>\n\t\t\t\t<\/div>\n\t\t\t\t<\/div>\n\t\t\t\t\t<\/div>\n\t\t\t\t<\/div>\n\t\t\t\t<\/div>\n\t\t","protected":false},"excerpt":{"rendered":"<p>Bases y condiciones legales para la participaci\u00f3n en el Sorteo especial de Navidad del Proyecto Vivienda de Fotocasa &#8211; \u00abNing\u00fan hogar sin regalo\u00bb 1- Datos identificativos del Organizador ADEVINTA SPAIN, S.L.U. (en adelante, \u201cAdevinta o el Organizador\u201d) con domicilio en Calle Hernani 59, plantas 1\u00aa, CP 28020, Madrid, Espa\u00f1a, con NIF: B-8411652. 2- Objetivo del [&hellip;]<\/p>\n","protected":false},"author":2,"featured_media":0,"parent":0,"menu_order":0,"comment_status":"closed","ping_status":"closed","template":"","meta":{"footnotes":""},"class_list":["post-32088","page","type-page","status-publish","hentry"],"yoast_head":"<!-- This site is optimized with the Yoast SEO plugin v27.5 - https:\/\/yoast.com\/product\/yoast-seo-wordpress\/ -->\n<title>Bases legales Sorteo Especial de Navidad - Fotocasa: Proyecto Vivienda<\/title>\n<meta name=\"robots\" content=\"index, follow, max-snippet:-1, max-image-preview:large, max-video-preview:-1\" \/>\n<link rel=\"canonical\" href=\"https:\/\/www.fotocasa.es\/proyecto-vivienda\/bases-legales-sorteo-navidad-regalos\/\" \/>\n<meta property=\"og:locale\" content=\"es_ES\" \/>\n<meta property=\"og:type\" content=\"article\" \/>\n<meta property=\"og:title\" content=\"Bases legales Sorteo Especial de Navidad - Fotocasa: Proyecto Vivienda\" \/>\n<meta property=\"og:description\" content=\"Bases y condiciones legales para la participaci\u00f3n en el Sorteo especial de Navidad del Proyecto Vivienda de Fotocasa &#8211; \u00abNing\u00fan hogar sin regalo\u00bb 1- Datos identificativos del Organizador ADEVINTA SPAIN, S.L.U. (en adelante, \u201cAdevinta o el Organizador\u201d) con domicilio en Calle Hernani 59, plantas 1\u00aa, CP 28020, Madrid, Espa\u00f1a, con NIF: B-8411652. 2- Objetivo del [&hellip;]\" \/>\n<meta property=\"og:url\" content=\"https:\/\/www.fotocasa.es\/proyecto-vivienda\/bases-legales-sorteo-navidad-regalos\/\" \/>\n<meta property=\"og:site_name\" content=\"Fotocasa: Proyecto Vivienda\" \/>\n<meta property=\"article:modified_time\" content=\"2023-12-13T14:31:46+00:00\" \/>\n<meta name=\"twitter:card\" content=\"summary_large_image\" \/>\n<meta name=\"twitter:label1\" content=\"Tiempo de lectura\" \/>\n\t<meta name=\"twitter:data1\" content=\"5 minutos\" \/>\n<script type=\"application\/ld+json\" class=\"yoast-schema-graph\">{\"@context\":\"https:\\\/\\\/schema.org\",\"@graph\":[{\"@type\":\"WebPage\",\"@id\":\"https:\\\/\\\/www.fotocasa.es\\\/proyecto-vivienda\\\/bases-legales-sorteo-navidad-regalos\\\/\",\"url\":\"https:\\\/\\\/www.fotocasa.es\\\/proyecto-vivienda\\\/bases-legales-sorteo-navidad-regalos\\\/\",\"name\":\"Bases legales Sorteo Especial de Navidad - Fotocasa: Proyecto Vivienda\",\"isPartOf\":{\"@id\":\"https:\\\/\\\/www.fotocasa.es\\\/proyecto-vivienda\\\/#website\"},\"datePublished\":\"2023-12-13T14:12:25+00:00\",\"dateModified\":\"2023-12-13T14:31:46+00:00\",\"breadcrumb\":{\"@id\":\"https:\\\/\\\/www.fotocasa.es\\\/proyecto-vivienda\\\/bases-legales-sorteo-navidad-regalos\\\/#breadcrumb\"},\"inLanguage\":\"es\",\"potentialAction\":[{\"@type\":\"ReadAction\",\"target\":[\"https:\\\/\\\/www.fotocasa.es\\\/proyecto-vivienda\\\/bases-legales-sorteo-navidad-regalos\\\/\"]}]},{\"@type\":\"BreadcrumbList\",\"@id\":\"https:\\\/\\\/www.fotocasa.es\\\/proyecto-vivienda\\\/bases-legales-sorteo-navidad-regalos\\\/#breadcrumb\",\"itemListElement\":[{\"@type\":\"ListItem\",\"position\":1,\"name\":\"Home\",\"item\":\"https:\\\/\\\/www.fotocasa.es\\\/proyecto-vivienda\\\/\"},{\"@type\":\"ListItem\",\"position\":2,\"name\":\"Bases legales Sorteo Especial de Navidad\"}]},{\"@type\":\"WebSite\",\"@id\":\"https:\\\/\\\/www.fotocasa.es\\\/proyecto-vivienda\\\/#website\",\"url\":\"https:\\\/\\\/www.fotocasa.es\\\/proyecto-vivienda\\\/\",\"name\":\"Fotocasa: Proyecto Vivienda\",\"description\":\"Una iniciativa para ayudar a los j\u00f3venes y otros colectivos con ayudas, herramientas e informaci\u00f3n para ayudar a acceder a la vivienda a quien m\u00e1s lo necesita.\",\"publisher\":{\"@id\":\"https:\\\/\\\/www.fotocasa.es\\\/proyecto-vivienda\\\/#organization\"},\"potentialAction\":[{\"@type\":\"SearchAction\",\"target\":{\"@type\":\"EntryPoint\",\"urlTemplate\":\"https:\\\/\\\/www.fotocasa.es\\\/proyecto-vivienda\\\/?s={search_term_string}\"},\"query-input\":{\"@type\":\"PropertyValueSpecification\",\"valueRequired\":true,\"valueName\":\"search_term_string\"}}],\"inLanguage\":\"es\"},{\"@type\":\"Organization\",\"@id\":\"https:\\\/\\\/www.fotocasa.es\\\/proyecto-vivienda\\\/#organization\",\"name\":\"Fotocasa: Proyecto Vivienda\",\"url\":\"https:\\\/\\\/www.fotocasa.es\\\/proyecto-vivienda\\\/\",\"logo\":{\"@type\":\"ImageObject\",\"inLanguage\":\"es\",\"@id\":\"https:\\\/\\\/www.fotocasa.es\\\/proyecto-vivienda\\\/#\\\/schema\\\/logo\\\/image\\\/\",\"url\":\"https:\\\/\\\/www.fotocasa.es\\\/proyecto-vivienda\\\/wp-content\\\/uploads\\\/2022\\\/07\\\/logo-baja-1.png\",\"contentUrl\":\"https:\\\/\\\/www.fotocasa.es\\\/proyecto-vivienda\\\/wp-content\\\/uploads\\\/2022\\\/07\\\/logo-baja-1.png\",\"width\":500,\"height\":250,\"caption\":\"Fotocasa: Proyecto Vivienda\"},\"image\":{\"@id\":\"https:\\\/\\\/www.fotocasa.es\\\/proyecto-vivienda\\\/#\\\/schema\\\/logo\\\/image\\\/\"}}]}<\/script>\n<!-- \/ Yoast SEO plugin. -->","yoast_head_json":{"title":"Bases legales Sorteo Especial de Navidad - Fotocasa: Proyecto Vivienda","robots":{"index":"index","follow":"follow","max-snippet":"max-snippet:-1","max-image-preview":"max-image-preview:large","max-video-preview":"max-video-preview:-1"},"canonical":"https:\/\/www.fotocasa.es\/proyecto-vivienda\/bases-legales-sorteo-navidad-regalos\/","og_locale":"es_ES","og_type":"article","og_title":"Bases legales Sorteo Especial de Navidad - Fotocasa: Proyecto Vivienda","og_description":"Bases y condiciones legales para la participaci\u00f3n en el Sorteo especial de Navidad del Proyecto Vivienda de Fotocasa &#8211; \u00abNing\u00fan hogar sin regalo\u00bb 1- Datos identificativos del Organizador ADEVINTA SPAIN, S.L.U. (en adelante, \u201cAdevinta o el Organizador\u201d) con domicilio en Calle Hernani 59, plantas 1\u00aa, CP 28020, Madrid, Espa\u00f1a, con NIF: B-8411652. 2- Objetivo del [&hellip;]","og_url":"https:\/\/www.fotocasa.es\/proyecto-vivienda\/bases-legales-sorteo-navidad-regalos\/","og_site_name":"Fotocasa: Proyecto Vivienda","article_modified_time":"2023-12-13T14:31:46+00:00","twitter_card":"summary_large_image","twitter_misc":{"Tiempo de lectura":"5 minutos"},"schema":{"@context":"https:\/\/schema.org","@graph":[{"@type":"WebPage","@id":"https:\/\/www.fotocasa.es\/proyecto-vivienda\/bases-legales-sorteo-navidad-regalos\/","url":"https:\/\/www.fotocasa.es\/proyecto-vivienda\/bases-legales-sorteo-navidad-regalos\/","name":"Bases legales Sorteo Especial de Navidad - Fotocasa: Proyecto Vivienda","isPartOf":{"@id":"https:\/\/www.fotocasa.es\/proyecto-vivienda\/#website"},"datePublished":"2023-12-13T14:12:25+00:00","dateModified":"2023-12-13T14:31:46+00:00","breadcrumb":{"@id":"https:\/\/www.fotocasa.es\/proyecto-vivienda\/bases-legales-sorteo-navidad-regalos\/#breadcrumb"},"inLanguage":"es","potentialAction":[{"@type":"ReadAction","target":["https:\/\/www.fotocasa.es\/proyecto-vivienda\/bases-legales-sorteo-navidad-regalos\/"]}]},{"@type":"BreadcrumbList","@id":"https:\/\/www.fotocasa.es\/proyecto-vivienda\/bases-legales-sorteo-navidad-regalos\/#breadcrumb","itemListElement":[{"@type":"ListItem","position":1,"name":"Home","item":"https:\/\/www.fotocasa.es\/proyecto-vivienda\/"},{"@type":"ListItem","position":2,"name":"Bases legales Sorteo Especial de Navidad"}]},{"@type":"WebSite","@id":"https:\/\/www.fotocasa.es\/proyecto-vivienda\/#website","url":"https:\/\/www.fotocasa.es\/proyecto-vivienda\/","name":"Fotocasa: Proyecto Vivienda","description":"Una iniciativa para ayudar a los j\u00f3venes y otros colectivos con ayudas, herramientas e informaci\u00f3n para ayudar a acceder a la vivienda a quien m\u00e1s lo necesita.","publisher":{"@id":"https:\/\/www.fotocasa.es\/proyecto-vivienda\/#organization"},"potentialAction":[{"@type":"SearchAction","target":{"@type":"EntryPoint","urlTemplate":"https:\/\/www.fotocasa.es\/proyecto-vivienda\/?s={search_term_string}"},"query-input":{"@type":"PropertyValueSpecification","valueRequired":true,"valueName":"search_term_string"}}],"inLanguage":"es"},{"@type":"Organization","@id":"https:\/\/www.fotocasa.es\/proyecto-vivienda\/#organization","name":"Fotocasa: Proyecto Vivienda","url":"https:\/\/www.fotocasa.es\/proyecto-vivienda\/","logo":{"@type":"ImageObject","inLanguage":"es","@id":"https:\/\/www.fotocasa.es\/proyecto-vivienda\/#\/schema\/logo\/image\/","url":"https:\/\/www.fotocasa.es\/proyecto-vivienda\/wp-content\/uploads\/2022\/07\/logo-baja-1.png","contentUrl":"https:\/\/www.fotocasa.es\/proyecto-vivienda\/wp-content\/uploads\/2022\/07\/logo-baja-1.png","width":500,"height":250,"caption":"Fotocasa: Proyecto Vivienda"},"image":{"@id":"https:\/\/www.fotocasa.es\/proyecto-vivienda\/#\/schema\/logo\/image\/"}}]}},"_links":{"self":[{"href":"https:\/\/www.fotocasa.es\/proyecto-vivienda\/wp-json\/wp\/v2\/pages\/32088","targetHints":{"allow":["GET"]}}],"collection":[{"href":"https:\/\/www.fotocasa.es\/proyecto-vivienda\/wp-json\/wp\/v2\/pages"}],"about":[{"href":"https:\/\/www.fotocasa.es\/proyecto-vivienda\/wp-json\/wp\/v2\/types\/page"}],"author":[{"embeddable":true,"href":"https:\/\/www.fotocasa.es\/proyecto-vivienda\/wp-json\/wp\/v2\/users\/2"}],"replies":[{"embeddable":true,"href":"https:\/\/www.fotocasa.es\/proyecto-vivienda\/wp-json\/wp\/v2\/comments?post=32088"}],"version-history":[{"count":0,"href":"https:\/\/www.fotocasa.es\/proyecto-vivienda\/wp-json\/wp\/v2\/pages\/32088\/revisions"}],"wp:attachment":[{"href":"https:\/\/www.fotocasa.es\/proyecto-vivienda\/wp-json\/wp\/v2\/media?parent=32088"}],"curies":[{"name":"wp","href":"https:\/\/api.w.org\/{rel}","templated":true}]}}