{"id":28141,"date":"2022-12-12T09:52:38","date_gmt":"2022-12-12T09:52:38","guid":{"rendered":"https:\/\/www.fotocasa.es\/proyecto-vivienda\/?page_id=28141"},"modified":"2023-12-13T14:23:56","modified_gmt":"2023-12-13T14:23:56","slug":"bases-legales-sorteo-navidad","status":"publish","type":"page","link":"https:\/\/www.fotocasa.es\/proyecto-vivienda\/bases-legales-sorteo-navidad\/","title":{"rendered":"Bases legales sorteo Ayuda Navidad"},"content":{"rendered":"\t\t<div data-elementor-type=\"wp-page\" data-elementor-id=\"28141\" class=\"elementor elementor-28141\" data-elementor-post-type=\"page\">\n\t\t\t\t<div class=\"elementor-element elementor-element-d1cbd64 promo-vaciada e-flex e-con-boxed e-con e-parent\" data-id=\"d1cbd64\" data-element_type=\"container\" data-e-type=\"container\" data-settings=\"{&quot;background_background&quot;:&quot;classic&quot;,&quot;animation&quot;:&quot;none&quot;,&quot;animation_mobile&quot;:&quot;none&quot;}\">\n\t\t\t\t\t<div class=\"e-con-inner\">\n\t\t<div class=\"elementor-element elementor-element-92f32d9 e-con-full animated-slow e-flex e-con e-parent\" data-id=\"92f32d9\" data-element_type=\"container\" data-e-type=\"container\" data-settings=\"{&quot;animation&quot;:&quot;none&quot;}\">\n\t\t\t\t<div class=\"elementor-element elementor-element-49ba0a7 elementor-widget elementor-widget-heading\" data-id=\"49ba0a7\" data-element_type=\"widget\" data-e-type=\"widget\" data-widget_type=\"heading.default\">\n\t\t\t\t<div class=\"elementor-widget-container\">\n\t\t\t\t\t<h2 class=\"elementor-heading-title elementor-size-default\">Bases y condiciones legales para la participaci\u00f3n en el Sorteo especial de Navidad del Proyecto Vivienda de Fotocasa\n<\/h2>\t\t\t\t<\/div>\n\t\t\t\t<\/div>\n\t\t\t\t<div class=\"elementor-element elementor-element-0416720 elementor-widget elementor-widget-text-editor\" data-id=\"0416720\" data-element_type=\"widget\" data-e-type=\"widget\" data-widget_type=\"text-editor.default\">\n\t\t\t\t<div class=\"elementor-widget-container\">\n\t\t\t\t\t\t\t\t\t<p><b><span style=\"color: var( --e-global-color-text ); text-align: var(--text-align);\">1. Datos identificativos del Organizador<\/span><\/b><\/p>\n<p>ADEVINTA SPAIN, S.L.U. (en adelante, \u201cAdevinta o el Organizador\u201d) con domicilio en Calle Hernani 59, planta 1\u00aa, CP 28020, Madrid, Espa\u00f1a, con NIF: B-8411652.<\/p><p><br><\/p>\n<p><b>2. Objetivo del Sorteo<\/b><\/p>\n<p>El objetivo del sorteo de Ayuda especial de Navidad de Fotocasa (en adelante, el \u201c<b>Sorteo<\/b>\u201d) es ayudar, en unas fechas tan se\u00f1aladas, a las personas con unas rentas inferiores a 25.000 euros, facilit\u00e1ndoles una ayuda econ\u00f3mica de <b>DOS MIL EUROS (2.000\u20ac).<\/b> Desde Fotocasa ofreceremos la oportunidad de lograr esta ayuda a la persona ganadora del Sorteo que cumpla con las presentes condiciones. Para m\u00e1s informaci\u00f3n sobre el Sorteo y sus finalidades, consultar [<a href=\"https:\/\/www.fotocasa.es\/proyecto-vivienda\/ayuda-de-navidad\/\" target=\"_blank\" rel=\"noopener\"><u>https:\/\/www.fotocasa.es\/proyecto-vivienda\/ayuda-de-navidad\/<\/u><\/a>].<\/p><p><br><\/p>\n<p><b>3. Descripci\u00f3n del premio<\/b><\/p>\n<p>La persona ganadora ser\u00e1 premiada con DOS MIL EUROS (2.000\u20ac) en met\u00e1lico, valor sujeto a las retenciones fiscales correspondientes explicadas en la cl\u00e1usula 8.<\/p><p><br><\/p>\n<p><b>4. Condiciones para la participaci\u00f3n en el Sorteo<\/b><\/p>\n<p>Entrar\u00e1n en el Sorteo todos aquellos participantes que cumplan las siguientes condiciones y cumplan con las presentes<\/p>\n<p>Bases Legales:<\/p>\n<p>a) Ser mayor de edad.<br>b) Residir en Espa\u00f1a (Pen\u00ednsula, Baleares, Canarias, Ceuta y Melilla).<br>c) Encontrarse en situaci\u00f3n de desempleo, o ser una persona trabajadora con un salario bruto anual inferior o igual a 25.000 euros.<br>d) Contar con un contrato en vigor de arrendamiento o disponer de un t\u00edtulo de propiedad de una vivienda.<br>e) Seguir el perfil de Fotocasa de Instagram y escribir un comentario en el hilo del post del Sorteo que incluya el hashtag (#) #AyudaFotocasa.<\/p><p><br><\/p>\n<p><b>5. Funcionamiento del Sorteo<\/b><\/p>\n<p>Durante el plazo de duraci\u00f3n del Sorteo (desde el 12 de diciembre de 2022 a las 00:00h hasta el 21 de diciembre de 2022 a las 23:59h), se cerrar\u00e1 el Sorteo entre todos los participantes inscritos durante dicho plazo que cumplan las presentes condiciones y, de forma aleatoria, se escoger\u00e1 a una persona ganadora y a 4 suplentes.<\/p>\n<p>El Sorteo para la elecci\u00f3n de la persona ganadora se realizar\u00e1 el siguiente d\u00eda laborable tras el cierre del Sorteo, a trav\u00e9s de la aplicaci\u00f3n Easypromos.<\/p>\n<p>Adevinta se pondr\u00e1 en contacto con la persona ganadora a trav\u00e9s de su perfil en redes sociales a trav\u00e9s del cual haya participado en el Sorteo, con el fin de gestionar la entrega del premio de acuerdo con las siguientes condiciones.<\/p>\n<p>La comunicaci\u00f3n con la persona ganadora se har\u00e1 como m\u00e1ximo en el plazo de dos (2) d\u00edas naturales desde la fecha de celebraci\u00f3n del Sorteo correspondiente para dicha semana.<\/p>\n<p>Transcurridas 48 horas desde la puesta en contacto con la persona ganadora, y en caso de que no responda, no facilite los documentos acreditativos o se verifique la falsedad e incorrecci\u00f3n de los datos facilitados, su participaci\u00f3n ser\u00e1 inadmitida, quedando su candidatura descalificada y Adevinta proceder\u00e1 a contactar al primer usuario que figure en la lista de los 4 suplentes. En caso de que sucediera lo mismo con alguno de los suplentes, Adevinta ir\u00eda contactando consecutivamente con los siguientes participantes de la lista hasta obtener respuesta o poder certificar la veracidad de los documentos o datos facilitados. En caso de que Adevinta no consiga contactar con ninguno de los 4 suplentes o no consiga certificar sus datos o documentaciones o se verifique la falsedad e incorrecci\u00f3n de los datos facilitados, conforme a las mismas condiciones descritas anteriormente, el premio se declarar\u00e1 desierto.<\/p>\n<p>Una vez confirmada la persona ganadora, sus datos (imagen, nombre y apellidos) se har\u00e1n p\u00fablicos tanto en la landing del Sorteo: <a href=\"http:\/\/www.fotocasa.es\/proyecto-vivienda\/ganador-ayuda-navidad\">www.fotocasa.es\/proyecto-vivienda\/ganador-ayuda-navidad<\/a> como en los perfiles oficiales de las Redes Sociales de Fotocasa.<\/p>\n<p><br><\/p>\n<p><b>6. Normas de participaci\u00f3n<\/b><\/p>\n<p>La participaci\u00f3n en el presente Sorteo est\u00e1 sujeta al cumplimiento de las siguientes normas:<\/p>\n<ul>\n<li>Ser seguidor\/a del perfil de Fotocasa de Instagram y escribir un comentario en el hilo del post del Sorteo que incluya el hashtag (#) [#AyudaFotocasa].<\/li>\n<li>Adevinta se reserva el derecho a solicitar a los participantes que aporten la documentaci\u00f3n necesaria para acreditar la veracidad de sus datos. En concreto se va a requerir la aportaci\u00f3n de los siguientes documentos:<\/li>\n<li>\n<ul>\n<li><span style=\"background-color: transparent; color: var( --e-global-color-text ); text-align: var(--text-align);\">DNI del participante (nombre y apellidos).<\/span><\/li>\n<li><span style=\"background-color: transparent; color: var( --e-global-color-text ); text-align: var(--text-align);\">Direcci\u00f3n de residencia fiscal.<\/span><\/li>\n<li><span style=\"background-color: transparent; color: var( --e-global-color-text ); text-align: var(--text-align);\">E-mail del participante.<\/span><\/li>\n<li><span style=\"background-color: transparent; color: var( --e-global-color-text ); text-align: var(--text-align);\">Documento acreditativo del contrato en vigor de alquiler o del t\u00edtulo de propiedad de una vivienda.<\/span><\/li>\n<li><span style=\"background-color: transparent; color: var( --e-global-color-text ); text-align: var(--text-align);\">Documento acreditativo de una renta inferior a 25.000 euros (p. ej., \u00faltima declaraci\u00f3n de la renta presentada o en su defecto, certificado de retenciones e ingresos a cuenta del IRPF o justificante de encontrarse en situaci\u00f3n de desempleo, o cualquier otro documento oficial que permita justificar que se cumple con el requisito del salario bruto anual).<\/span><\/li>\n<li><span style=\"background-color: transparent; color: var( --e-global-color-text ); text-align: var(--text-align);\"><span style=\"background-color: transparent; color: var( --e-global-color-text ); text-align: var(--text-align);\">N\u00famero de cuenta bancaria.<\/span><\/span><\/li>\n<\/ul>\n<\/li>\n<li>La participaci\u00f3n en el Sorteo implica la aceptaci\u00f3n \u00edntegra de estas bases y condiciones legales; ante posibles dudas de interpretaci\u00f3n siempre prevalecer\u00e1 el criterio de Adevinta.<\/li>\n<li>Quedan excluidos del Sorteo todas las personas empleadas de Adevinta y sus familiares hasta segundo grado, ya sea por afinidad o consanguinidad.<\/li>\n<li>Adevinta se reserva el derecho de modificar las bases del Sorteo, parcial o totalmente en cualquier momento, sin previo aviso, en caso de que lo considere estrictamente necesario, comprometi\u00e9ndose a publicar dicha modificaci\u00f3n a trav\u00e9s de su p\u00e1gina web. Asimismo se reserva tambi\u00e9n el derecho a anularlo, a dejar los premios desiertos o revocarlos en caso de detectarse alguna irregularidad.<\/li>\n<li>En caso de sufrir ataques inform\u00e1ticos que dificulten o impidan la correcta gesti\u00f3n del Sorteo, Adevinta se reserva el derecho de anular el Sorteo.<\/li>\n<li>Adevinta no se hace responsable de los errores en los que incurran los propios participantes al participar en este Sorteo.<\/li>\n<li>En caso de que cualquier participante defraude, altere o inutilice el buen funcionamiento y el transcurso normal y reglamentario del Sorteo, Adevinta se reserva el derecho de descalificar al participante, quedando liberada del cumplimiento de cualquier obligaci\u00f3n frente a dicho participante.<\/li>\n<li>Las bases del presente Sorteo est\u00e1n sujetas a la legislaci\u00f3n espa\u00f1ola y a la jurisdicci\u00f3n exclusiva de los tribunales de la ciudad de Barcelona.<\/li>\n<\/ul>\n<div>&nbsp;<\/div>\n<p><b>7. Datos personales<\/b><\/p>\n<p>Para informarte de c\u00f3mo trataremos tus datos personales en este Sorteo puedes consultar nuestra Pol\u00edtica de Privacidad en: <a href=\"https:\/\/www.fotocasa.es\/proyecto-vivienda\/politica-de-privacidad-proyecto-vivienda\/\">https:\/\/www.fotocasa.es\/proyecto-vivienda\/politica-de-privacidad-proyecto-vivienda\/<\/a><\/p>\n<p><br><\/p>\n<p><b>8. Entrega del premio<\/b><\/p>\n<p>Adevinta entregar\u00e1 el premio mediante transferencia bancaria en la cuenta bancaria facilitada por la persona ganadora. El presente premio obtenido en la participaci\u00f3n del Sorteo se considera una ganancia patrimonial tributable en el impuesto de la Renta de las personas f\u00edsicas y, como tal, el valor del premio obtenido debe incluirse en la base general del impuesto de la declaraci\u00f3n anual de la renta (art.101.7 LIRPF). Por ello, Adevinta, en cumplimiento de la vigente normativa fiscal, proceder\u00e1 a practicar la retenci\u00f3n oportuna sobre el premio y a ingresar en la Hacienda P\u00fablica, por nombre y cuenta de la persona ganadora, las cantidades que correspondan en concepto de IRPF e IVA. En este sentido, las retenciones oportunas ser\u00e1n descontadas al premio. Adevinta, en su momento, expedir\u00e1 la oportuna certificaci\u00f3n que facilite al participante el cumplimiento de sus obligaciones fiscales al tener que incorporar en su declaraci\u00f3n de IRPF el rendimiento consistente en el premio recibido, junto con el resto de las rentas que perciba, y de cuya cuota total se podr\u00e1 deducir como ya ingresada la cantidad que conste en la mencionada certificaci\u00f3n de ingreso a cuenta.<\/p>\n<p>En consecuencia, Adevinta s\u00f3lo asume frente al contribuyente su obligaci\u00f3n legal de efectuar el ingreso a cuenta, siendo de cuenta del contribuyente el cumplimiento de sus respectivas obligaciones tributarias.<\/p>\n<p>Para ello, en conformidad con la cl\u00e1usula 6, se solicitar\u00e1n a la persona ganadora los siguientes datos para la entrega del premio: nombre y apellidos, DNI, direcci\u00f3n completa y e-mail.<\/p>\n<p><br><\/p>\n<p><b>9. Autorizaci\u00f3n para la cesi\u00f3n de los derechos de imagen<\/b><\/p>\n<p>La persona ganadora acepta que, con la finalidad de divulgar y promocionar p\u00fablicamente el Sorteo, Adevinta publique su nombre, apellido y fotograf\u00eda, as\u00ed como que se lleve a cabo alg\u00fan tipo de actividad promocional a concretar.<\/p>\n<p>En este sentido, la persona ganadora cede todos los derechos de explotaci\u00f3n de propiedad intelectual y de imagen en relaci\u00f3n con las mismas y, en especial, los de fijaci\u00f3n, reproducci\u00f3n, directa o indirecta, transformaci\u00f3n, incluido el de distribuci\u00f3n, comunicaci\u00f3n p\u00fablica y colecci\u00f3n, en orden a su explotaci\u00f3n por Adevinta bajo cualquier soporte o modalidad conocida al d\u00eda de la fecha (incluyendo a t\u00edtulo enunciativo pero no limitativo, cualquier medio de comunicaci\u00f3n, medios impresos, audiovisuales, digitales, prensa, radio, Internet, redes sociales, etc.), sin limitaci\u00f3n temporal, territorial o modal. Tal cesi\u00f3n se realiza sin percibo de compensaci\u00f3n econ\u00f3mica alguna.<\/p>\t\t\t\t\t\t\t\t<\/div>\n\t\t\t\t<\/div>\n\t\t\t\t<\/div>\n\t\t\t\t\t<\/div>\n\t\t\t\t<\/div>\n\t\t\t\t<\/div>\n\t\t","protected":false},"excerpt":{"rendered":"<p>Bases y condiciones legales para la participaci\u00f3n en el Sorteo especial de Navidad del Proyecto Vivienda de Fotocasa 1. Datos identificativos del Organizador ADEVINTA SPAIN, S.L.U. (en adelante, \u201cAdevinta o el Organizador\u201d) con domicilio en Calle Hernani 59, planta 1\u00aa, CP 28020, Madrid, Espa\u00f1a, con NIF: B-8411652. 2. Objetivo del Sorteo El objetivo del sorteo [&hellip;]<\/p>\n","protected":false},"author":5,"featured_media":0,"parent":0,"menu_order":0,"comment_status":"closed","ping_status":"closed","template":"","meta":{"footnotes":""},"class_list":["post-28141","page","type-page","status-publish","hentry"],"yoast_head":"<!-- This site is optimized with the Yoast SEO plugin v27.5 - https:\/\/yoast.com\/product\/yoast-seo-wordpress\/ -->\n<title>Bases legales sorteo Ayuda Navidad - Fotocasa: Proyecto Vivienda<\/title>\n<meta name=\"robots\" content=\"index, follow, max-snippet:-1, max-image-preview:large, max-video-preview:-1\" \/>\n<link rel=\"canonical\" href=\"https:\/\/www.fotocasa.es\/proyecto-vivienda\/bases-legales-sorteo-navidad\/\" \/>\n<meta property=\"og:locale\" content=\"es_ES\" \/>\n<meta property=\"og:type\" content=\"article\" \/>\n<meta property=\"og:title\" content=\"Bases legales sorteo Ayuda Navidad - Fotocasa: Proyecto Vivienda\" \/>\n<meta property=\"og:description\" content=\"Bases y condiciones legales para la participaci\u00f3n en el Sorteo especial de Navidad del Proyecto Vivienda de Fotocasa 1. Datos identificativos del Organizador ADEVINTA SPAIN, S.L.U. (en adelante, \u201cAdevinta o el Organizador\u201d) con domicilio en Calle Hernani 59, planta 1\u00aa, CP 28020, Madrid, Espa\u00f1a, con NIF: B-8411652. 2. Objetivo del Sorteo El objetivo del sorteo [&hellip;]\" \/>\n<meta property=\"og:url\" content=\"https:\/\/www.fotocasa.es\/proyecto-vivienda\/bases-legales-sorteo-navidad\/\" \/>\n<meta property=\"og:site_name\" content=\"Fotocasa: Proyecto Vivienda\" \/>\n<meta property=\"article:modified_time\" content=\"2023-12-13T14:23:56+00:00\" \/>\n<meta name=\"twitter:card\" content=\"summary_large_image\" \/>\n<meta name=\"twitter:label1\" content=\"Tiempo de lectura\" \/>\n\t<meta name=\"twitter:data1\" content=\"7 minutos\" \/>\n<script type=\"application\/ld+json\" class=\"yoast-schema-graph\">{\"@context\":\"https:\\\/\\\/schema.org\",\"@graph\":[{\"@type\":\"WebPage\",\"@id\":\"https:\\\/\\\/www.fotocasa.es\\\/proyecto-vivienda\\\/bases-legales-sorteo-navidad\\\/\",\"url\":\"https:\\\/\\\/www.fotocasa.es\\\/proyecto-vivienda\\\/bases-legales-sorteo-navidad\\\/\",\"name\":\"Bases legales sorteo Ayuda Navidad - Fotocasa: Proyecto Vivienda\",\"isPartOf\":{\"@id\":\"https:\\\/\\\/www.fotocasa.es\\\/proyecto-vivienda\\\/#website\"},\"datePublished\":\"2022-12-12T09:52:38+00:00\",\"dateModified\":\"2023-12-13T14:23:56+00:00\",\"breadcrumb\":{\"@id\":\"https:\\\/\\\/www.fotocasa.es\\\/proyecto-vivienda\\\/bases-legales-sorteo-navidad\\\/#breadcrumb\"},\"inLanguage\":\"es\",\"potentialAction\":[{\"@type\":\"ReadAction\",\"target\":[\"https:\\\/\\\/www.fotocasa.es\\\/proyecto-vivienda\\\/bases-legales-sorteo-navidad\\\/\"]}]},{\"@type\":\"BreadcrumbList\",\"@id\":\"https:\\\/\\\/www.fotocasa.es\\\/proyecto-vivienda\\\/bases-legales-sorteo-navidad\\\/#breadcrumb\",\"itemListElement\":[{\"@type\":\"ListItem\",\"position\":1,\"name\":\"Home\",\"item\":\"https:\\\/\\\/www.fotocasa.es\\\/proyecto-vivienda\\\/\"},{\"@type\":\"ListItem\",\"position\":2,\"name\":\"Bases legales sorteo Ayuda Navidad\"}]},{\"@type\":\"WebSite\",\"@id\":\"https:\\\/\\\/www.fotocasa.es\\\/proyecto-vivienda\\\/#website\",\"url\":\"https:\\\/\\\/www.fotocasa.es\\\/proyecto-vivienda\\\/\",\"name\":\"Fotocasa: Proyecto Vivienda\",\"description\":\"Una iniciativa para ayudar a los j\u00f3venes y otros colectivos con ayudas, herramientas e informaci\u00f3n para ayudar a acceder a la vivienda a quien m\u00e1s lo necesita.\",\"publisher\":{\"@id\":\"https:\\\/\\\/www.fotocasa.es\\\/proyecto-vivienda\\\/#organization\"},\"potentialAction\":[{\"@type\":\"SearchAction\",\"target\":{\"@type\":\"EntryPoint\",\"urlTemplate\":\"https:\\\/\\\/www.fotocasa.es\\\/proyecto-vivienda\\\/?s={search_term_string}\"},\"query-input\":{\"@type\":\"PropertyValueSpecification\",\"valueRequired\":true,\"valueName\":\"search_term_string\"}}],\"inLanguage\":\"es\"},{\"@type\":\"Organization\",\"@id\":\"https:\\\/\\\/www.fotocasa.es\\\/proyecto-vivienda\\\/#organization\",\"name\":\"Fotocasa: Proyecto Vivienda\",\"url\":\"https:\\\/\\\/www.fotocasa.es\\\/proyecto-vivienda\\\/\",\"logo\":{\"@type\":\"ImageObject\",\"inLanguage\":\"es\",\"@id\":\"https:\\\/\\\/www.fotocasa.es\\\/proyecto-vivienda\\\/#\\\/schema\\\/logo\\\/image\\\/\",\"url\":\"https:\\\/\\\/www.fotocasa.es\\\/proyecto-vivienda\\\/wp-content\\\/uploads\\\/2022\\\/07\\\/logo-baja-1.png\",\"contentUrl\":\"https:\\\/\\\/www.fotocasa.es\\\/proyecto-vivienda\\\/wp-content\\\/uploads\\\/2022\\\/07\\\/logo-baja-1.png\",\"width\":500,\"height\":250,\"caption\":\"Fotocasa: Proyecto Vivienda\"},\"image\":{\"@id\":\"https:\\\/\\\/www.fotocasa.es\\\/proyecto-vivienda\\\/#\\\/schema\\\/logo\\\/image\\\/\"}}]}<\/script>\n<!-- \/ Yoast SEO plugin. -->","yoast_head_json":{"title":"Bases legales sorteo Ayuda Navidad - Fotocasa: Proyecto Vivienda","robots":{"index":"index","follow":"follow","max-snippet":"max-snippet:-1","max-image-preview":"max-image-preview:large","max-video-preview":"max-video-preview:-1"},"canonical":"https:\/\/www.fotocasa.es\/proyecto-vivienda\/bases-legales-sorteo-navidad\/","og_locale":"es_ES","og_type":"article","og_title":"Bases legales sorteo Ayuda Navidad - Fotocasa: Proyecto Vivienda","og_description":"Bases y condiciones legales para la participaci\u00f3n en el Sorteo especial de Navidad del Proyecto Vivienda de Fotocasa 1. Datos identificativos del Organizador ADEVINTA SPAIN, S.L.U. (en adelante, \u201cAdevinta o el Organizador\u201d) con domicilio en Calle Hernani 59, planta 1\u00aa, CP 28020, Madrid, Espa\u00f1a, con NIF: B-8411652. 2. Objetivo del Sorteo El objetivo del sorteo [&hellip;]","og_url":"https:\/\/www.fotocasa.es\/proyecto-vivienda\/bases-legales-sorteo-navidad\/","og_site_name":"Fotocasa: Proyecto Vivienda","article_modified_time":"2023-12-13T14:23:56+00:00","twitter_card":"summary_large_image","twitter_misc":{"Tiempo de lectura":"7 minutos"},"schema":{"@context":"https:\/\/schema.org","@graph":[{"@type":"WebPage","@id":"https:\/\/www.fotocasa.es\/proyecto-vivienda\/bases-legales-sorteo-navidad\/","url":"https:\/\/www.fotocasa.es\/proyecto-vivienda\/bases-legales-sorteo-navidad\/","name":"Bases legales sorteo Ayuda Navidad - Fotocasa: Proyecto Vivienda","isPartOf":{"@id":"https:\/\/www.fotocasa.es\/proyecto-vivienda\/#website"},"datePublished":"2022-12-12T09:52:38+00:00","dateModified":"2023-12-13T14:23:56+00:00","breadcrumb":{"@id":"https:\/\/www.fotocasa.es\/proyecto-vivienda\/bases-legales-sorteo-navidad\/#breadcrumb"},"inLanguage":"es","potentialAction":[{"@type":"ReadAction","target":["https:\/\/www.fotocasa.es\/proyecto-vivienda\/bases-legales-sorteo-navidad\/"]}]},{"@type":"BreadcrumbList","@id":"https:\/\/www.fotocasa.es\/proyecto-vivienda\/bases-legales-sorteo-navidad\/#breadcrumb","itemListElement":[{"@type":"ListItem","position":1,"name":"Home","item":"https:\/\/www.fotocasa.es\/proyecto-vivienda\/"},{"@type":"ListItem","position":2,"name":"Bases legales sorteo Ayuda Navidad"}]},{"@type":"WebSite","@id":"https:\/\/www.fotocasa.es\/proyecto-vivienda\/#website","url":"https:\/\/www.fotocasa.es\/proyecto-vivienda\/","name":"Fotocasa: Proyecto Vivienda","description":"Una iniciativa para ayudar a los j\u00f3venes y otros colectivos con ayudas, herramientas e informaci\u00f3n para ayudar a acceder a la vivienda a quien m\u00e1s lo necesita.","publisher":{"@id":"https:\/\/www.fotocasa.es\/proyecto-vivienda\/#organization"},"potentialAction":[{"@type":"SearchAction","target":{"@type":"EntryPoint","urlTemplate":"https:\/\/www.fotocasa.es\/proyecto-vivienda\/?s={search_term_string}"},"query-input":{"@type":"PropertyValueSpecification","valueRequired":true,"valueName":"search_term_string"}}],"inLanguage":"es"},{"@type":"Organization","@id":"https:\/\/www.fotocasa.es\/proyecto-vivienda\/#organization","name":"Fotocasa: Proyecto Vivienda","url":"https:\/\/www.fotocasa.es\/proyecto-vivienda\/","logo":{"@type":"ImageObject","inLanguage":"es","@id":"https:\/\/www.fotocasa.es\/proyecto-vivienda\/#\/schema\/logo\/image\/","url":"https:\/\/www.fotocasa.es\/proyecto-vivienda\/wp-content\/uploads\/2022\/07\/logo-baja-1.png","contentUrl":"https:\/\/www.fotocasa.es\/proyecto-vivienda\/wp-content\/uploads\/2022\/07\/logo-baja-1.png","width":500,"height":250,"caption":"Fotocasa: Proyecto Vivienda"},"image":{"@id":"https:\/\/www.fotocasa.es\/proyecto-vivienda\/#\/schema\/logo\/image\/"}}]}},"_links":{"self":[{"href":"https:\/\/www.fotocasa.es\/proyecto-vivienda\/wp-json\/wp\/v2\/pages\/28141","targetHints":{"allow":["GET"]}}],"collection":[{"href":"https:\/\/www.fotocasa.es\/proyecto-vivienda\/wp-json\/wp\/v2\/pages"}],"about":[{"href":"https:\/\/www.fotocasa.es\/proyecto-vivienda\/wp-json\/wp\/v2\/types\/page"}],"author":[{"embeddable":true,"href":"https:\/\/www.fotocasa.es\/proyecto-vivienda\/wp-json\/wp\/v2\/users\/5"}],"replies":[{"embeddable":true,"href":"https:\/\/www.fotocasa.es\/proyecto-vivienda\/wp-json\/wp\/v2\/comments?post=28141"}],"version-history":[{"count":0,"href":"https:\/\/www.fotocasa.es\/proyecto-vivienda\/wp-json\/wp\/v2\/pages\/28141\/revisions"}],"wp:attachment":[{"href":"https:\/\/www.fotocasa.es\/proyecto-vivienda\/wp-json\/wp\/v2\/media?parent=28141"}],"curies":[{"name":"wp","href":"https:\/\/api.w.org\/{rel}","templated":true}]}}