{"id":27990,"date":"2022-12-08T04:44:20","date_gmt":"2022-12-08T04:44:20","guid":{"rendered":"https:\/\/www.fotocasa.es\/proyecto-vivienda\/?page_id=27990"},"modified":"2022-12-16T12:03:30","modified_gmt":"2022-12-16T12:03:30","slug":"ayuda-de-navidad","status":"publish","type":"page","link":"https:\/\/www.fotocasa.es\/proyecto-vivienda\/ayuda-de-navidad\/","title":{"rendered":"Iniciativas: Ayuda de Navidad"},"content":{"rendered":"\t\t<div data-elementor-type=\"wp-page\" data-elementor-id=\"27990\" class=\"elementor elementor-27990\" data-elementor-post-type=\"page\">\n\t\t\t\t<div class=\"elementor-element elementor-element-66d66b87 banner-content e-flex e-con-boxed e-con e-parent\" data-id=\"66d66b87\" data-element_type=\"container\" data-e-type=\"container\" data-settings=\"{&quot;background_background&quot;:&quot;classic&quot;}\">\n\t\t\t\t\t<div class=\"e-con-inner\">\n\t\t<div class=\"elementor-element elementor-element-4523b905 e-con-full e-flex e-con e-parent\" data-id=\"4523b905\" data-element_type=\"container\" data-e-type=\"container\">\n\t\t\t\t<div class=\"elementor-element elementor-element-37c60b95 header-encabezado elementor-widget-laptop__width-initial elementor-widget elementor-widget-heading\" data-id=\"37c60b95\" data-element_type=\"widget\" data-e-type=\"widget\" data-widget_type=\"heading.default\">\n\t\t\t\t<div class=\"elementor-widget-container\">\n\t\t\t\t\t<h1 class=\"elementor-heading-title elementor-size-default\">Esta Navidad, queremos <br>ayudarte a pagar tu vivienda <\/h1>\t\t\t\t<\/div>\n\t\t\t\t<\/div>\n\t\t\t\t<\/div>\n\t\t<div class=\"elementor-element elementor-element-35f868c4 e-con-full header-movil-img elementor-hidden-desktop elementor-hidden-tablet elementor-hidden-widescreen elementor-hidden-laptop elementor-hidden-tablet_extra e-flex e-con e-parent\" data-id=\"35f868c4\" data-element_type=\"container\" data-e-type=\"container\">\n\t\t\t\t<div class=\"elementor-element elementor-element-7e3118d1 img-bonojoven-alto animated-slow elementor-invisible elementor-widget elementor-widget-image\" data-id=\"7e3118d1\" data-element_type=\"widget\" data-e-type=\"widget\" data-settings=\"{&quot;_animation&quot;:&quot;fadeIn&quot;}\" data-widget_type=\"image.default\">\n\t\t\t\t<div class=\"elementor-widget-container\">\n\t\t\t\t\t\t\t\t\t\t\t\t\t\t\t<img fetchpriority=\"high\" decoding=\"async\" width=\"575\" height=\"200\" src=\"https:\/\/www.fotocasa.es\/proyecto-vivienda\/wp-content\/uploads\/2022\/08\/bg-bonojoven-2.svg\" class=\"attachment-full size-full wp-image-3759\" alt=\"\" \/>\t\t\t\t\t\t\t\t\t\t\t\t\t\t\t<\/div>\n\t\t\t\t<\/div>\n\t\t\t\t<\/div>\n\t\t<div class=\"elementor-element elementor-element-b23d129 e-con-full header-desktop-img elementor-hidden-mobile e-flex e-con e-parent\" data-id=\"b23d129\" data-element_type=\"container\" data-e-type=\"container\">\n\t\t\t\t<div class=\"elementor-element elementor-element-5d7f451c banner-img-desktop animated-slow elementor-invisible elementor-widget elementor-widget-image\" data-id=\"5d7f451c\" data-element_type=\"widget\" data-e-type=\"widget\" data-settings=\"{&quot;_animation&quot;:&quot;fadeIn&quot;}\" data-widget_type=\"image.default\">\n\t\t\t\t<div class=\"elementor-widget-container\">\n\t\t\t\t\t\t\t\t\t\t\t\t\t\t\t<img decoding=\"async\" width=\"575\" height=\"200\" src=\"https:\/\/www.fotocasa.es\/proyecto-vivienda\/wp-content\/uploads\/2022\/08\/bg-bonojoven-1.svg\" class=\"attachment-full size-full wp-image-2714\" alt=\"\" \/>\t\t\t\t\t\t\t\t\t\t\t\t\t\t\t<\/div>\n\t\t\t\t<\/div>\n\t\t\t\t<\/div>\n\t\t\t\t\t<\/div>\n\t\t\t\t<\/div>\n\t\t<div class=\"elementor-element elementor-element-21c1bd3b promo-vaciada animated-slow e-flex e-con-boxed e-con e-parent\" data-id=\"21c1bd3b\" data-element_type=\"container\" data-e-type=\"container\" data-settings=\"{&quot;background_background&quot;:&quot;classic&quot;,&quot;animation&quot;:&quot;none&quot;,&quot;animation_mobile&quot;:&quot;none&quot;}\">\n\t\t\t\t\t<div class=\"e-con-inner\">\n\t\t<div class=\"elementor-element elementor-element-97a7f15 e-con-full animated-slow e-flex e-con e-parent\" data-id=\"97a7f15\" data-element_type=\"container\" data-e-type=\"container\" data-settings=\"{&quot;animation&quot;:&quot;none&quot;}\">\n\t\t\t\t<div class=\"elementor-element elementor-element-2d795722 elementor-widget elementor-widget-image\" data-id=\"2d795722\" data-element_type=\"widget\" data-e-type=\"widget\" data-widget_type=\"image.default\">\n\t\t\t\t<div class=\"elementor-widget-container\">\n\t\t\t\t\t\t\t\t\t\t\t\t\t\t\t<img decoding=\"async\" src=\"https:\/\/www.fotocasa.es\/proyecto-vivienda\/wp-content\/uploads\/elementor\/thumbs\/img-navidad-pyw4y7r5kc9w4hqtd8b7m6y17p5wg5qn83ggkf7jgc.png\" title=\"img-navidad\" alt=\"img-navidad\" loading=\"lazy\" \/>\t\t\t\t\t\t\t\t\t\t\t\t\t\t\t<\/div>\n\t\t\t\t<\/div>\n\t\t\t\t<div class=\"elementor-element elementor-element-cf73d10 elementor-widget elementor-widget-video\" data-id=\"cf73d10\" data-element_type=\"widget\" data-e-type=\"widget\" data-settings=\"{&quot;youtube_url&quot;:&quot;https:\\\/\\\/www.youtube.com\\\/watch?v=gwyRyQIxGcQ&quot;,&quot;loop&quot;:&quot;yes&quot;,&quot;video_type&quot;:&quot;youtube&quot;}\" data-widget_type=\"video.default\">\n\t\t\t\t<div class=\"elementor-widget-container\">\n\t\t\t\t\t\t\t<div class=\"elementor-wrapper elementor-open-inline\">\n\t\t\t<div class=\"elementor-video\"><\/div>\t\t<\/div>\n\t\t\t\t\t\t<\/div>\n\t\t\t\t<\/div>\n\t\t\t\t<\/div>\n\t\t<div class=\"elementor-element elementor-element-1b1f6fbd e-con-full animated-slow e-flex e-con e-parent\" data-id=\"1b1f6fbd\" data-element_type=\"container\" data-e-type=\"container\" data-settings=\"{&quot;animation&quot;:&quot;none&quot;}\">\n\t\t\t\t<div class=\"elementor-element elementor-element-20e329e6 elementor-widget elementor-widget-heading\" data-id=\"20e329e6\" data-element_type=\"widget\" data-e-type=\"widget\" data-widget_type=\"heading.default\">\n\t\t\t\t<div class=\"elementor-widget-container\">\n\t\t\t\t\t<h4 class=\"elementor-heading-title elementor-size-default\">INICIATIVAS<\/h4>\t\t\t\t<\/div>\n\t\t\t\t<\/div>\n\t\t\t\t<div class=\"elementor-element elementor-element-181ad959 elementor-widget elementor-widget-text-editor\" data-id=\"181ad959\" data-element_type=\"widget\" data-e-type=\"widget\" data-widget_type=\"text-editor.default\">\n\t\t\t\t<div class=\"elementor-widget-container\">\n\t\t\t\t\t\t\t\t\t<h2><span style=\"font-weight: bolder;\">Ayuda Especial Navidad<\/span><\/h2>\t\t\t\t\t\t\t\t<\/div>\n\t\t\t\t<\/div>\n\t\t\t\t<div class=\"elementor-element elementor-element-35bc0362 elementor-widget elementor-widget-text-editor\" data-id=\"35bc0362\" data-element_type=\"widget\" data-e-type=\"widget\" data-widget_type=\"text-editor.default\">\n\t\t\t\t<div class=\"elementor-widget-container\">\n\t\t\t\t\t\t\t\t\t<p>La vivienda es el principal gasto en las familias espa\u00f1olas, por eso queremos ayudarte con 2.000\u20ac para que respires m\u00e1s tranquilo<\/p>\t\t\t\t\t\t\t\t<\/div>\n\t\t\t\t<\/div>\n\t\t\t\t<div class=\"elementor-element elementor-element-3f654649 elementor-widget elementor-widget-heading\" data-id=\"3f654649\" data-element_type=\"widget\" data-e-type=\"widget\" data-widget_type=\"heading.default\">\n\t\t\t\t<div class=\"elementor-widget-container\">\n\t\t\t\t\t<h4 class=\"elementor-heading-title elementor-size-default\">Informaci\u00f3n b\u00e1sica<\/h4>\t\t\t\t<\/div>\n\t\t\t\t<\/div>\n\t\t\t\t<div class=\"elementor-element elementor-element-53f2be47 elementor-align-start list-items-promo elementor-icon-list--layout-traditional elementor-list-item-link-full_width elementor-widget elementor-widget-icon-list\" data-id=\"53f2be47\" data-element_type=\"widget\" data-e-type=\"widget\" data-widget_type=\"icon-list.default\">\n\t\t\t\t<div class=\"elementor-widget-container\">\n\t\t\t\t\t\t\t<ul class=\"elementor-icon-list-items\">\n\t\t\t\t\t\t\t<li class=\"elementor-icon-list-item\">\n\t\t\t\t\t\t\t\t\t\t\t<span class=\"elementor-icon-list-icon\">\n\t\t\t\t\t\t\t<svg xmlns=\"http:\/\/www.w3.org\/2000\/svg\" width=\"19.235\" height=\"16.248\" viewBox=\"0 0 19.235 16.248\"><path id=\"ic-check\" d=\"M24.523,8.8a1.161,1.161,0,0,1,1.937,1.271l-.08.122L15.935,24.117a1.161,1.161,0,0,1-1.645.217l-.1-.092-6.469-6.06a1.161,1.161,0,0,1,1.532-1.738l5.632,5.21Z\" transform=\"translate(-7.377 -8.333)\" fill=\"#1edbcf\" fill-rule=\"evenodd\"><\/path><\/svg>\t\t\t\t\t\t<\/span>\n\t\t\t\t\t\t\t\t\t\t<span class=\"elementor-icon-list-text\">Importe ayuda: 2.000\u20ac<\/span>\n\t\t\t\t\t\t\t\t\t<\/li>\n\t\t\t\t\t\t\t\t<li class=\"elementor-icon-list-item\">\n\t\t\t\t\t\t\t\t\t\t\t<span class=\"elementor-icon-list-icon\">\n\t\t\t\t\t\t\t<svg xmlns=\"http:\/\/www.w3.org\/2000\/svg\" width=\"19.235\" height=\"16.248\" viewBox=\"0 0 19.235 16.248\"><path id=\"ic-check\" d=\"M24.523,8.8a1.161,1.161,0,0,1,1.937,1.271l-.08.122L15.935,24.117a1.161,1.161,0,0,1-1.645.217l-.1-.092-6.469-6.06a1.161,1.161,0,0,1,1.532-1.738l5.632,5.21Z\" transform=\"translate(-7.377 -8.333)\" fill=\"#1edbcf\" fill-rule=\"evenodd\"><\/path><\/svg>\t\t\t\t\t\t<\/span>\n\t\t\t\t\t\t\t\t\t\t<span class=\"elementor-icon-list-text\">Duraci\u00f3n participaci\u00f3n: Desde el 12 de diciembre hasta el 21 de diciembre<\/span>\n\t\t\t\t\t\t\t\t\t<\/li>\n\t\t\t\t\t\t\t\t<li class=\"elementor-icon-list-item\">\n\t\t\t\t\t\t\t\t\t\t\t<span class=\"elementor-icon-list-icon\">\n\t\t\t\t\t\t\t<svg xmlns=\"http:\/\/www.w3.org\/2000\/svg\" width=\"19.235\" height=\"16.248\" viewBox=\"0 0 19.235 16.248\"><path id=\"ic-check\" d=\"M24.523,8.8a1.161,1.161,0,0,1,1.937,1.271l-.08.122L15.935,24.117a1.161,1.161,0,0,1-1.645.217l-.1-.092-6.469-6.06a1.161,1.161,0,0,1,1.532-1.738l5.632,5.21Z\" transform=\"translate(-7.377 -8.333)\" fill=\"#1edbcf\" fill-rule=\"evenodd\"><\/path><\/svg>\t\t\t\t\t\t<\/span>\n\t\t\t\t\t\t\t\t\t\t<span class=\"elementor-icon-list-text\">Edad requerida: Ser mayor de edad<\/span>\n\t\t\t\t\t\t\t\t\t<\/li>\n\t\t\t\t\t\t\t\t<li class=\"elementor-icon-list-item\">\n\t\t\t\t\t\t\t\t\t\t\t<span class=\"elementor-icon-list-icon\">\n\t\t\t\t\t\t\t<svg xmlns=\"http:\/\/www.w3.org\/2000\/svg\" width=\"19.235\" height=\"16.248\" viewBox=\"0 0 19.235 16.248\"><path id=\"ic-check\" d=\"M24.523,8.8a1.161,1.161,0,0,1,1.937,1.271l-.08.122L15.935,24.117a1.161,1.161,0,0,1-1.645.217l-.1-.092-6.469-6.06a1.161,1.161,0,0,1,1.532-1.738l5.632,5.21Z\" transform=\"translate(-7.377 -8.333)\" fill=\"#1edbcf\" fill-rule=\"evenodd\"><\/path><\/svg>\t\t\t\t\t\t<\/span>\n\t\t\t\t\t\t\t\t\t\t<span class=\"elementor-icon-list-text\">Ingresos m\u00e1ximos requeridos: 25.000\u20ac salario bruto anual<\/span>\n\t\t\t\t\t\t\t\t\t<\/li>\n\t\t\t\t\t\t\t\t<li class=\"elementor-icon-list-item\">\n\t\t\t\t\t\t\t\t\t\t\t<span class=\"elementor-icon-list-icon\">\n\t\t\t\t\t\t\t<svg xmlns=\"http:\/\/www.w3.org\/2000\/svg\" width=\"19.235\" height=\"16.248\" viewBox=\"0 0 19.235 16.248\"><path id=\"ic-check\" d=\"M24.523,8.8a1.161,1.161,0,0,1,1.937,1.271l-.08.122L15.935,24.117a1.161,1.161,0,0,1-1.645.217l-.1-.092-6.469-6.06a1.161,1.161,0,0,1,1.532-1.738l5.632,5.21Z\" transform=\"translate(-7.377 -8.333)\" fill=\"#1edbcf\" fill-rule=\"evenodd\"><\/path><\/svg>\t\t\t\t\t\t<\/span>\n\t\t\t\t\t\t\t\t\t\t<span class=\"elementor-icon-list-text\">Documentaci\u00f3n: Deber\u00e1s acreditar que est\u00e1s en r\u00e9gimen de alquiler o propiedad de la vivienda y tu salario tal y como indican las bases notariales.<\/span>\n\t\t\t\t\t\t\t\t\t<\/li>\n\t\t\t\t\t\t\t\t<li class=\"elementor-icon-list-item\">\n\t\t\t\t\t\t\t\t\t\t\t<span class=\"elementor-icon-list-icon\">\n\t\t\t\t\t\t\t<svg xmlns=\"http:\/\/www.w3.org\/2000\/svg\" width=\"19.235\" height=\"16.248\" viewBox=\"0 0 19.235 16.248\"><path id=\"ic-check\" d=\"M24.523,8.8a1.161,1.161,0,0,1,1.937,1.271l-.08.122L15.935,24.117a1.161,1.161,0,0,1-1.645.217l-.1-.092-6.469-6.06a1.161,1.161,0,0,1,1.532-1.738l5.632,5.21Z\" transform=\"translate(-7.377 -8.333)\" fill=\"#1edbcf\" fill-rule=\"evenodd\"><\/path><\/svg>\t\t\t\t\t\t<\/span>\n\t\t\t\t\t\t\t\t\t\t<span class=\"elementor-icon-list-text\">El sorteo se realizar\u00e1 el 22 de diciembre de 2022<\/span>\n\t\t\t\t\t\t\t\t\t<\/li>\n\t\t\t\t\t\t\t\t<li class=\"elementor-icon-list-item\">\n\t\t\t\t\t\t\t\t\t\t\t<span class=\"elementor-icon-list-icon\">\n\t\t\t\t\t\t\t<i aria-hidden=\"true\" class=\"fas fa-check\"><\/i>\t\t\t\t\t\t<\/span>\n\t\t\t\t\t\t\t\t\t\t<span class=\"elementor-icon-list-text\">El ganador se publicar\u00e1 en el perfil de Instagram de Fotocasa y en esta web<\/span>\n\t\t\t\t\t\t\t\t\t<\/li>\n\t\t\t\t\t\t<\/ul>\n\t\t\t\t\t\t<\/div>\n\t\t\t\t<\/div>\n\t\t\t\t<div class=\"elementor-element elementor-element-a1a9951 elementor-widget elementor-widget-text-editor\" data-id=\"a1a9951\" data-element_type=\"widget\" data-e-type=\"widget\" data-widget_type=\"text-editor.default\">\n\t\t\t\t<div class=\"elementor-widget-container\">\n\t\t\t\t\t\t\t\t\tConsultar <a style=\"color: #303ab2; border-bottom: 1px solid #303AB2;\" href=\"https:\/\/www.fotocasa.es\/proyecto-vivienda\/bases-legales-sorteo-navidad\/\" target=\"_blank\" rel=\"noopener\">Bases notariales<\/a>\u00a0y <a style=\"color: #303ab2; border-bottom: 1px solid #303AB2;\" href=\"https:\/\/www.fotocasa.es\/proyecto-vivienda\/politica-de-privacidad-proyecto-vivienda\/\" target=\"_blank\" rel=\"noopener\">pol\u00edtica de privacidad<\/a> .\t\t\t\t\t\t\t\t<\/div>\n\t\t\t\t<\/div>\n\t\t\t\t<div class=\"elementor-element elementor-element-58cc774 elementor-widget elementor-widget-button\" data-id=\"58cc774\" data-element_type=\"widget\" data-e-type=\"widget\" data-widget_type=\"button.default\">\n\t\t\t\t<div class=\"elementor-widget-container\">\n\t\t\t\t\t\t\t\t\t<div class=\"elementor-button-wrapper\">\n\t\t\t\t\t<a class=\"elementor-button elementor-button-link elementor-size-sm\" href=\"https:\/\/www.instagram.com\/p\/CmGklDHoycO\/?utm_source=ig_web_copy_link\" target=\"_blank\">\n\t\t\t\t\t\t<span class=\"elementor-button-content-wrapper\">\n\t\t\t\t\t\t\t\t\t<span class=\"elementor-button-text\">Participa<\/span>\n\t\t\t\t\t<\/span>\n\t\t\t\t\t<\/a>\n\t\t\t\t<\/div>\n\t\t\t\t\t\t\t\t<\/div>\n\t\t\t\t<\/div>\n\t\t\t\t<div class=\"elementor-element elementor-element-023e8a1 elementor-widget elementor-widget-text-editor\" data-id=\"023e8a1\" data-element_type=\"widget\" data-e-type=\"widget\" data-widget_type=\"text-editor.default\">\n\t\t\t\t<div class=\"elementor-widget-container\">\n\t\t\t\t\t\t\t\t\t<p>*Para participar debes loguearte en Instagram<\/p>\t\t\t\t\t\t\t\t<\/div>\n\t\t\t\t<\/div>\n\t\t\t\t<\/div>\n\t\t\t\t\t<\/div>\n\t\t\t\t<\/div>\n\t\t\t\t<\/div>\n\t\t","protected":false},"excerpt":{"rendered":"<p>Esta Navidad, queremos ayudarte a pagar tu vivienda INICIATIVAS Ayuda Especial Navidad La vivienda es el principal gasto en las familias espa\u00f1olas, por eso queremos ayudarte con 2.000\u20ac para que respires m\u00e1s tranquilo Informaci\u00f3n b\u00e1sica Importe ayuda: 2.000\u20ac Duraci\u00f3n participaci\u00f3n: Desde el 12 de diciembre hasta el 21 de diciembre Edad requerida: Ser mayor de [&hellip;]<\/p>\n","protected":false},"author":5,"featured_media":0,"parent":0,"menu_order":0,"comment_status":"closed","ping_status":"closed","template":"","meta":{"footnotes":""},"class_list":["post-27990","page","type-page","status-publish","hentry"],"yoast_head":"<!-- This site is optimized with the Yoast SEO plugin v27.5 - https:\/\/yoast.com\/product\/yoast-seo-wordpress\/ -->\n<title>Iniciativas: Ayuda de Navidad - Fotocasa: Proyecto Vivienda<\/title>\n<meta name=\"robots\" content=\"index, follow, max-snippet:-1, max-image-preview:large, max-video-preview:-1\" \/>\n<link rel=\"canonical\" href=\"https:\/\/www.fotocasa.es\/proyecto-vivienda\/ayuda-de-navidad\/\" \/>\n<meta property=\"og:locale\" content=\"es_ES\" \/>\n<meta property=\"og:type\" content=\"article\" \/>\n<meta property=\"og:title\" content=\"Iniciativas: Ayuda de Navidad - Fotocasa: Proyecto Vivienda\" \/>\n<meta property=\"og:description\" content=\"Esta Navidad, queremos ayudarte a pagar tu vivienda INICIATIVAS Ayuda Especial Navidad La vivienda es el principal gasto en las familias espa\u00f1olas, por eso queremos ayudarte con 2.000\u20ac para que respires m\u00e1s tranquilo Informaci\u00f3n b\u00e1sica Importe ayuda: 2.000\u20ac Duraci\u00f3n participaci\u00f3n: Desde el 12 de diciembre hasta el 21 de diciembre Edad requerida: Ser mayor de [&hellip;]\" \/>\n<meta property=\"og:url\" content=\"https:\/\/www.fotocasa.es\/proyecto-vivienda\/ayuda-de-navidad\/\" \/>\n<meta property=\"og:site_name\" content=\"Fotocasa: Proyecto Vivienda\" \/>\n<meta property=\"article:modified_time\" content=\"2022-12-16T12:03:30+00:00\" \/>\n<meta property=\"og:image\" content=\"https:\/\/www.fotocasa.es\/proyecto-vivienda\/wp-content\/uploads\/2022\/08\/bg-bonojoven-2.svg\" \/>\n<meta name=\"twitter:card\" content=\"summary_large_image\" \/>\n<meta name=\"twitter:label1\" content=\"Tiempo de lectura\" \/>\n\t<meta name=\"twitter:data1\" content=\"2 minutos\" \/>\n<script type=\"application\/ld+json\" class=\"yoast-schema-graph\">{\"@context\":\"https:\\\/\\\/schema.org\",\"@graph\":[{\"@type\":\"WebPage\",\"@id\":\"https:\\\/\\\/www.fotocasa.es\\\/proyecto-vivienda\\\/ayuda-de-navidad\\\/\",\"url\":\"https:\\\/\\\/www.fotocasa.es\\\/proyecto-vivienda\\\/ayuda-de-navidad\\\/\",\"name\":\"Iniciativas: Ayuda de Navidad - Fotocasa: Proyecto Vivienda\",\"isPartOf\":{\"@id\":\"https:\\\/\\\/www.fotocasa.es\\\/proyecto-vivienda\\\/#website\"},\"primaryImageOfPage\":{\"@id\":\"https:\\\/\\\/www.fotocasa.es\\\/proyecto-vivienda\\\/ayuda-de-navidad\\\/#primaryimage\"},\"image\":{\"@id\":\"https:\\\/\\\/www.fotocasa.es\\\/proyecto-vivienda\\\/ayuda-de-navidad\\\/#primaryimage\"},\"thumbnailUrl\":\"https:\\\/\\\/www.fotocasa.es\\\/proyecto-vivienda\\\/wp-content\\\/uploads\\\/2022\\\/08\\\/bg-bonojoven-2.svg\",\"datePublished\":\"2022-12-08T04:44:20+00:00\",\"dateModified\":\"2022-12-16T12:03:30+00:00\",\"breadcrumb\":{\"@id\":\"https:\\\/\\\/www.fotocasa.es\\\/proyecto-vivienda\\\/ayuda-de-navidad\\\/#breadcrumb\"},\"inLanguage\":\"es\",\"potentialAction\":[{\"@type\":\"ReadAction\",\"target\":[\"https:\\\/\\\/www.fotocasa.es\\\/proyecto-vivienda\\\/ayuda-de-navidad\\\/\"]}]},{\"@type\":\"ImageObject\",\"inLanguage\":\"es\",\"@id\":\"https:\\\/\\\/www.fotocasa.es\\\/proyecto-vivienda\\\/ayuda-de-navidad\\\/#primaryimage\",\"url\":\"https:\\\/\\\/www.fotocasa.es\\\/proyecto-vivienda\\\/wp-content\\\/uploads\\\/2022\\\/08\\\/bg-bonojoven-2.svg\",\"contentUrl\":\"https:\\\/\\\/www.fotocasa.es\\\/proyecto-vivienda\\\/wp-content\\\/uploads\\\/2022\\\/08\\\/bg-bonojoven-2.svg\",\"width\":575.3,\"height\":200.3},{\"@type\":\"BreadcrumbList\",\"@id\":\"https:\\\/\\\/www.fotocasa.es\\\/proyecto-vivienda\\\/ayuda-de-navidad\\\/#breadcrumb\",\"itemListElement\":[{\"@type\":\"ListItem\",\"position\":1,\"name\":\"Home\",\"item\":\"https:\\\/\\\/www.fotocasa.es\\\/proyecto-vivienda\\\/\"},{\"@type\":\"ListItem\",\"position\":2,\"name\":\"Iniciativas: Ayuda de Navidad\"}]},{\"@type\":\"WebSite\",\"@id\":\"https:\\\/\\\/www.fotocasa.es\\\/proyecto-vivienda\\\/#website\",\"url\":\"https:\\\/\\\/www.fotocasa.es\\\/proyecto-vivienda\\\/\",\"name\":\"Fotocasa: Proyecto Vivienda\",\"description\":\"Una iniciativa para ayudar a los j\u00f3venes y otros colectivos con ayudas, herramientas e informaci\u00f3n para ayudar a acceder a la vivienda a quien m\u00e1s lo necesita.\",\"publisher\":{\"@id\":\"https:\\\/\\\/www.fotocasa.es\\\/proyecto-vivienda\\\/#organization\"},\"potentialAction\":[{\"@type\":\"SearchAction\",\"target\":{\"@type\":\"EntryPoint\",\"urlTemplate\":\"https:\\\/\\\/www.fotocasa.es\\\/proyecto-vivienda\\\/?s={search_term_string}\"},\"query-input\":{\"@type\":\"PropertyValueSpecification\",\"valueRequired\":true,\"valueName\":\"search_term_string\"}}],\"inLanguage\":\"es\"},{\"@type\":\"Organization\",\"@id\":\"https:\\\/\\\/www.fotocasa.es\\\/proyecto-vivienda\\\/#organization\",\"name\":\"Fotocasa: Proyecto Vivienda\",\"url\":\"https:\\\/\\\/www.fotocasa.es\\\/proyecto-vivienda\\\/\",\"logo\":{\"@type\":\"ImageObject\",\"inLanguage\":\"es\",\"@id\":\"https:\\\/\\\/www.fotocasa.es\\\/proyecto-vivienda\\\/#\\\/schema\\\/logo\\\/image\\\/\",\"url\":\"https:\\\/\\\/www.fotocasa.es\\\/proyecto-vivienda\\\/wp-content\\\/uploads\\\/2022\\\/07\\\/logo-baja-1.png\",\"contentUrl\":\"https:\\\/\\\/www.fotocasa.es\\\/proyecto-vivienda\\\/wp-content\\\/uploads\\\/2022\\\/07\\\/logo-baja-1.png\",\"width\":500,\"height\":250,\"caption\":\"Fotocasa: Proyecto Vivienda\"},\"image\":{\"@id\":\"https:\\\/\\\/www.fotocasa.es\\\/proyecto-vivienda\\\/#\\\/schema\\\/logo\\\/image\\\/\"}}]}<\/script>\n<!-- \/ Yoast SEO plugin. -->","yoast_head_json":{"title":"Iniciativas: Ayuda de Navidad - Fotocasa: Proyecto Vivienda","robots":{"index":"index","follow":"follow","max-snippet":"max-snippet:-1","max-image-preview":"max-image-preview:large","max-video-preview":"max-video-preview:-1"},"canonical":"https:\/\/www.fotocasa.es\/proyecto-vivienda\/ayuda-de-navidad\/","og_locale":"es_ES","og_type":"article","og_title":"Iniciativas: Ayuda de Navidad - Fotocasa: Proyecto Vivienda","og_description":"Esta Navidad, queremos ayudarte a pagar tu vivienda INICIATIVAS Ayuda Especial Navidad La vivienda es el principal gasto en las familias espa\u00f1olas, por eso queremos ayudarte con 2.000\u20ac para que respires m\u00e1s tranquilo Informaci\u00f3n b\u00e1sica Importe ayuda: 2.000\u20ac Duraci\u00f3n participaci\u00f3n: Desde el 12 de diciembre hasta el 21 de diciembre Edad requerida: Ser mayor de [&hellip;]","og_url":"https:\/\/www.fotocasa.es\/proyecto-vivienda\/ayuda-de-navidad\/","og_site_name":"Fotocasa: Proyecto Vivienda","article_modified_time":"2022-12-16T12:03:30+00:00","og_image":[{"url":"https:\/\/www.fotocasa.es\/proyecto-vivienda\/wp-content\/uploads\/2022\/08\/bg-bonojoven-2.svg","type":"","width":"","height":""}],"twitter_card":"summary_large_image","twitter_misc":{"Tiempo de lectura":"2 minutos"},"schema":{"@context":"https:\/\/schema.org","@graph":[{"@type":"WebPage","@id":"https:\/\/www.fotocasa.es\/proyecto-vivienda\/ayuda-de-navidad\/","url":"https:\/\/www.fotocasa.es\/proyecto-vivienda\/ayuda-de-navidad\/","name":"Iniciativas: Ayuda de Navidad - Fotocasa: Proyecto Vivienda","isPartOf":{"@id":"https:\/\/www.fotocasa.es\/proyecto-vivienda\/#website"},"primaryImageOfPage":{"@id":"https:\/\/www.fotocasa.es\/proyecto-vivienda\/ayuda-de-navidad\/#primaryimage"},"image":{"@id":"https:\/\/www.fotocasa.es\/proyecto-vivienda\/ayuda-de-navidad\/#primaryimage"},"thumbnailUrl":"https:\/\/www.fotocasa.es\/proyecto-vivienda\/wp-content\/uploads\/2022\/08\/bg-bonojoven-2.svg","datePublished":"2022-12-08T04:44:20+00:00","dateModified":"2022-12-16T12:03:30+00:00","breadcrumb":{"@id":"https:\/\/www.fotocasa.es\/proyecto-vivienda\/ayuda-de-navidad\/#breadcrumb"},"inLanguage":"es","potentialAction":[{"@type":"ReadAction","target":["https:\/\/www.fotocasa.es\/proyecto-vivienda\/ayuda-de-navidad\/"]}]},{"@type":"ImageObject","inLanguage":"es","@id":"https:\/\/www.fotocasa.es\/proyecto-vivienda\/ayuda-de-navidad\/#primaryimage","url":"https:\/\/www.fotocasa.es\/proyecto-vivienda\/wp-content\/uploads\/2022\/08\/bg-bonojoven-2.svg","contentUrl":"https:\/\/www.fotocasa.es\/proyecto-vivienda\/wp-content\/uploads\/2022\/08\/bg-bonojoven-2.svg","width":575.3,"height":200.3},{"@type":"BreadcrumbList","@id":"https:\/\/www.fotocasa.es\/proyecto-vivienda\/ayuda-de-navidad\/#breadcrumb","itemListElement":[{"@type":"ListItem","position":1,"name":"Home","item":"https:\/\/www.fotocasa.es\/proyecto-vivienda\/"},{"@type":"ListItem","position":2,"name":"Iniciativas: Ayuda de Navidad"}]},{"@type":"WebSite","@id":"https:\/\/www.fotocasa.es\/proyecto-vivienda\/#website","url":"https:\/\/www.fotocasa.es\/proyecto-vivienda\/","name":"Fotocasa: Proyecto Vivienda","description":"Una iniciativa para ayudar a los j\u00f3venes y otros colectivos con ayudas, herramientas e informaci\u00f3n para ayudar a acceder a la vivienda a quien m\u00e1s lo necesita.","publisher":{"@id":"https:\/\/www.fotocasa.es\/proyecto-vivienda\/#organization"},"potentialAction":[{"@type":"SearchAction","target":{"@type":"EntryPoint","urlTemplate":"https:\/\/www.fotocasa.es\/proyecto-vivienda\/?s={search_term_string}"},"query-input":{"@type":"PropertyValueSpecification","valueRequired":true,"valueName":"search_term_string"}}],"inLanguage":"es"},{"@type":"Organization","@id":"https:\/\/www.fotocasa.es\/proyecto-vivienda\/#organization","name":"Fotocasa: Proyecto Vivienda","url":"https:\/\/www.fotocasa.es\/proyecto-vivienda\/","logo":{"@type":"ImageObject","inLanguage":"es","@id":"https:\/\/www.fotocasa.es\/proyecto-vivienda\/#\/schema\/logo\/image\/","url":"https:\/\/www.fotocasa.es\/proyecto-vivienda\/wp-content\/uploads\/2022\/07\/logo-baja-1.png","contentUrl":"https:\/\/www.fotocasa.es\/proyecto-vivienda\/wp-content\/uploads\/2022\/07\/logo-baja-1.png","width":500,"height":250,"caption":"Fotocasa: Proyecto Vivienda"},"image":{"@id":"https:\/\/www.fotocasa.es\/proyecto-vivienda\/#\/schema\/logo\/image\/"}}]}},"_links":{"self":[{"href":"https:\/\/www.fotocasa.es\/proyecto-vivienda\/wp-json\/wp\/v2\/pages\/27990","targetHints":{"allow":["GET"]}}],"collection":[{"href":"https:\/\/www.fotocasa.es\/proyecto-vivienda\/wp-json\/wp\/v2\/pages"}],"about":[{"href":"https:\/\/www.fotocasa.es\/proyecto-vivienda\/wp-json\/wp\/v2\/types\/page"}],"author":[{"embeddable":true,"href":"https:\/\/www.fotocasa.es\/proyecto-vivienda\/wp-json\/wp\/v2\/users\/5"}],"replies":[{"embeddable":true,"href":"https:\/\/www.fotocasa.es\/proyecto-vivienda\/wp-json\/wp\/v2\/comments?post=27990"}],"version-history":[{"count":0,"href":"https:\/\/www.fotocasa.es\/proyecto-vivienda\/wp-json\/wp\/v2\/pages\/27990\/revisions"}],"wp:attachment":[{"href":"https:\/\/www.fotocasa.es\/proyecto-vivienda\/wp-json\/wp\/v2\/media?parent=27990"}],"curies":[{"name":"wp","href":"https:\/\/api.w.org\/{rel}","templated":true}]}}