{"id":29233,"date":"2023-09-15T07:43:07","date_gmt":"2023-09-15T07:43:07","guid":{"rendered":"https:\/\/www.fotocasa.es\/promo-1000\/?page_id=29233"},"modified":"2023-10-02T09:47:05","modified_gmt":"2023-10-02T09:47:05","slug":"bases-legales-sorteo-de-promo-1-000","status":"publish","type":"page","link":"https:\/\/www.fotocasa.es\/promo-1000\/bases-legales-sorteo-de-promo-1-000\/","title":{"rendered":"Bases legales sorteo de Promo 1.000"},"content":{"rendered":"\t\t<div data-elementor-type=\"wp-page\" data-elementor-id=\"29233\" class=\"elementor elementor-29233\" data-elementor-post-type=\"page\">\n\t\t\t\t<div class=\"elementor-element elementor-element-d1cbd64 promo-vaciada e-flex e-con-boxed e-con e-parent\" data-id=\"d1cbd64\" data-element_type=\"container\" data-e-type=\"container\" data-settings=\"{&quot;background_background&quot;:&quot;classic&quot;,&quot;animation&quot;:&quot;none&quot;,&quot;animation_mobile&quot;:&quot;none&quot;}\">\n\t\t\t\t\t<div class=\"e-con-inner\">\n\t\t<div class=\"elementor-element elementor-element-92f32d9 e-con-full animated-slow e-flex e-con e-child\" data-id=\"92f32d9\" data-element_type=\"container\" data-e-type=\"container\" data-settings=\"{&quot;animation&quot;:&quot;none&quot;}\">\n\t\t\t\t<div class=\"elementor-element elementor-element-49ba0a7 elementor-widget elementor-widget-heading\" data-id=\"49ba0a7\" data-element_type=\"widget\" data-e-type=\"widget\" data-widget_type=\"heading.default\">\n\t\t\t\t<div class=\"elementor-widget-container\">\n\t\t\t\t\t<h2 class=\"elementor-heading-title elementor-size-default\">Bases y condiciones legales para la participaci\u00f3n en el sorteo de de \u201cPromo 1.000\u201d\n de Fotocasa\n<\/h2>\t\t\t\t<\/div>\n\t\t\t\t<\/div>\n\t\t\t\t<div class=\"elementor-element elementor-element-0416720 elementor-widget elementor-widget-text-editor\" data-id=\"0416720\" data-element_type=\"widget\" data-e-type=\"widget\" data-widget_type=\"text-editor.default\">\n\t\t\t\t<div class=\"elementor-widget-container\">\n\t\t\t\t\t\t\t\t\t<p><b>1. Datos identificativos del Organizador<\/b><\/p>\n<p><\/p>\n<p>ADEVINTA SPAIN, S.L.U. (en adelante, \u201cAdevinta o el Organizador\u201d) con domicilio en Calle Hernani 59, plantas 1\u00aa, CP 28020, Madrid, Espa\u00f1a, con NIF: B-8411652, y titular, entre otros, del portal&nbsp;<a href=\"https:\/\/www.fotocasa.es\" target=\"_blank\" rel=\"noopener\">www.fotocasa.es<\/a>&nbsp;(en adelante, Fotocasa), que realizar\u00e1 el sorteo conforme se especifica en estas bases legales.<\/p>\n<p><\/p>\n<p><b>&nbsp;<\/b><\/p>\n<p><b>2. Objetivo del Sorteo&nbsp;<\/b><\/p>\n<p><span style=\"color: var( --e-global-color-text ); text-align: var(--text-align);\">&nbsp;<\/span><\/p>\n<p><span style=\"color: var( --e-global-color-text ); text-align: var(--text-align);\">El objetivo del sorteo de \u201cPromo 1.000\u201d de Fotocasa (en adelante, el \u201cSorteo\u201d) es ayudar al pago de tu vivienda, para ello Fotocasa ofrece a las personas que se descarguen la app de Fotocasa y se registren en la misma y cumplan con las condiciones establecidas en las presentes bases legales, la oportunidad de ganar 1.000 euros (MIL EUROS) para destinar al pago de los gastos de alquiler o hipoteca de su vivienda.<\/span><\/p>\n<p><\/p>\n<p><b>&nbsp;<\/b><\/p>\n<p><b>3. Descripci\u00f3n de los premios<br><\/b><\/p>\n<p><\/p>\n<p>El ganador o ganadora ser\u00e1 premiado con&nbsp;1.000\u20ac (MIL EUROS) en met\u00e1lico, valor sujeto a las retenciones fiscales conforme se explica en la cl\u00e1usula 8.<\/p>\n<p><\/p>\n<p><b>&nbsp;<\/b><\/p>\n<p><b>4. Condiciones para la participaci\u00f3n en el Sorteo<br><\/b><\/p>\n<p><\/p>\n<p>Entrar\u00e1n en el Sorteo todos aquellos participantes que cumplan las siguientes condiciones y cumplan con las presentes Bases Legales:<\/p>\n<p><\/p>\n<ul>\n<li>a) Ser mayor de edad;<\/li>\n<li>b) Tener su residencia en Espa\u00f1a (Pen\u00ednsula, Baleares, Canarias, Ceuta y Melilla);<\/li>\n<li>c) Que se descarguen la App de Fotocasa, durante el Plazo de Duraci\u00f3n del Sorteo que se indica en la cl\u00e1usula 5, a trav\u00e9s de los enlaces facilitados en los materiales de comunicaci\u00f3n del Sorteo disponibles en www.fotocasa.es\/promo-1000. \u00danicamente se considerar\u00e1 este requisito, para aquellos participantes que se descarguen por primera vez la App, o, que haga m\u00e1s de 3 meses que se la desinstalaron y nuevamente se la vuelvan a descargar; y<\/li>\n<li>d) Que se registren en la App de Fotocasa facilitando de forma correcta los datos requeridos o que accedan a su cuenta de Fotocasa a trav\u00e9s de la App, en caso de ser usuarios ya previamente registrados.&nbsp;<\/li>\n<\/ul>\n<p><b>&nbsp;<\/b><\/p>\n<p><b>5. Funcionamiento del Sorteo<br><\/b><\/p>\n<p><\/p>\n<p>El plazo de duraci\u00f3n del Sorteo es desde las 10:00h del 1 de octubre de 2023 hasta las 23:59h del 15 de octubre de 2023 (el \u201cPlazo de Duraci\u00f3n\u201d). El Sorteo se realizar\u00e1 entre todos los participantes que cumplan las condiciones de participaci\u00f3n el d\u00eda 16 de octubre, escogi\u00e9ndose, de forma aleatoria a un ganador y a 5 suplentes.<\/p>\n<p><span style=\"color: var( --e-global-color-text ); text-align: var(--text-align);\">El sorteo para la elecci\u00f3n del ganador se realizar\u00e1 el siguiente d\u00eda laborable tras el cierre del Sorteo de la semana, a trav\u00e9s de la aplicaci\u00f3n Randompicker (https:\/\/www.randompicker.com\/es\/) con la presencia de un integrante del departamento de Marketing de Fotocasa.<\/span><\/p>\n<p><span style=\"color: var( --e-global-color-text ); text-align: var(--text-align);\">&nbsp;<\/span><\/p>\n<p><span style=\"color: var( --e-global-color-text ); text-align: var(--text-align);\">Adevinta se pondr\u00e1 en contacto con el ganador a trav\u00e9s del correo electr\u00f3nico facilitado por el participante en el momento de registrarse en la App de Fotocasa, con el fin de gestionar la entrega del premio de acuerdo con las siguientes condiciones.<\/span><\/p>\n<p><span style=\"color: var( --e-global-color-text ); text-align: var(--text-align);\">&nbsp;<\/span><\/p>\n<p><span style=\"color: var( --e-global-color-text ); text-align: var(--text-align);\">La comunicaci\u00f3n con la persona ganadora se har\u00e1 como m\u00e1ximo en el plazo de tres (3) d\u00edas naturales desde la fecha de celebraci\u00f3n del Sorteo.&nbsp;<\/span><\/p>\n<p><span style=\"color: var( --e-global-color-text ); text-align: var(--text-align);\">&nbsp;<\/span><\/p>\n<p><span style=\"color: var( --e-global-color-text ); text-align: var(--text-align);\">Transcurridas 72 horas desde la puesta en contacto con la persona ganadora, y en caso de que no responda o no facilite los documentos acreditativos o si se verifica que los datos facilitados son falsos y\/o incorrectos, su participaci\u00f3n quedar\u00e1 descalificada y Adevinta proceder\u00e1 a contactar al primer usuario que figure en la lista de los 5 suplentes. En caso de que sucediera lo mismo con alguno de los suplentes, Adevinta ir\u00eda contactando con los siguientes de la lista hasta obtener respuesta o poder certificar la veracidad de los documentos o datos facilitados. En caso de que Adevinta no consiga contactar con ninguno de los 5 suplentes o no consiga certificar los datos o documentaciones de los mismos, transcurridos 30 d\u00edas, el premio se declarar\u00e1 desierto.&nbsp;<\/span><\/p>\n<p><span style=\"color: var( --e-global-color-text ); text-align: var(--text-align);\">&nbsp;<\/span><\/p>\n<p><span style=\"color: var( --e-global-color-text ); text-align: var(--text-align);\">Una vez confirmado el ganador, sus datos (nombre y apellidos) se har\u00e1n p\u00fablicos en www.fotocasa.es\/promo-1000.<\/span><\/p>\n<p><\/p>\n<p><b>6. Normas de participaci\u00f3n<br><\/b><\/p>\n<p>La participaci\u00f3n en el presente Sorteo est\u00e1 sujeta al cumplimiento de las siguientes normas:<\/p>\n<p><\/p>\n<ul>\n<li>Cumplir con las condiciones de participaci\u00f3n del Sorteo indicadas en la cl\u00e1usula 4, facilitando datos ciertos y veraces. Cualquier falsedad detectada en los datos proporcionados por los participantes conllevar\u00e1 la exclusi\u00f3n de su participaci\u00f3n.<\/li>\n<li>Adevinta se reserva el derecho a solicitar a los participantes que aporten la documentaci\u00f3n necesaria para acreditar la veracidad de sus datos. La falta de aportaci\u00f3n de dicha documentaci\u00f3n dar\u00e1 lugar a la imposibilidad de que podamos tramitar tu participaci\u00f3n en el Sorteo.&nbsp;<\/li>\n<li>El mero hecho de participar en el Sorteo implica la aceptaci\u00f3n \u00edntegra de las bases de este.<\/li>\n<li>Ante posibles dudas de interpretaci\u00f3n siempre prevalecer\u00e1 el criterio de Adevinta.<\/li>\n<li>Quedan excluidos del sorteo todos los empleados de Adevinta y sus familiares directos.<\/li>\n<li>Adevinta se reserva el derecho de modificar las bases del Sorteo, parcial o totalmente en cualquier momento, sin previo aviso. As\u00ed mismo se reserva tambi\u00e9n el derecho a anularlo, a dejar los premios desiertos o revocarlos en caso de detectarse alguna irregularidad.<\/li>\n<li>En caso de sufrir ataques inform\u00e1ticos que dificulten o impidan la correcta gesti\u00f3n del Sorteo, Adevinta se reserva el derecho de anular el Sorteo.<\/li>\n<li>Las bases del presente Sorteo est\u00e1n sujetas a la legislaci\u00f3n espa\u00f1ola y a la jurisdicci\u00f3n exclusiva de los tribunales de la ciudad de Barcelona.<\/li>\n<\/ul>\n<p><b>7. Datos personales<br><\/b><\/p>\n<p>Adevinta se compromete a cumplir el Reglamento (UE) 2016\/679 del Parlamento Europeo y del Consejo, de 27 de abril de 2016, relativo a la protecci\u00f3n de las personas f\u00edsicas en lo que respecta al tratamiento de datos personales y a la libre circulaci\u00f3n de estos datos y por el que se deroga la Directiva 95\/46\/CE (Reglamento general de protecci\u00f3n de datos) (RGPD) y a tratar estos datos de forma confidencial. A continuaci\u00f3n, se informa al participante del sorteo de los siguientes puntos:<\/p>\n<p><\/p>\n<p><u>7.1) La identidad del responsable del tratamiento es la siguiente:<\/u><\/p>\n<p>Identidad: ADEVINTA SPAIN, S.L.U. (\u201cAdevinta\u201d)&nbsp;<\/p>\n<p>Dir. postal: Calle Hernani , n\u00ba 59, 1\u00aa planta, 28020, Madrid<\/p>\n<p>Tel\u00e9fono: 93 576 55 00<\/p>\n<p>Contacto Delegado Protecci\u00f3n de Datos: es.privacidad@adevinta.com&nbsp;<\/p>\n<p><\/p>\n<p><u>7.2) Finalidades:<\/u><\/p>\n<p>La finalidad del tratamiento de los datos del participante es la correcta gesti\u00f3n del Sorteo y la comunicaci\u00f3n con los posibles ganadores.<\/p>\n<p><\/p>\n<p><u>7.3) Legitimaci\u00f3n:<\/u><\/p>\n<p>La base legal correspondiente a las finalidades indicadas en el apartado anterior radica en el consentimiento del participante en el sorteo otorgado al participar en \u00e9ste.<\/p>\n<p><\/p>\n<p><u>7.4) Plazo de conservaci\u00f3n de los datos:&nbsp;<\/u><\/p>\n<p>Los datos personales para la realizaci\u00f3n del Sorteo se conservar\u00e1n hasta la efectiva finalizaci\u00f3n del Sorteo, transcurrido este periodo, los datos ser\u00e1n eliminados.<\/p>\n<p><\/p>\n<p><u>7.5) Destinatarios:<\/u><\/p>\n<p>Los datos personales ser\u00e1n comunicados a terceros en los siguientes supuestos: por aquellos proveedores que prestan servicios a Adevinta Spain, tales como servicios de alojamiento de contenido, de mensajer\u00eda instant\u00e1nea, de env\u00edo de notificaciones, servicios publicitarios, etc. Adevinta Spain ha suscrito los correspondientes contratos de encargo de tratamiento con cada uno de los proveedores que prestan servicios a Adevinta Spain con el objetivo de garantizar que dichos proveedores tratar\u00e1n tus datos de conformidad con lo establecido en la legislaci\u00f3n vigente. Y, podr\u00e1n ser cedidos a las autoridades competentes en los casos que exista una obligaci\u00f3n legal.<\/p>\n<p><\/p>\n<p><u>7.6) Derechos:<\/u><\/p>\n<p>Todos los participantes del Sorteo tienen derecho a darse de baja del mismo. El interesado deber\u00e1 comunicarlo a Adevinta mediante el correo electr\u00f3nico es.privacidad@adevinta.com indicando en el asunto: \u201cBaja sorteo Promo 1.000\u201d de Fotocasa\u201d.<\/p>\n<p><\/p>\n<p>Los participantes del Sorteo tienen derecho a obtener confirmaci\u00f3n sobre si en Adevinta se est\u00e1n tratando datos personales que le concierne, o no. Asimismo, los participantes tienen derecho a acceder a sus datos personales, as\u00ed como a solicitar la rectificaci\u00f3n de los datos inexactos o, en su caso, solicitar su supresi\u00f3n cuando, entre otros motivos, los datos ya no sean necesarios para los fines que fueron recogidos.<\/p>\n<p><\/p>\n<p>En determinadas circunstancias, los participantes podr\u00e1n solicitar la limitaci\u00f3n del tratamiento de sus datos, en cuyo caso Adevinta \u00fanicamente los conservar\u00e1 para el ejercicio o la defensa de reclamaciones.&nbsp;<\/p>\n<p><\/p>\n<p>Adicionalmente, en determinadas circunstancias y por motivos relacionados con la situaci\u00f3n particular de los participantes, estos podr\u00e1n oponerse al tratamiento de sus datos. Adevinta dejar\u00e1 de tratar los datos, salvo por motivos leg\u00edtimos imperiosos, o el ejercicio o la defensa de posibles reclamaciones.<\/p>\n<p><\/p>\n<p>Asimismo, los participantes podr\u00e1n ejercer, si procede, el derecho a la portabilidad de los datos, as\u00ed como retirar los consentimientos facilitados en cualquier momento, sin que ello afecte a la licitud del tratamiento basado en el consentimiento previo a su retirada.<\/p>\n<p><\/p>\n<p>Si los participantes desean hacer uso de cualquiera de sus derechos puede dirigirse a Adevinta mediante el correo es.privacidad@adevinta.com&nbsp;<\/p>\n<p><\/p>\n<p>Por \u00faltimo, los participantes pueden dirigirse ante la Agencia Espa\u00f1ola de Protecci\u00f3n de Datos y dem\u00e1s organismos p\u00fablicos competentes para cualquier reclamaci\u00f3n derivada del tratamiento de sus datos personales.<\/p>\n<p><\/p>\n<p><b>8. Entrega del premio<\/b><\/p>\n<p>Adevinta se encargar\u00e1 de entregar el premio por transferencia bancaria. El presente premio obtenido en la participaci\u00f3n del Sorteo se considera una ganancia patrimonial tributable en el impuesto de la Renta de las personas f\u00edsicas y, como tal, el valor del premio obtenido debe incluirse en la base general del impuesto de la declaraci\u00f3n anual de la renta (art.101.7 LIRPF). Por ello, el Organizador proceder\u00e1 a practicar la retenci\u00f3n oportuna y a ingresar en la Hacienda P\u00fablica, por nombre y cuenta del ganador, las cantidades que correspondan en concepto de IRPF e IVA. En este sentido, una vez practicadas las retenciones oportunas, <b>el valor neto del Premio ser\u00e1 de 1.000\u20ac (MIL EUROS)<\/b>. Para ello, se solicitar\u00e1 al ganador los siguientes datos para la entrega del premio: nombre y apellidos, DNI, domicilio y email.<\/p>\t\t\t\t\t\t\t\t<\/div>\n\t\t\t\t<\/div>\n\t\t\t\t<div class=\"elementor-element elementor-element-b5d521e elementor-widget elementor-widget-spacer\" data-id=\"b5d521e\" data-element_type=\"widget\" data-e-type=\"widget\" data-widget_type=\"spacer.default\">\n\t\t\t\t<div class=\"elementor-widget-container\">\n\t\t\t\t\t\t\t<div class=\"elementor-spacer\">\n\t\t\t<div class=\"elementor-spacer-inner\"><\/div>\n\t\t<\/div>\n\t\t\t\t\t\t<\/div>\n\t\t\t\t<\/div>\n\t\t\t\t<\/div>\n\t\t\t\t\t<\/div>\n\t\t\t\t<\/div>\n\t\t\t\t<\/div>\n\t\t","protected":false},"excerpt":{"rendered":"<p>Bases y condiciones legales para la participaci\u00f3n en el sorteo de de \u201cPromo 1.000\u201d de Fotocasa 1. Datos identificativos del Organizador ADEVINTA SPAIN, S.L.U. (en adelante, \u201cAdevinta o el Organizador\u201d) con domicilio en Calle Hernani 59, plantas 1\u00aa, CP 28020, Madrid, Espa\u00f1a, con NIF: B-8411652, y titular, entre otros, del portal&nbsp;www.fotocasa.es&nbsp;(en adelante, Fotocasa), que realizar\u00e1 [&hellip;]<\/p>\n","protected":false},"author":5,"featured_media":0,"parent":0,"menu_order":0,"comment_status":"closed","ping_status":"closed","template":"","meta":{"inline_featured_image":false,"footnotes":""},"class_list":["post-29233","page","type-page","status-publish","hentry"],"yoast_head":"<!-- This site is optimized with the Yoast SEO plugin v27.3 - https:\/\/yoast.com\/product\/yoast-seo-wordpress\/ -->\n<title>Bases legales sorteo de Promo 1.000 - Fotocasa: Promo 1000<\/title>\n<meta name=\"robots\" content=\"index, follow, max-snippet:-1, max-image-preview:large, max-video-preview:-1\" \/>\n<link rel=\"canonical\" href=\"https:\/\/www.fotocasa.es\/promo-1000\/bases-legales-sorteo-de-promo-1-000\/\" \/>\n<meta property=\"og:locale\" content=\"es_ES\" \/>\n<meta property=\"og:type\" content=\"article\" \/>\n<meta property=\"og:title\" content=\"Bases legales sorteo de Promo 1.000 - Fotocasa: Promo 1000\" \/>\n<meta property=\"og:description\" content=\"Bases y condiciones legales para la participaci\u00f3n en el sorteo de de \u201cPromo 1.000\u201d de Fotocasa 1. Datos identificativos del Organizador ADEVINTA SPAIN, S.L.U. (en adelante, \u201cAdevinta o el Organizador\u201d) con domicilio en Calle Hernani 59, plantas 1\u00aa, CP 28020, Madrid, Espa\u00f1a, con NIF: B-8411652, y titular, entre otros, del portal&nbsp;www.fotocasa.es&nbsp;(en adelante, Fotocasa), que realizar\u00e1 [&hellip;]\" \/>\n<meta property=\"og:url\" content=\"https:\/\/www.fotocasa.es\/promo-1000\/bases-legales-sorteo-de-promo-1-000\/\" \/>\n<meta property=\"og:site_name\" content=\"Fotocasa: Promo 1000\" \/>\n<meta property=\"article:modified_time\" content=\"2023-10-02T09:47:05+00:00\" \/>\n<meta name=\"twitter:card\" content=\"summary_large_image\" \/>\n<meta name=\"twitter:label1\" content=\"Tiempo de lectura\" \/>\n\t<meta name=\"twitter:data1\" content=\"8 minutos\" \/>\n<script type=\"application\/ld+json\" class=\"yoast-schema-graph\">{\"@context\":\"https:\\\/\\\/schema.org\",\"@graph\":[{\"@type\":\"WebPage\",\"@id\":\"https:\\\/\\\/www.fotocasa.es\\\/promo-1000\\\/bases-legales-sorteo-de-promo-1-000\\\/\",\"url\":\"https:\\\/\\\/www.fotocasa.es\\\/promo-1000\\\/bases-legales-sorteo-de-promo-1-000\\\/\",\"name\":\"Bases legales sorteo de Promo 1.000 - Fotocasa: Promo 1000\",\"isPartOf\":{\"@id\":\"https:\\\/\\\/www.fotocasa.es\\\/promo-1000\\\/#website\"},\"datePublished\":\"2023-09-15T07:43:07+00:00\",\"dateModified\":\"2023-10-02T09:47:05+00:00\",\"breadcrumb\":{\"@id\":\"https:\\\/\\\/www.fotocasa.es\\\/promo-1000\\\/bases-legales-sorteo-de-promo-1-000\\\/#breadcrumb\"},\"inLanguage\":\"es\",\"potentialAction\":[{\"@type\":\"ReadAction\",\"target\":[\"https:\\\/\\\/www.fotocasa.es\\\/promo-1000\\\/bases-legales-sorteo-de-promo-1-000\\\/\"]}]},{\"@type\":\"BreadcrumbList\",\"@id\":\"https:\\\/\\\/www.fotocasa.es\\\/promo-1000\\\/bases-legales-sorteo-de-promo-1-000\\\/#breadcrumb\",\"itemListElement\":[{\"@type\":\"ListItem\",\"position\":1,\"name\":\"Home\",\"item\":\"https:\\\/\\\/www.fotocasa.es\\\/promo-1000\\\/\"},{\"@type\":\"ListItem\",\"position\":2,\"name\":\"Bases legales sorteo de Promo 1.000\"}]},{\"@type\":\"WebSite\",\"@id\":\"https:\\\/\\\/www.fotocasa.es\\\/promo-1000\\\/#website\",\"url\":\"https:\\\/\\\/www.fotocasa.es\\\/promo-1000\\\/\",\"name\":\"Fotocasa: Promo 1000\",\"description\":\"Una iniciativa para ayudar a los j\u00f3venes y otros colectivos con ayudas, herramientas e informaci\u00f3n para ayudar a acceder a la vivienda a quien m\u00e1s lo necesita.\",\"publisher\":{\"@id\":\"https:\\\/\\\/www.fotocasa.es\\\/promo-1000\\\/#organization\"},\"potentialAction\":[{\"@type\":\"SearchAction\",\"target\":{\"@type\":\"EntryPoint\",\"urlTemplate\":\"https:\\\/\\\/www.fotocasa.es\\\/promo-1000\\\/?s={search_term_string}\"},\"query-input\":{\"@type\":\"PropertyValueSpecification\",\"valueRequired\":true,\"valueName\":\"search_term_string\"}}],\"inLanguage\":\"es\"},{\"@type\":\"Organization\",\"@id\":\"https:\\\/\\\/www.fotocasa.es\\\/promo-1000\\\/#organization\",\"name\":\"Fotocasa: Promo 1000\",\"url\":\"https:\\\/\\\/www.fotocasa.es\\\/promo-1000\\\/\",\"logo\":{\"@type\":\"ImageObject\",\"inLanguage\":\"es\",\"@id\":\"https:\\\/\\\/www.fotocasa.es\\\/promo-1000\\\/#\\\/schema\\\/logo\\\/image\\\/\",\"url\":\"https:\\\/\\\/www.fotocasa.es\\\/promo-1000\\\/wp-content\\\/uploads\\\/2023\\\/09\\\/logo-fotocasa.svg\",\"contentUrl\":\"https:\\\/\\\/www.fotocasa.es\\\/promo-1000\\\/wp-content\\\/uploads\\\/2023\\\/09\\\/logo-fotocasa.svg\",\"width\":117,\"height\":20,\"caption\":\"Fotocasa: Promo 1000\"},\"image\":{\"@id\":\"https:\\\/\\\/www.fotocasa.es\\\/promo-1000\\\/#\\\/schema\\\/logo\\\/image\\\/\"}}]}<\/script>\n<!-- \/ Yoast SEO plugin. -->","yoast_head_json":{"title":"Bases legales sorteo de Promo 1.000 - Fotocasa: Promo 1000","robots":{"index":"index","follow":"follow","max-snippet":"max-snippet:-1","max-image-preview":"max-image-preview:large","max-video-preview":"max-video-preview:-1"},"canonical":"https:\/\/www.fotocasa.es\/promo-1000\/bases-legales-sorteo-de-promo-1-000\/","og_locale":"es_ES","og_type":"article","og_title":"Bases legales sorteo de Promo 1.000 - Fotocasa: Promo 1000","og_description":"Bases y condiciones legales para la participaci\u00f3n en el sorteo de de \u201cPromo 1.000\u201d de Fotocasa 1. Datos identificativos del Organizador ADEVINTA SPAIN, S.L.U. (en adelante, \u201cAdevinta o el Organizador\u201d) con domicilio en Calle Hernani 59, plantas 1\u00aa, CP 28020, Madrid, Espa\u00f1a, con NIF: B-8411652, y titular, entre otros, del portal&nbsp;www.fotocasa.es&nbsp;(en adelante, Fotocasa), que realizar\u00e1 [&hellip;]","og_url":"https:\/\/www.fotocasa.es\/promo-1000\/bases-legales-sorteo-de-promo-1-000\/","og_site_name":"Fotocasa: Promo 1000","article_modified_time":"2023-10-02T09:47:05+00:00","twitter_card":"summary_large_image","twitter_misc":{"Tiempo de lectura":"8 minutos"},"schema":{"@context":"https:\/\/schema.org","@graph":[{"@type":"WebPage","@id":"https:\/\/www.fotocasa.es\/promo-1000\/bases-legales-sorteo-de-promo-1-000\/","url":"https:\/\/www.fotocasa.es\/promo-1000\/bases-legales-sorteo-de-promo-1-000\/","name":"Bases legales sorteo de Promo 1.000 - Fotocasa: Promo 1000","isPartOf":{"@id":"https:\/\/www.fotocasa.es\/promo-1000\/#website"},"datePublished":"2023-09-15T07:43:07+00:00","dateModified":"2023-10-02T09:47:05+00:00","breadcrumb":{"@id":"https:\/\/www.fotocasa.es\/promo-1000\/bases-legales-sorteo-de-promo-1-000\/#breadcrumb"},"inLanguage":"es","potentialAction":[{"@type":"ReadAction","target":["https:\/\/www.fotocasa.es\/promo-1000\/bases-legales-sorteo-de-promo-1-000\/"]}]},{"@type":"BreadcrumbList","@id":"https:\/\/www.fotocasa.es\/promo-1000\/bases-legales-sorteo-de-promo-1-000\/#breadcrumb","itemListElement":[{"@type":"ListItem","position":1,"name":"Home","item":"https:\/\/www.fotocasa.es\/promo-1000\/"},{"@type":"ListItem","position":2,"name":"Bases legales sorteo de Promo 1.000"}]},{"@type":"WebSite","@id":"https:\/\/www.fotocasa.es\/promo-1000\/#website","url":"https:\/\/www.fotocasa.es\/promo-1000\/","name":"Fotocasa: Promo 1000","description":"Una iniciativa para ayudar a los j\u00f3venes y otros colectivos con ayudas, herramientas e informaci\u00f3n para ayudar a acceder a la vivienda a quien m\u00e1s lo necesita.","publisher":{"@id":"https:\/\/www.fotocasa.es\/promo-1000\/#organization"},"potentialAction":[{"@type":"SearchAction","target":{"@type":"EntryPoint","urlTemplate":"https:\/\/www.fotocasa.es\/promo-1000\/?s={search_term_string}"},"query-input":{"@type":"PropertyValueSpecification","valueRequired":true,"valueName":"search_term_string"}}],"inLanguage":"es"},{"@type":"Organization","@id":"https:\/\/www.fotocasa.es\/promo-1000\/#organization","name":"Fotocasa: Promo 1000","url":"https:\/\/www.fotocasa.es\/promo-1000\/","logo":{"@type":"ImageObject","inLanguage":"es","@id":"https:\/\/www.fotocasa.es\/promo-1000\/#\/schema\/logo\/image\/","url":"https:\/\/www.fotocasa.es\/promo-1000\/wp-content\/uploads\/2023\/09\/logo-fotocasa.svg","contentUrl":"https:\/\/www.fotocasa.es\/promo-1000\/wp-content\/uploads\/2023\/09\/logo-fotocasa.svg","width":117,"height":20,"caption":"Fotocasa: Promo 1000"},"image":{"@id":"https:\/\/www.fotocasa.es\/promo-1000\/#\/schema\/logo\/image\/"}}]}},"_links":{"self":[{"href":"https:\/\/www.fotocasa.es\/promo-1000\/wp-json\/wp\/v2\/pages\/29233","targetHints":{"allow":["GET"]}}],"collection":[{"href":"https:\/\/www.fotocasa.es\/promo-1000\/wp-json\/wp\/v2\/pages"}],"about":[{"href":"https:\/\/www.fotocasa.es\/promo-1000\/wp-json\/wp\/v2\/types\/page"}],"author":[{"embeddable":true,"href":"https:\/\/www.fotocasa.es\/promo-1000\/wp-json\/wp\/v2\/users\/5"}],"replies":[{"embeddable":true,"href":"https:\/\/www.fotocasa.es\/promo-1000\/wp-json\/wp\/v2\/comments?post=29233"}],"version-history":[{"count":0,"href":"https:\/\/www.fotocasa.es\/promo-1000\/wp-json\/wp\/v2\/pages\/29233\/revisions"}],"wp:attachment":[{"href":"https:\/\/www.fotocasa.es\/promo-1000\/wp-json\/wp\/v2\/media?parent=29233"}],"curies":[{"name":"wp","href":"https:\/\/api.w.org\/{rel}","templated":true}]}}