{"id":399,"date":"2022-01-24T18:07:11","date_gmt":"2022-01-24T18:07:11","guid":{"rendered":"https:\/\/www.fotocasa.es\/gestion-alquiler\/?page_id=399"},"modified":"2022-01-24T18:17:57","modified_gmt":"2022-01-24T18:17:57","slug":"solicitar-demo","status":"publish","type":"page","link":"https:\/\/www.fotocasa.es\/gestion-alquiler\/solicitar-demo\/","title":{"rendered":"Solicitar Demo"},"content":{"rendered":"\t\t<div data-elementor-type=\"wp-page\" data-elementor-id=\"399\" class=\"elementor elementor-399\" data-elementor-post-type=\"page\">\n\t\t\t\t\t\t<section class=\"elementor-section elementor-top-section elementor-element elementor-element-65b3967 elementor-section-boxed elementor-section-height-default elementor-section-height-default\" data-id=\"65b3967\" data-element_type=\"section\" data-e-type=\"section\">\n\t\t\t\t\t\t<div class=\"elementor-container elementor-column-gap-default\">\n\t\t\t\t\t<div class=\"elementor-column elementor-col-100 elementor-top-column elementor-element elementor-element-3acea34\" data-id=\"3acea34\" data-element_type=\"column\" data-e-type=\"column\">\n\t\t\t<div class=\"elementor-widget-wrap elementor-element-populated\">\n\t\t\t\t\t\t<div class=\"elementor-element elementor-element-db9fc2e elementor-widget elementor-widget-spacer\" data-id=\"db9fc2e\" data-element_type=\"widget\" data-e-type=\"widget\" data-widget_type=\"spacer.default\">\n\t\t\t\t<div class=\"elementor-widget-container\">\n\t\t\t\t\t\t\t<div class=\"elementor-spacer\">\n\t\t\t<div class=\"elementor-spacer-inner\"><\/div>\n\t\t<\/div>\n\t\t\t\t\t\t<\/div>\n\t\t\t\t<\/div>\n\t\t\t\t<div class=\"elementor-element elementor-element-3267d89 elementor-widget elementor-widget-heading\" data-id=\"3267d89\" data-element_type=\"widget\" data-e-type=\"widget\" data-widget_type=\"heading.default\">\n\t\t\t\t<div class=\"elementor-widget-container\">\n\t\t\t\t\t<h1 class=\"elementor-heading-title elementor-size-default\">Solicita una demostraci\u00f3n<\/h1>\t\t\t\t<\/div>\n\t\t\t\t<\/div>\n\t\t\t\t<div class=\"elementor-element elementor-element-a4d562e elementor-widget elementor-widget-text-editor\" data-id=\"a4d562e\" data-element_type=\"widget\" data-e-type=\"widget\" data-widget_type=\"text-editor.default\">\n\t\t\t\t<div class=\"elementor-widget-container\">\n\t\t\t\t\t\t\t\t\t<p>Rellena el formulario y descubre en 20 minutos c\u00f3mo puedes digitalizar la gesti\u00f3n de alquiler de tus inmuebles de la mano de un experto.<\/p>\t\t\t\t\t\t\t\t<\/div>\n\t\t\t\t<\/div>\n\t\t\t\t<div class=\"elementor-element elementor-element-2d01cef elementor-icon-list--layout-traditional elementor-list-item-link-full_width elementor-widget elementor-widget-icon-list\" data-id=\"2d01cef\" data-element_type=\"widget\" data-e-type=\"widget\" data-widget_type=\"icon-list.default\">\n\t\t\t\t<div class=\"elementor-widget-container\">\n\t\t\t\t\t\t\t<ul class=\"elementor-icon-list-items\">\n\t\t\t\t\t\t\t<li class=\"elementor-icon-list-item\">\n\t\t\t\t\t\t\t\t\t\t\t<span class=\"elementor-icon-list-icon\">\n\t\t\t\t\t\t\t<i aria-hidden=\"true\" class=\"far fa-check-circle\"><\/i>\t\t\t\t\t\t<\/span>\n\t\t\t\t\t\t\t\t\t\t<span class=\"elementor-icon-list-text\">Demostraci\u00f3n 100% gratuita y personalizada seg\u00fan tus necesidades y disponibilidad<\/span>\n\t\t\t\t\t\t\t\t\t<\/li>\n\t\t\t\t\t\t\t\t<li class=\"elementor-icon-list-item\">\n\t\t\t\t\t\t\t\t\t\t\t<span class=\"elementor-icon-list-icon\">\n\t\t\t\t\t\t\t<i aria-hidden=\"true\" class=\"far fa-check-circle\"><\/i>\t\t\t\t\t\t<\/span>\n\t\t\t\t\t\t\t\t\t\t<span class=\"elementor-icon-list-text\">Aprender\u00e1s c\u00f3mo es la plataforma y sus funcionalidades disponibles<\/span>\n\t\t\t\t\t\t\t\t\t<\/li>\n\t\t\t\t\t\t<\/ul>\n\t\t\t\t\t\t<\/div>\n\t\t\t\t<\/div>\n\t\t\t\t<div class=\"elementor-element elementor-element-cd97816 elementor-widget elementor-widget-spacer\" data-id=\"cd97816\" data-element_type=\"widget\" data-e-type=\"widget\" data-widget_type=\"spacer.default\">\n\t\t\t\t<div class=\"elementor-widget-container\">\n\t\t\t\t\t\t\t<div class=\"elementor-spacer\">\n\t\t\t<div class=\"elementor-spacer-inner\"><\/div>\n\t\t<\/div>\n\t\t\t\t\t\t<\/div>\n\t\t\t\t<\/div>\n\t\t\t\t<div class=\"elementor-element elementor-element-e82055c elementor-widget elementor-widget-html\" data-id=\"e82055c\" data-element_type=\"widget\" data-e-type=\"widget\" data-widget_type=\"html.default\">\n\t\t\t\t<div class=\"elementor-widget-container\">\n\t\t\t\t\t<script charset=\"utf-8\" type=\"text\/javascript\" src=\"\/\/js.hsforms.net\/forms\/shell.js\"><\/script>\n<script>\n  hbspt.forms.create({\n\tregion: \"na1\",\n\tportalId: \"6136548\",\n\tformId: \"30a03bf3-0de6-4070-9d6a-ef9035d916a0\"\n});\n<\/script>\t\t\t\t<\/div>\n\t\t\t\t<\/div>\n\t\t\t\t\t<\/div>\n\t\t<\/div>\n\t\t\t\t\t<\/div>\n\t\t<\/section>\n\t\t\t\t<section class=\"elementor-section elementor-top-section elementor-element elementor-element-a8561cf elementor-section-boxed elementor-section-height-default elementor-section-height-default\" data-id=\"a8561cf\" data-element_type=\"section\" data-e-type=\"section\">\n\t\t\t\t\t\t<div class=\"elementor-container elementor-column-gap-default\">\n\t\t\t\t\t<div class=\"elementor-column elementor-col-100 elementor-top-column elementor-element elementor-element-7f2ea55\" data-id=\"7f2ea55\" data-element_type=\"column\" data-e-type=\"column\">\n\t\t\t<div class=\"elementor-widget-wrap elementor-element-populated\">\n\t\t\t\t\t\t<div class=\"elementor-element elementor-element-8f6b574 elementor-widget elementor-widget-spacer\" data-id=\"8f6b574\" data-element_type=\"widget\" data-e-type=\"widget\" data-widget_type=\"spacer.default\">\n\t\t\t\t<div class=\"elementor-widget-container\">\n\t\t\t\t\t\t\t<div class=\"elementor-spacer\">\n\t\t\t<div class=\"elementor-spacer-inner\"><\/div>\n\t\t<\/div>\n\t\t\t\t\t\t<\/div>\n\t\t\t\t<\/div>\n\t\t\t\t\t<\/div>\n\t\t<\/div>\n\t\t\t\t\t<\/div>\n\t\t<\/section>\n\t\t\t\t<\/div>\n\t\t","protected":false},"excerpt":{"rendered":"<p>Solicita una demostraci\u00f3n Rellena el formulario y descubre en 20 minutos c\u00f3mo puedes digitalizar la gesti\u00f3n de alquiler de tus inmuebles de la mano de un experto. Demostraci\u00f3n 100% gratuita y personalizada seg\u00fan tus necesidades y disponibilidad Aprender\u00e1s c\u00f3mo es la plataforma y sus funcionalidades disponibles<\/p>\n","protected":false},"author":2,"featured_media":0,"parent":0,"menu_order":0,"comment_status":"closed","ping_status":"closed","template":"","meta":{"footnotes":""},"class_list":["post-399","page","type-page","status-publish","hentry"],"yoast_head":"<!-- This site is optimized with the Yoast SEO plugin v27.6 - https:\/\/yoast.com\/product\/yoast-seo-wordpress\/ -->\n<title>Solicitar Demo - Fotocasa Alquiler<\/title>\n<meta name=\"robots\" content=\"index, follow, max-snippet:-1, max-image-preview:large, max-video-preview:-1\" \/>\n<link rel=\"canonical\" href=\"https:\/\/www.fotocasa.es\/gestion-alquiler\/solicitar-demo\/\" \/>\n<meta property=\"og:locale\" content=\"es_ES\" \/>\n<meta property=\"og:type\" content=\"article\" \/>\n<meta property=\"og:title\" content=\"Solicitar Demo - Fotocasa Alquiler\" \/>\n<meta property=\"og:description\" content=\"Solicita una demostraci\u00f3n Rellena el formulario y descubre en 20 minutos c\u00f3mo puedes digitalizar la gesti\u00f3n de alquiler de tus inmuebles de la mano de un experto. Demostraci\u00f3n 100% gratuita y personalizada seg\u00fan tus necesidades y disponibilidad Aprender\u00e1s c\u00f3mo es la plataforma y sus funcionalidades disponibles\" \/>\n<meta property=\"og:url\" content=\"https:\/\/www.fotocasa.es\/gestion-alquiler\/solicitar-demo\/\" \/>\n<meta property=\"og:site_name\" content=\"Fotocasa Alquiler\" \/>\n<meta property=\"article:modified_time\" content=\"2022-01-24T18:17:57+00:00\" \/>\n<meta name=\"twitter:card\" content=\"summary_large_image\" \/>\n<meta name=\"twitter:label1\" content=\"Est. reading time\" \/>\n\t<meta name=\"twitter:data1\" content=\"1 minute\" \/>\n<script type=\"application\/ld+json\" class=\"yoast-schema-graph\">{\"@context\":\"https:\\\/\\\/schema.org\",\"@graph\":[{\"@type\":\"WebPage\",\"@id\":\"https:\\\/\\\/www.fotocasa.es\\\/gestion-alquiler\\\/solicitar-demo\\\/\",\"url\":\"https:\\\/\\\/www.fotocasa.es\\\/gestion-alquiler\\\/solicitar-demo\\\/\",\"name\":\"Solicitar Demo - Fotocasa Alquiler\",\"isPartOf\":{\"@id\":\"https:\\\/\\\/www.fotocasa.es\\\/gestion-alquiler\\\/#website\"},\"datePublished\":\"2022-01-24T18:07:11+00:00\",\"dateModified\":\"2022-01-24T18:17:57+00:00\",\"breadcrumb\":{\"@id\":\"https:\\\/\\\/www.fotocasa.es\\\/gestion-alquiler\\\/solicitar-demo\\\/#breadcrumb\"},\"inLanguage\":\"es-ES\",\"potentialAction\":[{\"@type\":\"ReadAction\",\"target\":[\"https:\\\/\\\/www.fotocasa.es\\\/gestion-alquiler\\\/solicitar-demo\\\/\"]}]},{\"@type\":\"BreadcrumbList\",\"@id\":\"https:\\\/\\\/www.fotocasa.es\\\/gestion-alquiler\\\/solicitar-demo\\\/#breadcrumb\",\"itemListElement\":[{\"@type\":\"ListItem\",\"position\":1,\"name\":\"Home\",\"item\":\"https:\\\/\\\/www.fotocasa.es\\\/gestion-alquiler\\\/\"},{\"@type\":\"ListItem\",\"position\":2,\"name\":\"Solicitar Demo\"}]},{\"@type\":\"WebSite\",\"@id\":\"https:\\\/\\\/www.fotocasa.es\\\/gestion-alquiler\\\/#website\",\"url\":\"https:\\\/\\\/www.fotocasa.es\\\/gestion-alquiler\\\/\",\"name\":\"Fotocasa Alquiler\",\"description\":\"Just another WordPress site\",\"potentialAction\":[{\"@type\":\"SearchAction\",\"target\":{\"@type\":\"EntryPoint\",\"urlTemplate\":\"https:\\\/\\\/www.fotocasa.es\\\/gestion-alquiler\\\/?s={search_term_string}\"},\"query-input\":{\"@type\":\"PropertyValueSpecification\",\"valueRequired\":true,\"valueName\":\"search_term_string\"}}],\"inLanguage\":\"es-ES\"}]}<\/script>\n<!-- \/ Yoast SEO plugin. -->","yoast_head_json":{"title":"Solicitar Demo - Fotocasa Alquiler","robots":{"index":"index","follow":"follow","max-snippet":"max-snippet:-1","max-image-preview":"max-image-preview:large","max-video-preview":"max-video-preview:-1"},"canonical":"https:\/\/www.fotocasa.es\/gestion-alquiler\/solicitar-demo\/","og_locale":"es_ES","og_type":"article","og_title":"Solicitar Demo - Fotocasa Alquiler","og_description":"Solicita una demostraci\u00f3n Rellena el formulario y descubre en 20 minutos c\u00f3mo puedes digitalizar la gesti\u00f3n de alquiler de tus inmuebles de la mano de un experto. Demostraci\u00f3n 100% gratuita y personalizada seg\u00fan tus necesidades y disponibilidad Aprender\u00e1s c\u00f3mo es la plataforma y sus funcionalidades disponibles","og_url":"https:\/\/www.fotocasa.es\/gestion-alquiler\/solicitar-demo\/","og_site_name":"Fotocasa Alquiler","article_modified_time":"2022-01-24T18:17:57+00:00","twitter_card":"summary_large_image","twitter_misc":{"Est. reading time":"1 minute"},"schema":{"@context":"https:\/\/schema.org","@graph":[{"@type":"WebPage","@id":"https:\/\/www.fotocasa.es\/gestion-alquiler\/solicitar-demo\/","url":"https:\/\/www.fotocasa.es\/gestion-alquiler\/solicitar-demo\/","name":"Solicitar Demo - Fotocasa Alquiler","isPartOf":{"@id":"https:\/\/www.fotocasa.es\/gestion-alquiler\/#website"},"datePublished":"2022-01-24T18:07:11+00:00","dateModified":"2022-01-24T18:17:57+00:00","breadcrumb":{"@id":"https:\/\/www.fotocasa.es\/gestion-alquiler\/solicitar-demo\/#breadcrumb"},"inLanguage":"es-ES","potentialAction":[{"@type":"ReadAction","target":["https:\/\/www.fotocasa.es\/gestion-alquiler\/solicitar-demo\/"]}]},{"@type":"BreadcrumbList","@id":"https:\/\/www.fotocasa.es\/gestion-alquiler\/solicitar-demo\/#breadcrumb","itemListElement":[{"@type":"ListItem","position":1,"name":"Home","item":"https:\/\/www.fotocasa.es\/gestion-alquiler\/"},{"@type":"ListItem","position":2,"name":"Solicitar Demo"}]},{"@type":"WebSite","@id":"https:\/\/www.fotocasa.es\/gestion-alquiler\/#website","url":"https:\/\/www.fotocasa.es\/gestion-alquiler\/","name":"Fotocasa Alquiler","description":"Just another WordPress site","potentialAction":[{"@type":"SearchAction","target":{"@type":"EntryPoint","urlTemplate":"https:\/\/www.fotocasa.es\/gestion-alquiler\/?s={search_term_string}"},"query-input":{"@type":"PropertyValueSpecification","valueRequired":true,"valueName":"search_term_string"}}],"inLanguage":"es-ES"}]}},"_links":{"self":[{"href":"https:\/\/www.fotocasa.es\/gestion-alquiler\/wp-json\/wp\/v2\/pages\/399","targetHints":{"allow":["GET"]}}],"collection":[{"href":"https:\/\/www.fotocasa.es\/gestion-alquiler\/wp-json\/wp\/v2\/pages"}],"about":[{"href":"https:\/\/www.fotocasa.es\/gestion-alquiler\/wp-json\/wp\/v2\/types\/page"}],"author":[{"embeddable":true,"href":"https:\/\/www.fotocasa.es\/gestion-alquiler\/wp-json\/wp\/v2\/users\/2"}],"replies":[{"embeddable":true,"href":"https:\/\/www.fotocasa.es\/gestion-alquiler\/wp-json\/wp\/v2\/comments?post=399"}],"version-history":[{"count":0,"href":"https:\/\/www.fotocasa.es\/gestion-alquiler\/wp-json\/wp\/v2\/pages\/399\/revisions"}],"wp:attachment":[{"href":"https:\/\/www.fotocasa.es\/gestion-alquiler\/wp-json\/wp\/v2\/media?parent=399"}],"curies":[{"name":"wp","href":"https:\/\/api.w.org\/{rel}","templated":true}]}}