{"id":88419,"date":"2024-03-07T12:48:47","date_gmt":"2024-03-07T11:48:47","guid":{"rendered":"https:\/\/www.fotocasa.es\/fotocasa-life\/?page_id=88419"},"modified":"2024-04-03T10:59:47","modified_gmt":"2024-04-03T08:59:47","slug":"bases-legales-entradas","status":"publish","type":"page","link":"https:\/\/www.fotocasa.es\/fotocasa-life\/bases-legales-entradas\/","title":{"rendered":"Bases y condiciones legales para la participaci\u00f3n en el sorteo de \u00abNueva equipaci\u00f3n Atl\u00e9tico de Madrid 24-25\u201d de Fotocasa"},"content":{"rendered":"<h4><span style=\"color: #303abf;\">1. Datos identificativos del Organizador<\/span><\/h4>\n<p><span style=\"font-weight: 400;\">ADEVINTA SPAIN, S.L.U. (en adelante, \u201cAdevinta o el Organizador\u201d) con domicilio en Calle Hernani 59, plantas 1\u00aa, CP 28020, Madrid, Espa\u00f1a, con NIF: B-8411652, y titular, entre otros, del portal <\/span><a href=\"http:\/\/www.fotocasa.es\"><span style=\"font-weight: 400;\">www.fotocasa.es<\/span><\/a><span style=\"font-weight: 400;\"> (en adelante, \u201cFotocasa\u201d), que realizar\u00e1 el sorteo conforme se especifica en estas bases legales.<\/span><\/p>\n<p>La gesti\u00f3n del presente Sorteo correr\u00e1, en nombre del Organizador, a cargo de la agencia UP TO YOU MARKETING, S.L., representada por D. Jordi Camps Banqu\u00e9, con DNI 47650287Z y con direcci\u00f3n C\/ Aus\u00edas March, 37 \u2013 08010 Barcelona, Espa\u00f1a, con NIF: B-42866426 (en adelante, la \u201cAgencia\u201d).<\/p>\n<h4><span style=\"color: #303abf;\">2. Objetivo del Sorteo\u00a0<\/span><\/h4>\n<p><span style=\"font-weight: 400;\">El objetivo del sorteo de \u201cNueva equipaci\u00f3n Atl\u00e9tico de Madrid 24-25\u201d de Fotocasa (en adelante, el \u201cSorteo\u201d) es ofrecer de entre todas las personas que cumplan con las condiciones establecidas en las presentes bases legales, la oportunidad de ganar una (1) camiseta de la nueva equipaci\u00f3n del Atl\u00e9tico de Madrid de la temporada 2024\u20132025.<\/span><\/p>\n<p><span style=\"font-weight: 400;\">Se trata de un sorteo semanal, que se mantendr\u00e1 activo durante dos semanas. En consecuencia, se escojer\u00e1n dos ganadores en total, uno por semana. <\/span><\/p>\n<h4><span style=\"color: #303abf;\"><b>3. Descripci\u00f3n del premio<\/b><\/span><\/h4>\n<p>Cada ganador ser\u00e1 galardonado con el siguiente premio (en adelante \u201cel Premio\u201d):<\/p>\n<ul>\n<li>1 camiseta de la primera equipaci\u00f3n del atl\u00e9tico de madrid de la temporada 24\/25.<\/li>\n<\/ul>\n<p>La camiseta no llevar\u00e1 inclu\u00eddo ni el parche de La Liga ni de la Champions League.<br \/>\nEl Premio tendr\u00e1 consideraci\u00f3n de art\u00edculo promocional y se proh\u00edbe expresamente la venta del mismo.<br \/>\nEl Premio es valorado en la cantidad aproximada de 100\u20ac (CIEN EUROS).<\/p>\n<h4><span style=\"color: #303abf;\"><b>4. Condiciones para la participaci\u00f3n en el Sorteo<\/b><\/span><\/h4>\n<p><span style=\"font-weight: 400;\">Entrar\u00e1n en el Sorteo todos aquellos participantes que cumplan las siguientes condiciones y cumplan con las presentes Bases Legales:<\/span><\/p>\n<ol>\n<li style=\"font-weight: 400;\" aria-level=\"1\"><span style=\"font-weight: 400;\">Ser mayor de edad;<\/span><\/li>\n<li style=\"font-weight: 400;\" aria-level=\"1\"><span style=\"font-weight: 400;\">Tener su residencia en Espa\u00f1a (Pen\u00ednsula, Baleares, Canarias, Ceuta y Melilla);<\/span><\/li>\n<li style=\"font-weight: 400;\" aria-level=\"1\"><span style=\"font-weight: 400;\">Disponer de una cuenta activa en Fotocasa. Bien, porque se registren en la landing de la promoci\u00f3n en Fotocasa, durante el Plazo de Duraci\u00f3n del Sorteo, a trav\u00e9s de los enlaces facilitados en los materiales de comunicaci\u00f3n del Sorteo o directamente en <\/span><a href=\"https:\/\/www.fotocasa.es\/es\/atletico-de-madrid\/login\"><span style=\"font-weight: 400;\">https:\/\/www.fotocasa.es\/es\/atletico-de-madrid\/login<\/span><\/a><span style=\"font-weight: 400;\">; o bien, en caso de que sean usuarios ya registrados previamente en Fotocasa, podr\u00e1n participar directamente accediendo con su cuenta de Fotocasa desde la p\u00e1gina de participaci\u00f3n de la promoci\u00f3n: <\/span><a href=\"https:\/\/www.fotocasa.es\/es\/atletico-de-madrid\/login\"><span style=\"font-weight: 400;\">https:\/\/www.fotocasa.es\/es\/atletico-de-madrid\/login<\/span><\/a><span style=\"font-weight: 400;\">; y\u00a0<\/span><\/li>\n<li style=\"font-weight: 400;\" aria-level=\"1\"><span style=\"font-weight: 400;\">Adem\u00e1s, una vez registrado o logueado, deber\u00e1n inscribirse en la p\u00e1gina de inscripci\u00f3n del Sorteo debiendo completar correctamente el formulario de registro con los datos (nombre, e-mail y tel\u00e9fono) requeridos.<\/span><\/li>\n<\/ol>\n<h4><\/h4>\n<h4><span style=\"color: #303abf;\"><b>5. Funcionamiento del Sorteo<\/b><\/span><\/h4>\n<p><span style=\"font-weight: 400;\">Se realizar\u00e1n 2 Sorteos, 1 por cada semana de duraci\u00f3n de la promoci\u00f3n. Los plazos de duraci\u00f3n del Sorteo (en adelante, el \u201cPlazo de Duraci\u00f3n\u201d) es:<\/span><\/p>\n<p><strong>Sorteo n\u00famero 1:<\/strong><\/p>\n<ul>\n<li>Fecha de inicio: desde las 10:00h del 22 de julio de 2024<\/li>\n<li>Fecha de finalizaci\u00f3n: hasta las 23:59h del 28 de julio de 2024<\/li>\n<\/ul>\n<p><strong>Sorteo n\u00famero 2:<\/strong><\/p>\n<ul>\n<li>Fecha de inicio: desde las 00:00h del 29 de julio de 2024<\/li>\n<li>Fecha de finalizaci\u00f3n: hasta las 23:59h del 4 de agosto de 2024<\/li>\n<\/ul>\n<p><span style=\"font-weight: 400;\">No se tendr\u00e1n en cuenta las participaciones realizadas fuera del plazo indicado.<\/span><\/p>\n<p>Las fechas de celebraci\u00f3n de los Sorteo est\u00e1n previstas para:<\/p>\n<ul>\n<li><strong>Sorteo n\u00famero 1:<\/strong> 29 de julio<\/li>\n<li><strong>Sorteo n\u00famero 2:<\/strong> 5 de agosto<\/li>\n<\/ul>\n<p>Los Sorteos se realizar\u00e1n entre todos los participantes que cumplan las condiciones de participaci\u00f3n el d\u00eda, escogi\u00e9ndose, de forma aleatoria a un (1) ganador y a dos (2) suplentes por cada Sorteo.<br \/>\nLos sorteos para la elecci\u00f3n del ganador se realizar\u00e1n el siguiente d\u00eda laborable tras la fecha de finalizaci\u00f3n del Sorteo que corresponda, a trav\u00e9s de la aplicaci\u00f3n Sortea2 (https:\/\/www.sortea2.com\/) con la presencia de un integrante del departamento de Marketing de Fotocasa.<\/p>\n<p>Adevinta se pondr\u00e1 en contacto con cada uno de los ganadores a trav\u00e9s del correo electr\u00f3nico o tel\u00e9fono facilitado por el participante en el momento de registrarse en el Sorteo, con el fin de gestionar la entrega del premio de acuerdo con las presentes condiciones.<\/p>\n<p>La comunicaci\u00f3n con el ganador se har\u00e1 durante el mismo d\u00eda de la celebraci\u00f3n del Sorteo.<\/p>\n<p>Transcurridas 48 horas desde el primer intento de puesta en contacto con la persona ganadora, y en caso de que no responda o no facilite los documentos acreditativos o si se verifica que los datos facilitados son falsos y\/o incorrectos, su participaci\u00f3n quedar\u00e1 descalificada y Adevinta proceder\u00e1 a contactar al primer usuario que figure en la lista de los suplentes. En caso de que sucediera lo mismo con alguno de los suplentes, Adevinta ir\u00eda contactando con los siguientes de la lista hasta obtener respuesta o poder certificar la veracidad de los documentos o datos facilitados.<\/p>\n<p><span style=\"font-weight: 400;\">Una vez confirmado el correspondiente ganador, el Premio ser\u00e1 enviado por correo postal a la direcci\u00f3n que el ganador facilite al inscribirse en el Sorteo, en un plazo de 60 d\u00edas despu\u00e9s de que se haya anunciado su nombre.<\/span><\/p>\n<p>&nbsp;<\/p>\n<h4><span style=\"color: #303abf;\"><b>6. Limitaciones y responsabilidades<\/b><\/span><\/h4>\n<ul>\n<li style=\"font-weight: 400;\" aria-level=\"1\">El Premio es nominativo e intransferible y no podr\u00e1 ser cambiado por su valor en met\u00e1lico.<\/li>\n<li style=\"font-weight: 400;\" aria-level=\"1\">El premio tendr\u00e1 consideraci\u00f3n de art\u00edculo promocional y se proh\u00edbe expresamente la venta del mismo. En caso de incumplimiento por parte del ganador, Fotocasa podr\u00e1 tomar las correspondientes medidas legales ante el incumplimiento de las bases legales por parte del ganador.<\/li>\n<li style=\"font-weight: 400;\" aria-level=\"1\">Ante posibles dudas de interpretaci\u00f3n siempre prevalecer\u00e1 el criterio de Adevinta.<\/li>\n<li style=\"font-weight: 400;\" aria-level=\"1\">Quedan excluidos del Sorteo todos los empleados de Adevinta o de la Agencia y sus familiares directos.<\/li>\n<li style=\"font-weight: 400;\" aria-level=\"1\">Adevinta se reserva el derecho a solicitar a los participantes que aporten la documentaci\u00f3n necesaria para acreditar la veracidad de sus datos. La falta de aportaci\u00f3n de dicha documentaci\u00f3n dar\u00e1 lugar a la imposibilidad de que podamos tramitar tu participaci\u00f3n en el Sorteo.<\/li>\n<li style=\"font-weight: 400;\" aria-level=\"1\">Adevinta se reserva el derecho de modificar las bases del Sorteo, parcial o totalmente en cualquier momento, sin previo aviso. As\u00ed mismo se reserva tambi\u00e9n el derecho a anularlo, a dejar el Premio desiertos o revocarlos en caso de detectarse alguna irregularidad.<\/li>\n<li style=\"font-weight: 400;\" aria-level=\"1\">Adevinta no se hace responsable de los errores en los que incurran los propios participantes al participar en este Sorteo.<\/li>\n<li style=\"font-weight: 400;\" aria-level=\"1\">Las participaciones que no cumplan con el funcionamiento descrito en las presentes bases legales, ser\u00e1n consideradas inv\u00e1lidas y no participaran en el Sorteo.<\/li>\n<li style=\"font-weight: 400;\" aria-level=\"1\">El mero hecho de participar en el Sorteo implica la aceptaci\u00f3n \u00edntegra de las bases de este.<\/li>\n<li style=\"font-weight: 400;\" aria-level=\"1\">En caso de sufrir ataques inform\u00e1ticos que dificulten o impidan la correcta gesti\u00f3n del Sorteo, Adevinta se reserva el derecho de anular el Sorteo.<\/li>\n<li style=\"font-weight: 400;\" aria-level=\"1\">En caso de duda o reclamaci\u00f3n, los participantes del Sorteo podr\u00e1n contactar con Fotocasa trav\u00e9s del siguiente correo electr\u00f3nico: comunicacion@fotocasa.es<\/li>\n<li style=\"font-weight: 400;\" aria-level=\"1\">Adevinta Spain no se responsabiliza de las posibles p\u00e9rdidas, deterioros, robos, retrasos o cualquier otra circunstancia imputable a terceros o a Internet que pudieran afectar a la participaci\u00f3n en el presente Sorteo, as\u00ed como tampoco del uso que haga el ganador respecto del Premio.<\/li>\n<li style=\"font-weight: 400;\" aria-level=\"1\">Asimismo, Adevinta Spain excluye cualquier responsabilidad por los da\u00f1os y perjuicios de toda naturaleza que, a pesar de las medidas de seguridad adoptadas, pudieran deberse a la utilizaci\u00f3n indebida de los servicios y de los contenidos por parte de los participantes, y, en particular, aunque no de forma exclusiva, por los da\u00f1os y perjuicios de toda naturaleza que puedan deberse a la suplantaci\u00f3n de la personalidad de un participante.<\/li>\n<\/ul>\n<p>&nbsp;<\/p>\n<h4><span style=\"color: #303abf;\"><b>7. Datos personales<\/b><\/span><\/h4>\n<p><strong>Responsable del tratamiento: \u00bfQui\u00e9n es el responsable del tratamiento de tus datos?<\/strong><\/p>\n<ul>\n<li>Identidad: Adevinta Spain, S.L.U., con CIF B-83411652 (\u201cAdevinta\u201d)<\/li>\n<li><span style=\"font-weight: 400;\">Domicilio social: C\/ Hernani, 59, 1\u00aa, 28020 Madrid.<\/span><\/li>\n<li><span style=\"font-weight: 400;\">Tel\u00e9fono: 93 576 55 00<\/span><\/li>\n<li><span style=\"font-weight: 400;\">Correo electr\u00f3nico: <\/span><a href=\"mailto:comunicacion@fotocasa.es\"><span style=\"font-weight: 400;\">comunicacion@fotocasa.es<\/span><\/a><\/li>\n<li><span style=\"font-weight: 400;\">Contacto con el Delegado de Protecci\u00f3n de Datos: <\/span><a href=\"mailto:es.privacidad@adevinta.com\"><span style=\"font-weight: 400;\">es.privacidad@adevinta.com<\/span><\/a><span style=\"font-weight: 400;\">\u00a0<\/span><\/li>\n<\/ul>\n<p><strong>Tipolog\u00eda De Datos Que Recabamos Y Finalidades: \u00bfQu\u00e9 datos recopilamos y para qu\u00e9 fines?<\/strong><\/p>\n<p><span style=\"font-weight: 400;\">En caso de resultar ganador, necesitaremos verificar la veracidad de tus datos y proceder a la entrega del Premio, siendo por ello necesario recabar y tratar determinados datos personales adicionales como: correo electr\u00f3nico, tel\u00e9fono, nombre completo, DNI, y direcci\u00f3n postal de entrega del premio.\u00a0<\/span><\/p>\n<p><span style=\"font-weight: 400;\">La finalidad del tratamiento de los datos es tramitar tu participaci\u00f3n en el Sorteo, enviarte comunicaciones electr\u00f3nicas relacionadas con dicha participaci\u00f3n y, en su caso, verificar la veracidad de tus datos y proceder a la entrega del Premio.\u00a0<\/span><\/p>\n<p><strong>Legitimaci\u00f3n: \u00bfCu\u00e1l es la legitimaci\u00f3n para el tratamiento de tus datos?<\/strong><\/p>\n<p><span style=\"font-weight: 400;\">La base legal correspondiente a las finalidades indicadas en el apartado anterior ser\u00e1 la ejecuci\u00f3n del contrato, conforme a las bases legales del Sorteo en el que participes.<\/span><\/p>\n<p><strong>Plazo De Conservaci\u00f3n De Los Datos: \u00bfPor cu\u00e1nto tiempo conservaremos tus datos?<\/strong><\/p>\n<p><span style=\"font-weight: 400;\">Los datos se conservar\u00e1n \u00fanica y exclusivamente durante el tiempo necesario para la gesti\u00f3n del Sorteo, transcurrido este per\u00edodo, los datos ser\u00e1n eliminados. En el caso de resultar ganador, los datos personales se conservar\u00e1n durante la duraci\u00f3n del concurso y el disfrute del Premio, as\u00ed como, en su caso, durante los plazos establecidos en la normativa.<\/span><\/p>\n<p><strong>Destinatarios: \u00bfA qu\u00e9 destinatarios se comunicar\u00e1n tus datos?<\/strong><\/p>\n<p><span style=\"font-weight: 400;\">Tus datos personales no ser\u00e1n comunicados a terceros, salvo en los siguientes supuestos: Tus datos podr\u00e1n ser accedidos por aquellos proveedores que prestan servicios a Adevinta, tales como servicios de alojamiento de contenido, de mensajer\u00eda instant\u00e1nea, de env\u00edo de notificaciones, servicios publicitarios, etc.<\/span><\/p>\n<p><span style=\"font-weight: 400;\">Adevinta ha suscrito los correspondientes contratos de encargo de tratamiento con cada uno de los proveedores que prestan servicios a Adevinta con el objetivo de garantizar que dichos proveedores tratar\u00e1n tus datos de conformidad con lo establecido en la legislaci\u00f3n vigente.<\/span><\/p>\n<p><span style=\"font-weight: 400;\">Tus datos podr\u00e1n compartirse con aquellos terceros que resulte necesario para la organizaci\u00f3n y gesti\u00f3n del sorteo, as\u00ed como terceras entidades contratadas para la gesti\u00f3n del Premio, y autoridades competentes en cumplimiento de obligaciones legales.<\/span><\/p>\n<p><strong>Derechos: \u00bfQu\u00e9 derechos tienes al facilitarnos tus datos y c\u00f3mo puedes ejercerlos?<\/strong><\/p>\n<p><span style=\"font-weight: 400;\">Dispones de los siguientes derechos en materia de protecci\u00f3n de datos:<\/span><\/p>\n<ul>\n<li style=\"font-weight: 400;\" aria-level=\"1\"><b>Acceso<\/b><span style=\"font-weight: 400;\">: puedes obtener confirmaci\u00f3n sobre si en Adevinta estamos tratando datos personales que te conciernan, o no. Asimismo, tienes derecho a acceder a tus datos personales.<\/span><\/li>\n<li style=\"font-weight: 400;\" aria-level=\"1\"><b>Rectificaci\u00f3n<\/b><span style=\"font-weight: 400;\">: puedes solicitar la rectificaci\u00f3n de los datos inexactos.<\/span><\/li>\n<li style=\"font-weight: 400;\" aria-level=\"1\"><b>Supresi\u00f3n:<\/b><span style=\"font-weight: 400;\"> puedes solicitar su supresi\u00f3n cuando, entre otros motivos, los datos ya no sean necesarios para los fines que fueron recogidos.<\/span><\/li>\n<li style=\"font-weight: 400;\" aria-level=\"1\"><b>Limitaci\u00f3n:<\/b><span style=\"font-weight: 400;\"> en determinadas circunstancias, puedes solicitar la limitaci\u00f3n del tratamiento de tus datos, en cuyo caso \u00fanicamente los conservaremos para el ejercicio o la defensa de reclamaciones.<\/span><\/li>\n<li style=\"font-weight: 400;\" aria-level=\"1\"><b>Oposici\u00f3n<\/b><span style=\"font-weight: 400;\">: en determinadas circunstancias y por motivos relacionados con tu situaci\u00f3n particular, puedes oponerte al tratamiento de tus datos. Adevinta Spain dejar\u00e1 de tratar los datos, salvo por motivos leg\u00edtimos imperiosos, o el ejercicio o la defensa de posibles reclamaciones.<\/span><\/li>\n<li style=\"font-weight: 400;\" aria-level=\"1\"><b>Portabilidad<\/b><span style=\"font-weight: 400;\">: puedes ejercer el derecho a la portabilidad de los datos.<\/span><\/li>\n<\/ul>\n<p><span style=\"font-weight: 400;\">Tambi\u00e9n puedes retirar los consentimientos facilitados en cualquier momento sin que ello afecte a la licitud del tratamiento basado en el consentimiento previo a su retirada.<\/span><\/p>\n<p><span style=\"font-weight: 400;\">Si deseas hacer uso de cualquiera de tus derechos puedes dirigirte a nosotros a trav\u00e9s de los correos electr\u00f3nicos indicados en el apartado a).<\/span><\/p>\n<p><span style=\"font-weight: 400;\">Por \u00faltimo, te informamos que puedes dirigirte ante la Agencia Espa\u00f1ola de Protecci\u00f3n de Datos y dem\u00e1s organismos p\u00fablicos competentes para cualquier reclamaci\u00f3n derivada del tratamiento de tus datos personales.<\/span><\/p>\n<p>&nbsp;<\/p>\n<h4><span style=\"color: #303abf;\"><b>8. Derechos de imagen de los ganadores y propiedad intelectual<\/b><\/span><\/h4>\n<p><span style=\"font-weight: 400;\">Los ganadores ceden gratuitamente a Adevinta Spain la utilizaci\u00f3n de su imagen y\/o voz (tanto mediante fotograf\u00edas como su grabaci\u00f3n en imagen y\/o audio), que podr\u00e1 reproducir, distribuir, transformar, y comunicar p\u00fablicamente, as\u00ed como utilizar y difundir sus nombres y apellidos en calidad de ganadores, en cualquier actividad publicitario y\/o promocional relacionada con la presente promoci\u00f3n, todo ello en cualquier medio sin que dichas actividades les confiera derecho de remuneraci\u00f3n, contraprestaci\u00f3n o beneficio econ\u00f3mico alguno con excepci\u00f3n hecha del Premio ganado conforme a las presentes bases. La presente cesi\u00f3n tiene la limitaci\u00f3n de tiempo m\u00e1ximo permitido por la Ley, y sin limitaci\u00f3n de territorio.<\/span><\/p>\n<h4><span style=\"color: #303abf;\"><b>9. Obligaciones fiscales<\/b><\/span><\/h4>\n<p>De conformidad con lo se\u00f1alado en el art 75.2.c) del Real Decreto 439\/2007, de 30 de marzo, por el que se aprueba el Reglamento del Impuesto sobre la Renta de las Personas F\u00edsicas y se modifica el Reglamento de Planes y Fondos de Pensiones, aprobado por Real Decreto 304\/2004, de 20 de febrero, el presente premio econo\u0301mico obtenido en la participacio\u0301n del concurso no est\u00e1 sujeta a retenci\u00f3n, por tener una cuant\u00eda inferior a los 300 euros.<\/p>\n<h4><span style=\"color: #303abf;\"><b>10. Legislaci\u00f3n aplicable y jurisdicci\u00f3n<\/b><\/span><\/h4>\n<p><span style=\"font-weight: 400;\">Las bases del presente Sorteo est\u00e1n sujetas a la legislaci\u00f3n espa\u00f1ola y a la jurisdicci\u00f3n exclusiva de los tribunales de la ciudad de Barcelona.<\/span><\/p>\n","protected":false},"excerpt":{"rendered":"<p>1. Datos identificativos del Organizador ADEVINTA SPAIN, S.L.U. (en adelante, \u201cAdevinta o el Organizador\u201d) con domicilio en Calle Hernani 59, plantas 1\u00aa, CP 28020, Madrid, Espa\u00f1a, con NIF: B-8411652, y titular, entre otros, del portal www.fotocasa.es (en adelante, \u201cFotocasa\u201d), que realizar\u00e1 el sorteo conforme se especifica en estas bases legales. La gesti\u00f3n del presente Sorteo&#8230;<\/p>\n","protected":false},"author":3,"featured_media":0,"parent":0,"menu_order":0,"comment_status":"closed","ping_status":"closed","template":"","meta":{"_lmt_disableupdate":"yes","_lmt_disable":"","footnotes":""},"class_list":["post-88419","page","type-page","status-publish","hentry"],"_links":{"self":[{"href":"https:\/\/www.fotocasa.es\/fotocasa-life\/wp-json\/wp\/v2\/pages\/88419","targetHints":{"allow":["GET"]}}],"collection":[{"href":"https:\/\/www.fotocasa.es\/fotocasa-life\/wp-json\/wp\/v2\/pages"}],"about":[{"href":"https:\/\/www.fotocasa.es\/fotocasa-life\/wp-json\/wp\/v2\/types\/page"}],"author":[{"embeddable":true,"href":"https:\/\/www.fotocasa.es\/fotocasa-life\/wp-json\/wp\/v2\/users\/3"}],"replies":[{"embeddable":true,"href":"https:\/\/www.fotocasa.es\/fotocasa-life\/wp-json\/wp\/v2\/comments?post=88419"}],"version-history":[{"count":0,"href":"https:\/\/www.fotocasa.es\/fotocasa-life\/wp-json\/wp\/v2\/pages\/88419\/revisions"}],"wp:attachment":[{"href":"https:\/\/www.fotocasa.es\/fotocasa-life\/wp-json\/wp\/v2\/media?parent=88419"}],"curies":[{"name":"wp","href":"https:\/\/api.w.org\/{rel}","templated":true}]}}