{"id":85791,"date":"2023-10-10T17:52:46","date_gmt":"2023-10-10T15:52:46","guid":{"rendered":"https:\/\/www.fotocasa.es\/fotocasa-life\/?page_id=85791"},"modified":"2023-11-07T12:56:09","modified_gmt":"2023-11-07T11:56:09","slug":"integridad-editorial","status":"publish","type":"page","link":"https:\/\/www.fotocasa.es\/fotocasa-life\/integridad-editorial\/","title":{"rendered":"Integridad editorial Fotocasa Life"},"content":{"rendered":"<p>Desde <strong><a href=\"https:\/\/www.fotocasa.es\/fotocasa-life\/\" target=\"_blank\" rel=\"noopener\">Fotocasa Life<\/a><\/strong> queremos <strong>ofrecerte informaci\u00f3n de inter\u00e9s sobre el sector inmobiliario<\/strong> y todos los procesos de comprar, vender o alquilar una vivienda.<\/p>\n<p>Sabemos que el sector inmobiliario puede ser complicado a veces, ya que requiere conocer leyes, impuestos, tr\u00e1mites, financiaci\u00f3n y un sinf\u00edn de componentes que afectan a una de las decisiones m\u00e1s relevantes de nuestra vida.<strong> Estamos aqu\u00ed para ayudarte.<\/strong><\/p>\n<h2>Expertos en el sector inmobiliario<\/h2>\n<p>Para poder serte \u00fatil, desde Fotocasa Life <strong>contamos con especialistas, profesionales, analistas y expertos<\/strong> en todos los campos que afectan al mercado de la vivienda. Acudimos a fuentes oficiales y a estudios propios de la mano de <strong><a href=\"https:\/\/research.fotocasa.es\/\" target=\"_blank\" rel=\"noopener\">Fotocasa Research<\/a><\/strong> para ofrecer<strong> informaci\u00f3n de calidad y creado por personas<\/strong>.<\/p>\n<p>Desde Fotocasa Life escribimos para poder <strong>resolver dudas, explicar procesos o analizar c\u00f3mo normativas y leyes podr\u00edan afectarte<\/strong> como particular que busca comprar, vender o alquilar una vivienda.<\/p>\n<p><strong>Revisamos, auditamos, complementamos y actualizamos continuamente la informaci\u00f3n<\/strong> de nuestros art\u00edculos con personas, Ebooks, calculadoras y dem\u00e1s herramientas del blog para que siempre encuentres la informaci\u00f3n m\u00e1s actual en todo momento.<\/p>\n<p>Nuestros art\u00edculos est\u00e1n escritos por personas profesionales del sector para redactar nuestros contenidos. Si utiliz\u00e1semos una Inteligencia Artificial para crear contenido, siempre lo indicaremos.<\/p>\n<h2>\u00bfQu\u00e9 informaci\u00f3n encontrar\u00e1s en el blog de Fotocasa?<\/h2>\n<p>En el blog Fotocasa Life encontrar\u00e1s informaci\u00f3n sobre el proceso de comprar, vender o alquilar para resolver tus dudas de manera sencilla. Adem\u00e1s, tambi\u00e9n podr\u00e1s encontrar informaci\u00f3n relacionada sobre las<strong> novedades del sector, an\u00e1lisis de expertos sobre el mundo inmobiliario y todos los temas relacionados con la vivienda<\/strong> como financiaci\u00f3n, fiscalidad, normativas o tr\u00e1mites, entre otros.<\/p>\n<p>Fotocasa Life ha sido premiado como <strong><a href=\"https:\/\/www.fotocasa.es\/fotocasa-life\/fotocasa\/fotocasa-life-ganador-del-premio-a-mejor-blog-por-los-web-awards-2023\/\" target=\"_blank\" rel=\"noopener\">Mejor Blog 2023 por los Web Awards<\/a><\/strong>, un premio a nivel mundial donde se analiza la excelencia de las p\u00e1ginas web de m\u00e1s de 90 categor\u00edas. Este reconocimiento es un testimonio del continuo esfuerzo de Fotocasa con la entrega de contenido de calidad a todas las personas que visitan nuestro blog. Nuestro equipo de expertos y profesionales trabaja cada d\u00eda para ofrecer temas relevantes, de actualidad y de ayuda para todas aquellas personas que tengan dudas sobre vivienda.<\/p>\n<h2>Fuentes oficiales que utilizamos como referencia<\/h2>\n<p>Para que sepas de d\u00f3nde viene la informaci\u00f3n, te dejamos una lista con las fuentes oficiales que utilizamos para nuestros datos. Adem\u00e1s, nuestros editores y expertos siempre nombrar\u00e1n<strong> la fuente desde donde extraemos cada dato para cada art\u00edculo.<\/strong><\/p>\n<ul>\n<li>Fotocasa Research<\/li>\n<li>Bolet\u00edn Oficial del Estado (BOE)<\/li>\n<li>Bolet\u00edn Oficial de cada Comunidad Aut\u00f3noma, provinciales y de las diputaciones<\/li>\n<li>Ley 12\/2023, de 24 de mayo, por el derecho a la vivienda<\/li>\n<li>Ley 29\/1994, de 24 de noviembre, de Arrendamientos Urbanos<\/li>\n<li>Ley 49\/1960, de 21 de julio, sobre propiedad horizontal<\/li>\n<li>Decreto de 8 de febrero de 1946 por el que se aprueba la nueva redacci\u00f3n oficial de la Ley Hipotecaria<\/li>\n<li>C\u00f3digo Civil<\/li>\n<li>La Moncloa<\/li>\n<li>Ministerio de Transportes, Movilidad y Agenda Urbana<\/li>\n<li>Ministerio de Hacienda y Funci\u00f3n P\u00fablica<\/li>\n<li>Ministerio de Asuntos Econ\u00f3micos y Transformaci\u00f3n Digital<\/li>\n<li>Ministerio de Transici\u00f3n Ecol\u00f3gica y Reto Demogr\u00e1fico<\/li>\n<li>Instituto Nacional de Estad\u00edstica<\/li>\n<li>Banco de Espa\u00f1a<\/li>\n<li>Banco Central Europeo<\/li>\n<li>Registradores de Espa\u00f1a<\/li>\n<li>Consejo General del Notariado<\/li>\n<li>Central de Investigaciones Sociol\u00f3gicas (CIS)<\/li>\n<li>Diario Oficial de la Uni\u00f3n Europea<\/li>\n<li>Eurostat<\/li>\n<li>Comisi\u00f3n Europea<\/li>\n<\/ul>\n","protected":false},"excerpt":{"rendered":"<p>Desde Fotocasa Life queremos ofrecerte informaci\u00f3n de inter\u00e9s sobre el sector inmobiliario y todos los procesos de comprar, vender o alquilar una vivienda. Sabemos que el sector inmobiliario puede ser complicado a veces, ya que requiere conocer leyes, impuestos, tr\u00e1mites, financiaci\u00f3n y un sinf\u00edn de componentes que afectan a una de las decisiones m\u00e1s relevantes&#8230;<\/p>\n","protected":false},"author":152,"featured_media":0,"parent":0,"menu_order":0,"comment_status":"closed","ping_status":"closed","template":"","meta":{"_lmt_disableupdate":"yes","_lmt_disable":"","footnotes":""},"class_list":["post-85791","page","type-page","status-publish","hentry"],"_links":{"self":[{"href":"https:\/\/www.fotocasa.es\/fotocasa-life\/wp-json\/wp\/v2\/pages\/85791","targetHints":{"allow":["GET"]}}],"collection":[{"href":"https:\/\/www.fotocasa.es\/fotocasa-life\/wp-json\/wp\/v2\/pages"}],"about":[{"href":"https:\/\/www.fotocasa.es\/fotocasa-life\/wp-json\/wp\/v2\/types\/page"}],"author":[{"embeddable":true,"href":"https:\/\/www.fotocasa.es\/fotocasa-life\/wp-json\/wp\/v2\/users\/152"}],"replies":[{"embeddable":true,"href":"https:\/\/www.fotocasa.es\/fotocasa-life\/wp-json\/wp\/v2\/comments?post=85791"}],"version-history":[{"count":0,"href":"https:\/\/www.fotocasa.es\/fotocasa-life\/wp-json\/wp\/v2\/pages\/85791\/revisions"}],"wp:attachment":[{"href":"https:\/\/www.fotocasa.es\/fotocasa-life\/wp-json\/wp\/v2\/media?parent=85791"}],"curies":[{"name":"wp","href":"https:\/\/api.w.org\/{rel}","templated":true}]}}